{"id":4096,"date":"2023-11-08T13:57:35","date_gmt":"2023-11-09T11:46:28","guid":{"rendered":"https:\/\/bihortal.bio\/tienda\/non class\u00e9\/creme-de-courgettes\/"},"modified":"2023-11-09T12:46:28","modified_gmt":"2023-11-09T11:46:28","slug":"creme-de-courgettes","status":"publish","type":"product","link":"https:\/\/bihortal.bio\/fr\/tienda\/plats-cuisines\/creme-de-courgettes\/","title":{"rendered":"Cr\u00e8me de courgettes"},"content":{"rendered":"<p>La cr\u00e8me de courgettes est une soupe \u00e0 servir chaude, compos\u00e9e de divers l\u00e9gumes comme la courgette, la pomme de terre, l&rsquo;oignon et le persil, ainsi que d&rsquo;huile d&rsquo;olive. En raison de sa teneur \u00e9lev\u00e9e en courgettes, cette cr\u00e8me est un aliment antioxydant riche en fibres ainsi qu&rsquo;en vitamine C, vitamine du groupe B3 et provitamine A. Bihortal est une marque de tr\u00e8s haute qualit\u00e9 qui utilise une grande quantit\u00e9 de l\u00e9gumes et une consommation mod\u00e9r\u00e9e d&rsquo;eau. pour que la saveur de nos recettes soit au go\u00fbt des plus grands palais. <\/p>\n<h3>Ingr\u00e9dients<\/h3>\n<p>Courgettes (55%), pomme de terre, oignon, persil, huile d&rsquo;olive extra vierge (1,4%), sel marin.<\/p>\n","protected":false},"excerpt":{"rendered":"<p>La cr\u00e8me de courgettes est une soupe \u00e0 servir chaude, compos\u00e9e de divers l\u00e9gumes comme la courgette, la pomme de terre, l&rsquo;oignon et le persil, ainsi que d&rsquo;huile d&rsquo;olive. En raison de sa teneur \u00e9lev\u00e9e en courgettes, cette cr\u00e8me est un aliment antioxydant riche en&#8230;<\/p>\n","protected":false},"featured_media":3638,"comment_status":"open","ping_status":"closed","template":"","meta":[],"product_brand":[],"product_cat":[309],"product_tag":[],"class_list":{"0":"post-4096","1":"product","2":"type-product","3":"status-publish","4":"has-post-thumbnail","6":"product_cat-plats-cuisines","8":"first","9":"instock","10":"taxable","11":"shipping-taxable","12":"purchasable","13":"product-type-simple"},"yoast_head":"<!-- This site is optimized with the Yoast SEO plugin v26.5 - https:\/\/yoast.com\/wordpress\/plugins\/seo\/ -->\n<title>Cr\u00e8me de courgettes - Bihortal<\/title>\n<meta name=\"robots\" content=\"index, follow, max-snippet:-1, max-image-preview:large, max-video-preview:-1\" \/>\n<link rel=\"canonical\" href=\"https:\/\/bihortal.bio\/tienda\/non%20class\u00e9\/creme-de-courgettes\/\" \/>\n<meta property=\"og:locale\" content=\"fr_FR\" \/>\n<meta property=\"og:type\" content=\"article\" \/>\n<meta property=\"og:title\" content=\"Cr\u00e8me de courgettes - Bihortal\" \/>\n<meta property=\"og:description\" content=\"La cr\u00e8me de courgettes est une soupe \u00e0 servir chaude, compos\u00e9e de divers l\u00e9gumes comme la courgette, la pomme de terre, l&rsquo;oignon et le persil, ainsi que d&rsquo;huile d&rsquo;olive. En raison de sa teneur \u00e9lev\u00e9e en courgettes, cette cr\u00e8me est un aliment antioxydant riche en...\" \/>\n<meta property=\"og:url\" content=\"https:\/\/bihortal.bio\/tienda\/non class\u00e9\/creme-de-courgettes\/\" \/>\n<meta property=\"og:site_name\" content=\"Bihortal\" \/>\n<meta name=\"twitter:card\" content=\"summary_large_image\" \/>\n<meta name=\"twitter:label1\" content=\"Dur\u00e9e de lecture estim\u00e9e\" \/>\n\t<meta name=\"twitter:data1\" content=\"1 minute\" \/>\n<script type=\"application\/ld+json\" class=\"yoast-schema-graph\">{\"@context\":\"https:\/\/schema.org\",\"@graph\":[{\"@type\":\"WebPage\",\"@id\":\"https:\/\/bihortal.bio\/tienda\/non class\u00e9\/creme-de-courgettes\/\",\"url\":\"https:\/\/bihortal.bio\/tienda\/non class\u00e9\/creme-de-courgettes\/\",\"name\":\"Cr\u00e8me de courgettes - Bihortal\",\"isPartOf\":{\"@id\":\"https:\/\/bihortal.bio\/en\/#website\"},\"primaryImageOfPage\":{\"@id\":\"https:\/\/bihortal.bio\/tienda\/non class\u00e9\/creme-de-courgettes\/#primaryimage\"},\"image\":{\"@id\":\"https:\/\/bihortal.bio\/tienda\/non class\u00e9\/creme-de-courgettes\/#primaryimage\"},\"thumbnailUrl\":\"https:\/\/bihortal.bio\/wp-content\/uploads\/2023\/11\/Crema-calabacC3Adn.jpg\",\"datePublished\":\"2023-11-09T11:46:28+00:00\",\"breadcrumb\":{\"@id\":\"https:\/\/bihortal.bio\/tienda\/non class\u00e9\/creme-de-courgettes\/#breadcrumb\"},\"inLanguage\":\"fr-FR\",\"potentialAction\":[{\"@type\":\"ReadAction\",\"target\":[\"https:\/\/bihortal.bio\/tienda\/non class\u00e9\/creme-de-courgettes\/\"]}]},{\"@type\":\"ImageObject\",\"inLanguage\":\"fr-FR\",\"@id\":\"https:\/\/bihortal.bio\/tienda\/non class\u00e9\/creme-de-courgettes\/#primaryimage\",\"url\":\"https:\/\/bihortal.bio\/wp-content\/uploads\/2023\/11\/Crema-calabacC3Adn.jpg\",\"contentUrl\":\"https:\/\/bihortal.bio\/wp-content\/uploads\/2023\/11\/Crema-calabacC3Adn.jpg\",\"width\":800,\"height\":1200},{\"@type\":\"BreadcrumbList\",\"@id\":\"https:\/\/bihortal.bio\/tienda\/non class\u00e9\/creme-de-courgettes\/#breadcrumb\",\"itemListElement\":[{\"@type\":\"ListItem\",\"position\":1,\"name\":\"Portada\",\"item\":\"https:\/\/bihortal.bio\/fr\/\"},{\"@type\":\"ListItem\",\"position\":2,\"name\":\"Boutique\",\"item\":\"https:\/\/bihortal.bio\/fr\/boutique\/\"},{\"@type\":\"ListItem\",\"position\":3,\"name\":\"Cr\u00e8me de courgettes\"}]},{\"@type\":\"WebSite\",\"@id\":\"https:\/\/bihortal.bio\/en\/#website\",\"url\":\"https:\/\/bihortal.bio\/en\/\",\"name\":\"Bihortal\",\"description\":\"Conservas ecol\u00f3gicas de calidad\",\"potentialAction\":[{\"@type\":\"SearchAction\",\"target\":{\"@type\":\"EntryPoint\",\"urlTemplate\":\"https:\/\/bihortal.bio\/en\/?s={search_term_string}\"},\"query-input\":{\"@type\":\"PropertyValueSpecification\",\"valueRequired\":true,\"valueName\":\"search_term_string\"}}],\"inLanguage\":\"fr-FR\"}]}<\/script>\n<!-- \/ Yoast SEO plugin. -->","yoast_head_json":{"title":"Cr\u00e8me de courgettes - Bihortal","robots":{"index":"index","follow":"follow","max-snippet":"max-snippet:-1","max-image-preview":"max-image-preview:large","max-video-preview":"max-video-preview:-1"},"canonical":"https:\/\/bihortal.bio\/tienda\/non class\u00e9\/creme-de-courgettes\/","og_locale":"fr_FR","og_type":"article","og_title":"Cr\u00e8me de courgettes - Bihortal","og_description":"La cr\u00e8me de courgettes est une soupe \u00e0 servir chaude, compos\u00e9e de divers l\u00e9gumes comme la courgette, la pomme de terre, l&rsquo;oignon et le persil, ainsi que d&rsquo;huile d&rsquo;olive. En raison de sa teneur \u00e9lev\u00e9e en courgettes, cette cr\u00e8me est un aliment antioxydant riche en...","og_url":"https:\/\/bihortal.bio\/tienda\/non class\u00e9\/creme-de-courgettes\/","og_site_name":"Bihortal","twitter_card":"summary_large_image","twitter_misc":{"Dur\u00e9e de lecture estim\u00e9e":"1 minute"},"schema":{"@context":"https:\/\/schema.org","@graph":[{"@type":"WebPage","@id":"https:\/\/bihortal.bio\/tienda\/non class\u00e9\/creme-de-courgettes\/","url":"https:\/\/bihortal.bio\/tienda\/non class\u00e9\/creme-de-courgettes\/","name":"Cr\u00e8me de courgettes - Bihortal","isPartOf":{"@id":"https:\/\/bihortal.bio\/en\/#website"},"primaryImageOfPage":{"@id":"https:\/\/bihortal.bio\/tienda\/non class\u00e9\/creme-de-courgettes\/#primaryimage"},"image":{"@id":"https:\/\/bihortal.bio\/tienda\/non class\u00e9\/creme-de-courgettes\/#primaryimage"},"thumbnailUrl":"https:\/\/bihortal.bio\/wp-content\/uploads\/2023\/11\/Crema-calabacC3Adn.jpg","datePublished":"2023-11-09T11:46:28+00:00","breadcrumb":{"@id":"https:\/\/bihortal.bio\/tienda\/non class\u00e9\/creme-de-courgettes\/#breadcrumb"},"inLanguage":"fr-FR","potentialAction":[{"@type":"ReadAction","target":["https:\/\/bihortal.bio\/tienda\/non class\u00e9\/creme-de-courgettes\/"]}]},{"@type":"ImageObject","inLanguage":"fr-FR","@id":"https:\/\/bihortal.bio\/tienda\/non class\u00e9\/creme-de-courgettes\/#primaryimage","url":"https:\/\/bihortal.bio\/wp-content\/uploads\/2023\/11\/Crema-calabacC3Adn.jpg","contentUrl":"https:\/\/bihortal.bio\/wp-content\/uploads\/2023\/11\/Crema-calabacC3Adn.jpg","width":800,"height":1200},{"@type":"BreadcrumbList","@id":"https:\/\/bihortal.bio\/tienda\/non class\u00e9\/creme-de-courgettes\/#breadcrumb","itemListElement":[{"@type":"ListItem","position":1,"name":"Portada","item":"https:\/\/bihortal.bio\/fr\/"},{"@type":"ListItem","position":2,"name":"Boutique","item":"https:\/\/bihortal.bio\/fr\/boutique\/"},{"@type":"ListItem","position":3,"name":"Cr\u00e8me de courgettes"}]},{"@type":"WebSite","@id":"https:\/\/bihortal.bio\/en\/#website","url":"https:\/\/bihortal.bio\/en\/","name":"Bihortal","description":"Conservas ecol\u00f3gicas de calidad","potentialAction":[{"@type":"SearchAction","target":{"@type":"EntryPoint","urlTemplate":"https:\/\/bihortal.bio\/en\/?s={search_term_string}"},"query-input":{"@type":"PropertyValueSpecification","valueRequired":true,"valueName":"search_term_string"}}],"inLanguage":"fr-FR"}]}},"_links":{"self":[{"href":"https:\/\/bihortal.bio\/fr\/wp-json\/wp\/v2\/product\/4096","targetHints":{"allow":["GET"]}}],"collection":[{"href":"https:\/\/bihortal.bio\/fr\/wp-json\/wp\/v2\/product"}],"about":[{"href":"https:\/\/bihortal.bio\/fr\/wp-json\/wp\/v2\/types\/product"}],"replies":[{"embeddable":true,"href":"https:\/\/bihortal.bio\/fr\/wp-json\/wp\/v2\/comments?post=4096"}],"wp:featuredmedia":[{"embeddable":true,"href":"https:\/\/bihortal.bio\/fr\/wp-json\/wp\/v2\/media\/3638"}],"wp:attachment":[{"href":"https:\/\/bihortal.bio\/fr\/wp-json\/wp\/v2\/media?parent=4096"}],"wp:term":[{"taxonomy":"product_brand","embeddable":true,"href":"https:\/\/bihortal.bio\/fr\/wp-json\/wp\/v2\/product_brand?post=4096"},{"taxonomy":"product_cat","embeddable":true,"href":"https:\/\/bihortal.bio\/fr\/wp-json\/wp\/v2\/product_cat?post=4096"},{"taxonomy":"product_tag","embeddable":true,"href":"https:\/\/bihortal.bio\/fr\/wp-json\/wp\/v2\/product_tag?post=4096"}],"curies":[{"name":"wp","href":"https:\/\/api.w.org\/{rel}","templated":true}]}}