{"id":4093,"date":"2023-11-08T13:57:35","date_gmt":"2023-11-09T11:43:14","guid":{"rendered":"https:\/\/bihortal.bio\/tienda\/non class\u00e9\/creme-de-potiron\/"},"modified":"2023-11-09T12:43:14","modified_gmt":"2023-11-09T11:43:14","slug":"creme-de-potiron","status":"publish","type":"product","link":"https:\/\/bihortal.bio\/fr\/tienda\/plats-cuisines\/creme-de-potiron\/","title":{"rendered":"cr\u00e8me de potiron"},"content":{"rendered":"<p>La cr\u00e8me de potiron est une soupe \u00e0 servir chaude, \u00e0 base de divers l\u00e9gumes comme le potiron, la pomme de terre, l&rsquo;oignon, ainsi que d&rsquo;huile d&rsquo;olive extra vierge. En raison de sa forte teneur en citrouille, cette cr\u00e8me est un aliment diur\u00e9tique riche en fibres, en acides amin\u00e9s ainsi qu&rsquo;en vitamines A et C. Elle est fortement recommand\u00e9e en cas d&rsquo;ob\u00e9sit\u00e9 en raison de son faible pouvoir calorifique. Bihortal est une marque de tr\u00e8s haute qualit\u00e9 qui utilise une grande quantit\u00e9 de l\u00e9gumes et une consommation mod\u00e9r\u00e9e d&rsquo;eau pour que la saveur de nos recettes soit au go\u00fbt des palais les plus exigeants.<\/p>\n<h3>Ingr\u00e9dients<\/h3>\n<p>Citrouille, pomme de terre, oignon, huile d&rsquo;olive extra vierge, sel marin, ail.<\/p>\n","protected":false},"excerpt":{"rendered":"<p>La cr\u00e8me de potiron est une soupe \u00e0 servir chaude, \u00e0 base de divers l\u00e9gumes comme le potiron, la pomme de terre, l&rsquo;oignon, ainsi que d&rsquo;huile d&rsquo;olive extra vierge. En raison de sa forte teneur en citrouille, cette cr\u00e8me est un aliment diur\u00e9tique riche en&#8230;<\/p>\n","protected":false},"featured_media":3642,"comment_status":"open","ping_status":"closed","template":"","meta":[],"product_brand":[],"product_cat":[309],"product_tag":[],"class_list":{"0":"post-4093","1":"product","2":"type-product","3":"status-publish","4":"has-post-thumbnail","6":"product_cat-plats-cuisines","8":"first","9":"instock","10":"taxable","11":"shipping-taxable","12":"purchasable","13":"product-type-simple"},"yoast_head":"<!-- This site is optimized with the Yoast SEO plugin v26.5 - https:\/\/yoast.com\/wordpress\/plugins\/seo\/ -->\n<title>cr\u00e8me de potiron - Bihortal<\/title>\n<meta name=\"robots\" content=\"index, follow, max-snippet:-1, max-image-preview:large, max-video-preview:-1\" \/>\n<link rel=\"canonical\" href=\"https:\/\/bihortal.bio\/tienda\/non%20class\u00e9\/creme-de-potiron\/\" \/>\n<meta property=\"og:locale\" content=\"fr_FR\" \/>\n<meta property=\"og:type\" content=\"article\" \/>\n<meta property=\"og:title\" content=\"cr\u00e8me de potiron - Bihortal\" \/>\n<meta property=\"og:description\" content=\"La cr\u00e8me de potiron est une soupe \u00e0 servir chaude, \u00e0 base de divers l\u00e9gumes comme le potiron, la pomme de terre, l&rsquo;oignon, ainsi que d&rsquo;huile d&rsquo;olive extra vierge. En raison de sa forte teneur en citrouille, cette cr\u00e8me est un aliment diur\u00e9tique riche en...\" \/>\n<meta property=\"og:url\" content=\"https:\/\/bihortal.bio\/tienda\/non class\u00e9\/creme-de-potiron\/\" \/>\n<meta property=\"og:site_name\" content=\"Bihortal\" \/>\n<meta name=\"twitter:card\" content=\"summary_large_image\" \/>\n<meta name=\"twitter:label1\" content=\"Dur\u00e9e de lecture estim\u00e9e\" \/>\n\t<meta name=\"twitter:data1\" content=\"1 minute\" \/>\n<script type=\"application\/ld+json\" class=\"yoast-schema-graph\">{\"@context\":\"https:\/\/schema.org\",\"@graph\":[{\"@type\":\"WebPage\",\"@id\":\"https:\/\/bihortal.bio\/tienda\/non class\u00e9\/creme-de-potiron\/\",\"url\":\"https:\/\/bihortal.bio\/tienda\/non class\u00e9\/creme-de-potiron\/\",\"name\":\"cr\u00e8me de potiron - Bihortal\",\"isPartOf\":{\"@id\":\"https:\/\/bihortal.bio\/en\/#website\"},\"primaryImageOfPage\":{\"@id\":\"https:\/\/bihortal.bio\/tienda\/non class\u00e9\/creme-de-potiron\/#primaryimage\"},\"image\":{\"@id\":\"https:\/\/bihortal.bio\/tienda\/non class\u00e9\/creme-de-potiron\/#primaryimage\"},\"thumbnailUrl\":\"https:\/\/bihortal.bio\/wp-content\/uploads\/2023\/11\/Crema-calabaza.jpg\",\"datePublished\":\"2023-11-09T11:43:14+00:00\",\"breadcrumb\":{\"@id\":\"https:\/\/bihortal.bio\/tienda\/non class\u00e9\/creme-de-potiron\/#breadcrumb\"},\"inLanguage\":\"fr-FR\",\"potentialAction\":[{\"@type\":\"ReadAction\",\"target\":[\"https:\/\/bihortal.bio\/tienda\/non class\u00e9\/creme-de-potiron\/\"]}]},{\"@type\":\"ImageObject\",\"inLanguage\":\"fr-FR\",\"@id\":\"https:\/\/bihortal.bio\/tienda\/non class\u00e9\/creme-de-potiron\/#primaryimage\",\"url\":\"https:\/\/bihortal.bio\/wp-content\/uploads\/2023\/11\/Crema-calabaza.jpg\",\"contentUrl\":\"https:\/\/bihortal.bio\/wp-content\/uploads\/2023\/11\/Crema-calabaza.jpg\",\"width\":800,\"height\":1200},{\"@type\":\"BreadcrumbList\",\"@id\":\"https:\/\/bihortal.bio\/tienda\/non class\u00e9\/creme-de-potiron\/#breadcrumb\",\"itemListElement\":[{\"@type\":\"ListItem\",\"position\":1,\"name\":\"Portada\",\"item\":\"https:\/\/bihortal.bio\/fr\/\"},{\"@type\":\"ListItem\",\"position\":2,\"name\":\"Boutique\",\"item\":\"https:\/\/bihortal.bio\/fr\/boutique\/\"},{\"@type\":\"ListItem\",\"position\":3,\"name\":\"cr\u00e8me de potiron\"}]},{\"@type\":\"WebSite\",\"@id\":\"https:\/\/bihortal.bio\/en\/#website\",\"url\":\"https:\/\/bihortal.bio\/en\/\",\"name\":\"Bihortal\",\"description\":\"Conservas ecol\u00f3gicas de calidad\",\"potentialAction\":[{\"@type\":\"SearchAction\",\"target\":{\"@type\":\"EntryPoint\",\"urlTemplate\":\"https:\/\/bihortal.bio\/en\/?s={search_term_string}\"},\"query-input\":{\"@type\":\"PropertyValueSpecification\",\"valueRequired\":true,\"valueName\":\"search_term_string\"}}],\"inLanguage\":\"fr-FR\"}]}<\/script>\n<!-- \/ Yoast SEO plugin. -->","yoast_head_json":{"title":"cr\u00e8me de potiron - Bihortal","robots":{"index":"index","follow":"follow","max-snippet":"max-snippet:-1","max-image-preview":"max-image-preview:large","max-video-preview":"max-video-preview:-1"},"canonical":"https:\/\/bihortal.bio\/tienda\/non class\u00e9\/creme-de-potiron\/","og_locale":"fr_FR","og_type":"article","og_title":"cr\u00e8me de potiron - Bihortal","og_description":"La cr\u00e8me de potiron est une soupe \u00e0 servir chaude, \u00e0 base de divers l\u00e9gumes comme le potiron, la pomme de terre, l&rsquo;oignon, ainsi que d&rsquo;huile d&rsquo;olive extra vierge. En raison de sa forte teneur en citrouille, cette cr\u00e8me est un aliment diur\u00e9tique riche en...","og_url":"https:\/\/bihortal.bio\/tienda\/non class\u00e9\/creme-de-potiron\/","og_site_name":"Bihortal","twitter_card":"summary_large_image","twitter_misc":{"Dur\u00e9e de lecture estim\u00e9e":"1 minute"},"schema":{"@context":"https:\/\/schema.org","@graph":[{"@type":"WebPage","@id":"https:\/\/bihortal.bio\/tienda\/non class\u00e9\/creme-de-potiron\/","url":"https:\/\/bihortal.bio\/tienda\/non class\u00e9\/creme-de-potiron\/","name":"cr\u00e8me de potiron - Bihortal","isPartOf":{"@id":"https:\/\/bihortal.bio\/en\/#website"},"primaryImageOfPage":{"@id":"https:\/\/bihortal.bio\/tienda\/non class\u00e9\/creme-de-potiron\/#primaryimage"},"image":{"@id":"https:\/\/bihortal.bio\/tienda\/non class\u00e9\/creme-de-potiron\/#primaryimage"},"thumbnailUrl":"https:\/\/bihortal.bio\/wp-content\/uploads\/2023\/11\/Crema-calabaza.jpg","datePublished":"2023-11-09T11:43:14+00:00","breadcrumb":{"@id":"https:\/\/bihortal.bio\/tienda\/non class\u00e9\/creme-de-potiron\/#breadcrumb"},"inLanguage":"fr-FR","potentialAction":[{"@type":"ReadAction","target":["https:\/\/bihortal.bio\/tienda\/non class\u00e9\/creme-de-potiron\/"]}]},{"@type":"ImageObject","inLanguage":"fr-FR","@id":"https:\/\/bihortal.bio\/tienda\/non class\u00e9\/creme-de-potiron\/#primaryimage","url":"https:\/\/bihortal.bio\/wp-content\/uploads\/2023\/11\/Crema-calabaza.jpg","contentUrl":"https:\/\/bihortal.bio\/wp-content\/uploads\/2023\/11\/Crema-calabaza.jpg","width":800,"height":1200},{"@type":"BreadcrumbList","@id":"https:\/\/bihortal.bio\/tienda\/non class\u00e9\/creme-de-potiron\/#breadcrumb","itemListElement":[{"@type":"ListItem","position":1,"name":"Portada","item":"https:\/\/bihortal.bio\/fr\/"},{"@type":"ListItem","position":2,"name":"Boutique","item":"https:\/\/bihortal.bio\/fr\/boutique\/"},{"@type":"ListItem","position":3,"name":"cr\u00e8me de potiron"}]},{"@type":"WebSite","@id":"https:\/\/bihortal.bio\/en\/#website","url":"https:\/\/bihortal.bio\/en\/","name":"Bihortal","description":"Conservas ecol\u00f3gicas de calidad","potentialAction":[{"@type":"SearchAction","target":{"@type":"EntryPoint","urlTemplate":"https:\/\/bihortal.bio\/en\/?s={search_term_string}"},"query-input":{"@type":"PropertyValueSpecification","valueRequired":true,"valueName":"search_term_string"}}],"inLanguage":"fr-FR"}]}},"_links":{"self":[{"href":"https:\/\/bihortal.bio\/fr\/wp-json\/wp\/v2\/product\/4093","targetHints":{"allow":["GET"]}}],"collection":[{"href":"https:\/\/bihortal.bio\/fr\/wp-json\/wp\/v2\/product"}],"about":[{"href":"https:\/\/bihortal.bio\/fr\/wp-json\/wp\/v2\/types\/product"}],"replies":[{"embeddable":true,"href":"https:\/\/bihortal.bio\/fr\/wp-json\/wp\/v2\/comments?post=4093"}],"wp:featuredmedia":[{"embeddable":true,"href":"https:\/\/bihortal.bio\/fr\/wp-json\/wp\/v2\/media\/3642"}],"wp:attachment":[{"href":"https:\/\/bihortal.bio\/fr\/wp-json\/wp\/v2\/media?parent=4093"}],"wp:term":[{"taxonomy":"product_brand","embeddable":true,"href":"https:\/\/bihortal.bio\/fr\/wp-json\/wp\/v2\/product_brand?post=4093"},{"taxonomy":"product_cat","embeddable":true,"href":"https:\/\/bihortal.bio\/fr\/wp-json\/wp\/v2\/product_cat?post=4093"},{"taxonomy":"product_tag","embeddable":true,"href":"https:\/\/bihortal.bio\/fr\/wp-json\/wp\/v2\/product_tag?post=4093"}],"curies":[{"name":"wp","href":"https:\/\/api.w.org\/{rel}","templated":true}]}}