{"id":4084,"date":"2023-11-08T13:57:36","date_gmt":"2023-11-09T11:35:28","guid":{"rendered":"https:\/\/bihortal.bio\/tienda\/non class\u00e9\/gaspacho-andalou\/"},"modified":"2023-11-09T12:35:28","modified_gmt":"2023-11-09T11:35:28","slug":"gaspacho-andalou","status":"publish","type":"product","link":"https:\/\/bihortal.bio\/fr\/tienda\/plats-cuisines\/gaspacho-andalou\/","title":{"rendered":"Gaspacho andalou"},"content":{"rendered":"<p>Le gaspacho andalou est l&rsquo;une des principales recettes du r\u00e9gime m\u00e9diterran\u00e9en car il contient des nutriments riches en vitamines, min\u00e9raux et fibres comme la tomate, le concombre, le poivron, l&rsquo;oignon, l&rsquo;ail et l&rsquo;huile d&rsquo;olive extra vierge. C&rsquo;est un plat tr\u00e8s sain qui hydrate, aide \u00e0 prot\u00e9ger la peau, nutritif et \u00e9nerg\u00e9tique ; C&rsquo;est un plat parfait pour l&rsquo;\u00e9t\u00e9. Bihortal est une marque de tr\u00e8s haute qualit\u00e9 qui utilise une grande quantit\u00e9 de l\u00e9gumes et une consommation mod\u00e9r\u00e9e d&rsquo;eau pour que la saveur de nos recettes soit au go\u00fbt des palais les plus exigeants.<\/p>\n<h3>Ingr\u00e9dients<\/h3>\n<p>Tomate, concombre, poivron, oignon, ail, huile d&rsquo;olive extra vierge (3,6%), vinaigre, sel marin, acide citrique.<\/p>\n","protected":false},"excerpt":{"rendered":"<p>Le gaspacho andalou est l&rsquo;une des principales recettes du r\u00e9gime m\u00e9diterran\u00e9en car il contient des nutriments riches en vitamines, min\u00e9raux et fibres comme la tomate, le concombre, le poivron, l&rsquo;oignon, l&rsquo;ail et l&rsquo;huile d&rsquo;olive extra vierge. C&rsquo;est un plat tr\u00e8s sain qui hydrate, aide \u00e0&#8230;<\/p>\n","protected":false},"featured_media":3654,"comment_status":"open","ping_status":"closed","template":"","meta":[],"product_brand":[],"product_cat":[309],"product_tag":[],"class_list":{"0":"post-4084","1":"product","2":"type-product","3":"status-publish","4":"has-post-thumbnail","6":"product_cat-plats-cuisines","8":"first","9":"instock","10":"taxable","11":"shipping-taxable","12":"purchasable","13":"product-type-simple"},"yoast_head":"<!-- This site is optimized with the Yoast SEO plugin v27.5 - https:\/\/yoast.com\/product\/yoast-seo-wordpress\/ -->\n<title>Gaspacho andalou - Bihortal<\/title>\n<meta name=\"robots\" content=\"index, follow, max-snippet:-1, max-image-preview:large, max-video-preview:-1\" \/>\n<link rel=\"canonical\" href=\"https:\/\/bihortal.bio\/tienda\/non%20class\u00e9\/gaspacho-andalou\/\" \/>\n<meta property=\"og:locale\" content=\"fr_FR\" \/>\n<meta property=\"og:type\" content=\"article\" \/>\n<meta property=\"og:title\" content=\"Gaspacho andalou - Bihortal\" \/>\n<meta property=\"og:description\" content=\"Le gaspacho andalou est l&rsquo;une des principales recettes du r\u00e9gime m\u00e9diterran\u00e9en car il contient des nutriments riches en vitamines, min\u00e9raux et fibres comme la tomate, le concombre, le poivron, l&rsquo;oignon, l&rsquo;ail et l&rsquo;huile d&rsquo;olive extra vierge. C&rsquo;est un plat tr\u00e8s sain qui hydrate, aide \u00e0...\" \/>\n<meta property=\"og:url\" content=\"https:\/\/bihortal.bio\/tienda\/non class\u00e9\/gaspacho-andalou\/\" \/>\n<meta property=\"og:site_name\" content=\"Bihortal\" \/>\n<meta name=\"twitter:card\" content=\"summary_large_image\" \/>\n<meta name=\"twitter:label1\" content=\"Dur\u00e9e de lecture estim\u00e9e\" \/>\n\t<meta name=\"twitter:data1\" content=\"1 minute\" \/>\n<script type=\"application\/ld+json\" class=\"yoast-schema-graph\">{\"@context\":\"https:\\\/\\\/schema.org\",\"@graph\":[{\"@type\":\"WebPage\",\"@id\":\"https:\\\/\\\/bihortal.bio\\\/tienda\\\/non class\u00e9\\\/gaspacho-andalou\\\/\",\"url\":\"https:\\\/\\\/bihortal.bio\\\/tienda\\\/non class\u00e9\\\/gaspacho-andalou\\\/\",\"name\":\"Gaspacho andalou - Bihortal\",\"isPartOf\":{\"@id\":\"https:\\\/\\\/bihortal.bio\\\/en\\\/#website\"},\"primaryImageOfPage\":{\"@id\":\"https:\\\/\\\/bihortal.bio\\\/tienda\\\/non class\u00e9\\\/gaspacho-andalou\\\/#primaryimage\"},\"image\":{\"@id\":\"https:\\\/\\\/bihortal.bio\\\/tienda\\\/non class\u00e9\\\/gaspacho-andalou\\\/#primaryimage\"},\"thumbnailUrl\":\"https:\\\/\\\/bihortal.bio\\\/wp-content\\\/uploads\\\/2023\\\/11\\\/Gazpacho.jpg\",\"datePublished\":\"2023-11-09T11:35:28+00:00\",\"breadcrumb\":{\"@id\":\"https:\\\/\\\/bihortal.bio\\\/tienda\\\/non class\u00e9\\\/gaspacho-andalou\\\/#breadcrumb\"},\"inLanguage\":\"fr-FR\",\"potentialAction\":[{\"@type\":\"ReadAction\",\"target\":[\"https:\\\/\\\/bihortal.bio\\\/tienda\\\/non class\u00e9\\\/gaspacho-andalou\\\/\"]}]},{\"@type\":\"ImageObject\",\"inLanguage\":\"fr-FR\",\"@id\":\"https:\\\/\\\/bihortal.bio\\\/tienda\\\/non class\u00e9\\\/gaspacho-andalou\\\/#primaryimage\",\"url\":\"https:\\\/\\\/bihortal.bio\\\/wp-content\\\/uploads\\\/2023\\\/11\\\/Gazpacho.jpg\",\"contentUrl\":\"https:\\\/\\\/bihortal.bio\\\/wp-content\\\/uploads\\\/2023\\\/11\\\/Gazpacho.jpg\",\"width\":800,\"height\":1200},{\"@type\":\"BreadcrumbList\",\"@id\":\"https:\\\/\\\/bihortal.bio\\\/tienda\\\/non class\u00e9\\\/gaspacho-andalou\\\/#breadcrumb\",\"itemListElement\":[{\"@type\":\"ListItem\",\"position\":1,\"name\":\"Portada\",\"item\":\"https:\\\/\\\/bihortal.bio\\\/fr\\\/\"},{\"@type\":\"ListItem\",\"position\":2,\"name\":\"Boutique\",\"item\":\"https:\\\/\\\/bihortal.bio\\\/fr\\\/boutique\\\/\"},{\"@type\":\"ListItem\",\"position\":3,\"name\":\"Gaspacho andalou\"}]},{\"@type\":\"WebSite\",\"@id\":\"https:\\\/\\\/bihortal.bio\\\/en\\\/#website\",\"url\":\"https:\\\/\\\/bihortal.bio\\\/en\\\/\",\"name\":\"Bihortal\",\"description\":\"Conservas ecol\u00f3gicas de calidad\",\"potentialAction\":[{\"@type\":\"SearchAction\",\"target\":{\"@type\":\"EntryPoint\",\"urlTemplate\":\"https:\\\/\\\/bihortal.bio\\\/en\\\/?s={search_term_string}\"},\"query-input\":{\"@type\":\"PropertyValueSpecification\",\"valueRequired\":true,\"valueName\":\"search_term_string\"}}],\"inLanguage\":\"fr-FR\"}]}<\/script>\n<!-- \/ Yoast SEO plugin. -->","yoast_head_json":{"title":"Gaspacho andalou - Bihortal","robots":{"index":"index","follow":"follow","max-snippet":"max-snippet:-1","max-image-preview":"max-image-preview:large","max-video-preview":"max-video-preview:-1"},"canonical":"https:\/\/bihortal.bio\/tienda\/non class\u00e9\/gaspacho-andalou\/","og_locale":"fr_FR","og_type":"article","og_title":"Gaspacho andalou - Bihortal","og_description":"Le gaspacho andalou est l&rsquo;une des principales recettes du r\u00e9gime m\u00e9diterran\u00e9en car il contient des nutriments riches en vitamines, min\u00e9raux et fibres comme la tomate, le concombre, le poivron, l&rsquo;oignon, l&rsquo;ail et l&rsquo;huile d&rsquo;olive extra vierge. C&rsquo;est un plat tr\u00e8s sain qui hydrate, aide \u00e0...","og_url":"https:\/\/bihortal.bio\/tienda\/non class\u00e9\/gaspacho-andalou\/","og_site_name":"Bihortal","twitter_card":"summary_large_image","twitter_misc":{"Dur\u00e9e de lecture estim\u00e9e":"1 minute"},"schema":{"@context":"https:\/\/schema.org","@graph":[{"@type":"WebPage","@id":"https:\/\/bihortal.bio\/tienda\/non class\u00e9\/gaspacho-andalou\/","url":"https:\/\/bihortal.bio\/tienda\/non class\u00e9\/gaspacho-andalou\/","name":"Gaspacho andalou - Bihortal","isPartOf":{"@id":"https:\/\/bihortal.bio\/en\/#website"},"primaryImageOfPage":{"@id":"https:\/\/bihortal.bio\/tienda\/non class\u00e9\/gaspacho-andalou\/#primaryimage"},"image":{"@id":"https:\/\/bihortal.bio\/tienda\/non class\u00e9\/gaspacho-andalou\/#primaryimage"},"thumbnailUrl":"https:\/\/bihortal.bio\/wp-content\/uploads\/2023\/11\/Gazpacho.jpg","datePublished":"2023-11-09T11:35:28+00:00","breadcrumb":{"@id":"https:\/\/bihortal.bio\/tienda\/non class\u00e9\/gaspacho-andalou\/#breadcrumb"},"inLanguage":"fr-FR","potentialAction":[{"@type":"ReadAction","target":["https:\/\/bihortal.bio\/tienda\/non class\u00e9\/gaspacho-andalou\/"]}]},{"@type":"ImageObject","inLanguage":"fr-FR","@id":"https:\/\/bihortal.bio\/tienda\/non class\u00e9\/gaspacho-andalou\/#primaryimage","url":"https:\/\/bihortal.bio\/wp-content\/uploads\/2023\/11\/Gazpacho.jpg","contentUrl":"https:\/\/bihortal.bio\/wp-content\/uploads\/2023\/11\/Gazpacho.jpg","width":800,"height":1200},{"@type":"BreadcrumbList","@id":"https:\/\/bihortal.bio\/tienda\/non class\u00e9\/gaspacho-andalou\/#breadcrumb","itemListElement":[{"@type":"ListItem","position":1,"name":"Portada","item":"https:\/\/bihortal.bio\/fr\/"},{"@type":"ListItem","position":2,"name":"Boutique","item":"https:\/\/bihortal.bio\/fr\/boutique\/"},{"@type":"ListItem","position":3,"name":"Gaspacho andalou"}]},{"@type":"WebSite","@id":"https:\/\/bihortal.bio\/en\/#website","url":"https:\/\/bihortal.bio\/en\/","name":"Bihortal","description":"Conservas ecol\u00f3gicas de calidad","potentialAction":[{"@type":"SearchAction","target":{"@type":"EntryPoint","urlTemplate":"https:\/\/bihortal.bio\/en\/?s={search_term_string}"},"query-input":{"@type":"PropertyValueSpecification","valueRequired":true,"valueName":"search_term_string"}}],"inLanguage":"fr-FR"}]}},"_links":{"self":[{"href":"https:\/\/bihortal.bio\/fr\/wp-json\/wp\/v2\/product\/4084","targetHints":{"allow":["GET"]}}],"collection":[{"href":"https:\/\/bihortal.bio\/fr\/wp-json\/wp\/v2\/product"}],"about":[{"href":"https:\/\/bihortal.bio\/fr\/wp-json\/wp\/v2\/types\/product"}],"replies":[{"embeddable":true,"href":"https:\/\/bihortal.bio\/fr\/wp-json\/wp\/v2\/comments?post=4084"}],"wp:featuredmedia":[{"embeddable":true,"href":"https:\/\/bihortal.bio\/fr\/wp-json\/wp\/v2\/media\/3654"}],"wp:attachment":[{"href":"https:\/\/bihortal.bio\/fr\/wp-json\/wp\/v2\/media?parent=4084"}],"wp:term":[{"taxonomy":"product_brand","embeddable":true,"href":"https:\/\/bihortal.bio\/fr\/wp-json\/wp\/v2\/product_brand?post=4084"},{"taxonomy":"product_cat","embeddable":true,"href":"https:\/\/bihortal.bio\/fr\/wp-json\/wp\/v2\/product_cat?post=4084"},{"taxonomy":"product_tag","embeddable":true,"href":"https:\/\/bihortal.bio\/fr\/wp-json\/wp\/v2\/product_tag?post=4084"}],"curies":[{"name":"wp","href":"https:\/\/api.w.org\/{rel}","templated":true}]}}