{"id":4041,"date":"2023-11-08T13:57:39","date_gmt":"2023-11-09T11:01:18","guid":{"rendered":"https:\/\/bihortal.bio\/tienda\/non class\u00e9\/tomate-frite\/"},"modified":"2023-11-09T12:01:18","modified_gmt":"2023-11-09T11:01:18","slug":"tomate-frite","status":"publish","type":"product","link":"https:\/\/bihortal.bio\/fr\/tienda\/sauces-tomates-fr\/tomate-frite\/","title":{"rendered":"tomate frite"},"content":{"rendered":"<p>Nos tomates frites contiennent une grande quantit\u00e9 de l\u00e9gumes. Nous utilisons des ingr\u00e9dients tr\u00e8s sains comme l&rsquo;oignon, le sirop d&rsquo;agave et l&rsquo;huile d&rsquo;olive extra vierge. Bihortal est une marque de tr\u00e8s haute qualit\u00e9 qui utilise une forte teneur en tomates et une consommation mod\u00e9r\u00e9e d&rsquo;eau pour que la saveur de nos conserves soit au go\u00fbt des palais les plus exigeants.<\/p>\n<h3>Ingr\u00e9dients<\/h3>\n<p>Tomate, oignon, sirop d&rsquo;agave, huile d&rsquo;olive extra vierge (1,5%), sel marin, ail.<\/p>\n","protected":false},"excerpt":{"rendered":"<p>Nos tomates frites contiennent une grande quantit\u00e9 de l\u00e9gumes. Nous utilisons des ingr\u00e9dients tr\u00e8s sains comme l&rsquo;oignon, le sirop d&rsquo;agave et l&rsquo;huile d&rsquo;olive extra vierge. Bihortal est une marque de tr\u00e8s haute qualit\u00e9 qui utilise une forte teneur en tomates et une consommation mod\u00e9r\u00e9e d&rsquo;eau&#8230;<\/p>\n","protected":false},"featured_media":3733,"comment_status":"open","ping_status":"closed","template":"","meta":[],"product_brand":[],"product_cat":[273],"product_tag":[],"class_list":{"0":"post-4041","1":"product","2":"type-product","3":"status-publish","4":"has-post-thumbnail","6":"product_cat-sauces-tomates-fr","8":"first","9":"instock","10":"taxable","11":"shipping-taxable","12":"purchasable","13":"product-type-simple"},"yoast_head":"<!-- This site is optimized with the Yoast SEO plugin v26.5 - https:\/\/yoast.com\/wordpress\/plugins\/seo\/ -->\n<title>tomate frite - Bihortal<\/title>\n<meta name=\"robots\" content=\"index, follow, max-snippet:-1, max-image-preview:large, max-video-preview:-1\" \/>\n<link rel=\"canonical\" href=\"https:\/\/bihortal.bio\/tienda\/non%20class\u00e9\/tomate-frite\/\" \/>\n<meta property=\"og:locale\" content=\"fr_FR\" \/>\n<meta property=\"og:type\" content=\"article\" \/>\n<meta property=\"og:title\" content=\"tomate frite - Bihortal\" \/>\n<meta property=\"og:description\" content=\"Nos tomates frites contiennent une grande quantit\u00e9 de l\u00e9gumes. Nous utilisons des ingr\u00e9dients tr\u00e8s sains comme l&rsquo;oignon, le sirop d&rsquo;agave et l&rsquo;huile d&rsquo;olive extra vierge. Bihortal est une marque de tr\u00e8s haute qualit\u00e9 qui utilise une forte teneur en tomates et une consommation mod\u00e9r\u00e9e d&rsquo;eau...\" \/>\n<meta property=\"og:url\" content=\"https:\/\/bihortal.bio\/tienda\/non class\u00e9\/tomate-frite\/\" \/>\n<meta property=\"og:site_name\" content=\"Bihortal\" \/>\n<meta name=\"twitter:card\" content=\"summary_large_image\" \/>\n<script type=\"application\/ld+json\" class=\"yoast-schema-graph\">{\"@context\":\"https:\/\/schema.org\",\"@graph\":[{\"@type\":\"WebPage\",\"@id\":\"https:\/\/bihortal.bio\/tienda\/non class\u00e9\/tomate-frite\/\",\"url\":\"https:\/\/bihortal.bio\/tienda\/non class\u00e9\/tomate-frite\/\",\"name\":\"tomate frite - Bihortal\",\"isPartOf\":{\"@id\":\"https:\/\/bihortal.bio\/en\/#website\"},\"primaryImageOfPage\":{\"@id\":\"https:\/\/bihortal.bio\/tienda\/non class\u00e9\/tomate-frite\/#primaryimage\"},\"image\":{\"@id\":\"https:\/\/bihortal.bio\/tienda\/non class\u00e9\/tomate-frite\/#primaryimage\"},\"thumbnailUrl\":\"https:\/\/bihortal.bio\/wp-content\/uploads\/2023\/11\/Tomate-frito.jpg\",\"datePublished\":\"2023-11-09T11:01:18+00:00\",\"breadcrumb\":{\"@id\":\"https:\/\/bihortal.bio\/tienda\/non class\u00e9\/tomate-frite\/#breadcrumb\"},\"inLanguage\":\"fr-FR\",\"potentialAction\":[{\"@type\":\"ReadAction\",\"target\":[\"https:\/\/bihortal.bio\/tienda\/non class\u00e9\/tomate-frite\/\"]}]},{\"@type\":\"ImageObject\",\"inLanguage\":\"fr-FR\",\"@id\":\"https:\/\/bihortal.bio\/tienda\/non class\u00e9\/tomate-frite\/#primaryimage\",\"url\":\"https:\/\/bihortal.bio\/wp-content\/uploads\/2023\/11\/Tomate-frito.jpg\",\"contentUrl\":\"https:\/\/bihortal.bio\/wp-content\/uploads\/2023\/11\/Tomate-frito.jpg\",\"width\":800,\"height\":1200},{\"@type\":\"BreadcrumbList\",\"@id\":\"https:\/\/bihortal.bio\/tienda\/non class\u00e9\/tomate-frite\/#breadcrumb\",\"itemListElement\":[{\"@type\":\"ListItem\",\"position\":1,\"name\":\"Portada\",\"item\":\"https:\/\/bihortal.bio\/fr\/\"},{\"@type\":\"ListItem\",\"position\":2,\"name\":\"Boutique\",\"item\":\"https:\/\/bihortal.bio\/fr\/boutique\/\"},{\"@type\":\"ListItem\",\"position\":3,\"name\":\"tomate frite\"}]},{\"@type\":\"WebSite\",\"@id\":\"https:\/\/bihortal.bio\/en\/#website\",\"url\":\"https:\/\/bihortal.bio\/en\/\",\"name\":\"Bihortal\",\"description\":\"Conservas ecol\u00f3gicas de calidad\",\"potentialAction\":[{\"@type\":\"SearchAction\",\"target\":{\"@type\":\"EntryPoint\",\"urlTemplate\":\"https:\/\/bihortal.bio\/en\/?s={search_term_string}\"},\"query-input\":{\"@type\":\"PropertyValueSpecification\",\"valueRequired\":true,\"valueName\":\"search_term_string\"}}],\"inLanguage\":\"fr-FR\"}]}<\/script>\n<!-- \/ Yoast SEO plugin. -->","yoast_head_json":{"title":"tomate frite - Bihortal","robots":{"index":"index","follow":"follow","max-snippet":"max-snippet:-1","max-image-preview":"max-image-preview:large","max-video-preview":"max-video-preview:-1"},"canonical":"https:\/\/bihortal.bio\/tienda\/non class\u00e9\/tomate-frite\/","og_locale":"fr_FR","og_type":"article","og_title":"tomate frite - Bihortal","og_description":"Nos tomates frites contiennent une grande quantit\u00e9 de l\u00e9gumes. Nous utilisons des ingr\u00e9dients tr\u00e8s sains comme l&rsquo;oignon, le sirop d&rsquo;agave et l&rsquo;huile d&rsquo;olive extra vierge. Bihortal est une marque de tr\u00e8s haute qualit\u00e9 qui utilise une forte teneur en tomates et une consommation mod\u00e9r\u00e9e d&rsquo;eau...","og_url":"https:\/\/bihortal.bio\/tienda\/non class\u00e9\/tomate-frite\/","og_site_name":"Bihortal","twitter_card":"summary_large_image","schema":{"@context":"https:\/\/schema.org","@graph":[{"@type":"WebPage","@id":"https:\/\/bihortal.bio\/tienda\/non class\u00e9\/tomate-frite\/","url":"https:\/\/bihortal.bio\/tienda\/non class\u00e9\/tomate-frite\/","name":"tomate frite - Bihortal","isPartOf":{"@id":"https:\/\/bihortal.bio\/en\/#website"},"primaryImageOfPage":{"@id":"https:\/\/bihortal.bio\/tienda\/non class\u00e9\/tomate-frite\/#primaryimage"},"image":{"@id":"https:\/\/bihortal.bio\/tienda\/non class\u00e9\/tomate-frite\/#primaryimage"},"thumbnailUrl":"https:\/\/bihortal.bio\/wp-content\/uploads\/2023\/11\/Tomate-frito.jpg","datePublished":"2023-11-09T11:01:18+00:00","breadcrumb":{"@id":"https:\/\/bihortal.bio\/tienda\/non class\u00e9\/tomate-frite\/#breadcrumb"},"inLanguage":"fr-FR","potentialAction":[{"@type":"ReadAction","target":["https:\/\/bihortal.bio\/tienda\/non class\u00e9\/tomate-frite\/"]}]},{"@type":"ImageObject","inLanguage":"fr-FR","@id":"https:\/\/bihortal.bio\/tienda\/non class\u00e9\/tomate-frite\/#primaryimage","url":"https:\/\/bihortal.bio\/wp-content\/uploads\/2023\/11\/Tomate-frito.jpg","contentUrl":"https:\/\/bihortal.bio\/wp-content\/uploads\/2023\/11\/Tomate-frito.jpg","width":800,"height":1200},{"@type":"BreadcrumbList","@id":"https:\/\/bihortal.bio\/tienda\/non class\u00e9\/tomate-frite\/#breadcrumb","itemListElement":[{"@type":"ListItem","position":1,"name":"Portada","item":"https:\/\/bihortal.bio\/fr\/"},{"@type":"ListItem","position":2,"name":"Boutique","item":"https:\/\/bihortal.bio\/fr\/boutique\/"},{"@type":"ListItem","position":3,"name":"tomate frite"}]},{"@type":"WebSite","@id":"https:\/\/bihortal.bio\/en\/#website","url":"https:\/\/bihortal.bio\/en\/","name":"Bihortal","description":"Conservas ecol\u00f3gicas de calidad","potentialAction":[{"@type":"SearchAction","target":{"@type":"EntryPoint","urlTemplate":"https:\/\/bihortal.bio\/en\/?s={search_term_string}"},"query-input":{"@type":"PropertyValueSpecification","valueRequired":true,"valueName":"search_term_string"}}],"inLanguage":"fr-FR"}]}},"_links":{"self":[{"href":"https:\/\/bihortal.bio\/fr\/wp-json\/wp\/v2\/product\/4041","targetHints":{"allow":["GET"]}}],"collection":[{"href":"https:\/\/bihortal.bio\/fr\/wp-json\/wp\/v2\/product"}],"about":[{"href":"https:\/\/bihortal.bio\/fr\/wp-json\/wp\/v2\/types\/product"}],"replies":[{"embeddable":true,"href":"https:\/\/bihortal.bio\/fr\/wp-json\/wp\/v2\/comments?post=4041"}],"wp:featuredmedia":[{"embeddable":true,"href":"https:\/\/bihortal.bio\/fr\/wp-json\/wp\/v2\/media\/3733"}],"wp:attachment":[{"href":"https:\/\/bihortal.bio\/fr\/wp-json\/wp\/v2\/media?parent=4041"}],"wp:term":[{"taxonomy":"product_brand","embeddable":true,"href":"https:\/\/bihortal.bio\/fr\/wp-json\/wp\/v2\/product_brand?post=4041"},{"taxonomy":"product_cat","embeddable":true,"href":"https:\/\/bihortal.bio\/fr\/wp-json\/wp\/v2\/product_cat?post=4041"},{"taxonomy":"product_tag","embeddable":true,"href":"https:\/\/bihortal.bio\/fr\/wp-json\/wp\/v2\/product_tag?post=4041"}],"curies":[{"name":"wp","href":"https:\/\/api.w.org\/{rel}","templated":true}]}}