{"id":4030,"date":"2023-11-08T13:57:39","date_gmt":"2023-11-09T10:49:56","guid":{"rendered":"https:\/\/bihortal.bio\/tienda\/non class\u00e9\/ketchup\/"},"modified":"2023-11-09T11:49:56","modified_gmt":"2023-11-09T10:49:56","slug":"ketchup","status":"publish","type":"product","link":"https:\/\/bihortal.bio\/fr\/tienda\/sauces-tomates-fr\/ketchup\/","title":{"rendered":"Ketchup"},"content":{"rendered":"<p>Produit star des enfants, notre ketchup est compos\u00e9 de produits hautement sains comme des tomates, du sirop de riz, des \u00e9pices et du vinaigre de cidre de pomme. C&rsquo;est une recette d\u00e9licieuse et saine \u00e0 haute teneur en l\u00e9gumes, id\u00e9ale pour les plus petits.<\/p>\n<h3>Ingr\u00e9dients<\/h3>\n<p>Tomate, sirop de riz, vinaigre de cidre de pomme, sel marin, \u00e9pices.<\/p>\n","protected":false},"excerpt":{"rendered":"<p>Produit star des enfants, notre ketchup est compos\u00e9 de produits hautement sains comme des tomates, du sirop de riz, des \u00e9pices et du vinaigre de cidre de pomme. C&rsquo;est une recette d\u00e9licieuse et saine \u00e0 haute teneur en l\u00e9gumes, id\u00e9ale pour les plus petits. Ingr\u00e9dients&#8230;<\/p>\n","protected":false},"featured_media":3721,"comment_status":"open","ping_status":"closed","template":"","meta":[],"product_brand":[],"product_cat":[273],"product_tag":[],"class_list":{"0":"post-4030","1":"product","2":"type-product","3":"status-publish","4":"has-post-thumbnail","6":"product_cat-sauces-tomates-fr","8":"first","9":"instock","10":"taxable","11":"shipping-taxable","12":"purchasable","13":"product-type-simple"},"yoast_head":"<!-- This site is optimized with the Yoast SEO plugin v26.5 - https:\/\/yoast.com\/wordpress\/plugins\/seo\/ -->\n<title>Ketchup - Bihortal<\/title>\n<meta name=\"robots\" content=\"index, follow, max-snippet:-1, max-image-preview:large, max-video-preview:-1\" \/>\n<link rel=\"canonical\" href=\"https:\/\/bihortal.bio\/tienda\/non%20class\u00e9\/ketchup\/\" \/>\n<meta property=\"og:locale\" content=\"fr_FR\" \/>\n<meta property=\"og:type\" content=\"article\" \/>\n<meta property=\"og:title\" content=\"Ketchup - Bihortal\" \/>\n<meta property=\"og:description\" content=\"Produit star des enfants, notre ketchup est compos\u00e9 de produits hautement sains comme des tomates, du sirop de riz, des \u00e9pices et du vinaigre de cidre de pomme. C&rsquo;est une recette d\u00e9licieuse et saine \u00e0 haute teneur en l\u00e9gumes, id\u00e9ale pour les plus petits. Ingr\u00e9dients...\" \/>\n<meta property=\"og:url\" content=\"https:\/\/bihortal.bio\/tienda\/non class\u00e9\/ketchup\/\" \/>\n<meta property=\"og:site_name\" content=\"Bihortal\" \/>\n<meta name=\"twitter:card\" content=\"summary_large_image\" \/>\n<script type=\"application\/ld+json\" class=\"yoast-schema-graph\">{\"@context\":\"https:\/\/schema.org\",\"@graph\":[{\"@type\":\"WebPage\",\"@id\":\"https:\/\/bihortal.bio\/tienda\/non class\u00e9\/ketchup\/\",\"url\":\"https:\/\/bihortal.bio\/tienda\/non class\u00e9\/ketchup\/\",\"name\":\"Ketchup - Bihortal\",\"isPartOf\":{\"@id\":\"https:\/\/bihortal.bio\/en\/#website\"},\"primaryImageOfPage\":{\"@id\":\"https:\/\/bihortal.bio\/tienda\/non class\u00e9\/ketchup\/#primaryimage\"},\"image\":{\"@id\":\"https:\/\/bihortal.bio\/tienda\/non class\u00e9\/ketchup\/#primaryimage\"},\"thumbnailUrl\":\"https:\/\/bihortal.bio\/wp-content\/uploads\/2023\/11\/Ketchup.jpg\",\"datePublished\":\"2023-11-09T10:49:56+00:00\",\"breadcrumb\":{\"@id\":\"https:\/\/bihortal.bio\/tienda\/non class\u00e9\/ketchup\/#breadcrumb\"},\"inLanguage\":\"fr-FR\",\"potentialAction\":[{\"@type\":\"ReadAction\",\"target\":[\"https:\/\/bihortal.bio\/tienda\/non class\u00e9\/ketchup\/\"]}]},{\"@type\":\"ImageObject\",\"inLanguage\":\"fr-FR\",\"@id\":\"https:\/\/bihortal.bio\/tienda\/non class\u00e9\/ketchup\/#primaryimage\",\"url\":\"https:\/\/bihortal.bio\/wp-content\/uploads\/2023\/11\/Ketchup.jpg\",\"contentUrl\":\"https:\/\/bihortal.bio\/wp-content\/uploads\/2023\/11\/Ketchup.jpg\",\"width\":800,\"height\":1200},{\"@type\":\"BreadcrumbList\",\"@id\":\"https:\/\/bihortal.bio\/tienda\/non class\u00e9\/ketchup\/#breadcrumb\",\"itemListElement\":[{\"@type\":\"ListItem\",\"position\":1,\"name\":\"Portada\",\"item\":\"https:\/\/bihortal.bio\/fr\/\"},{\"@type\":\"ListItem\",\"position\":2,\"name\":\"Boutique\",\"item\":\"https:\/\/bihortal.bio\/fr\/boutique\/\"},{\"@type\":\"ListItem\",\"position\":3,\"name\":\"Ketchup\"}]},{\"@type\":\"WebSite\",\"@id\":\"https:\/\/bihortal.bio\/en\/#website\",\"url\":\"https:\/\/bihortal.bio\/en\/\",\"name\":\"Bihortal\",\"description\":\"Conservas ecol\u00f3gicas de calidad\",\"potentialAction\":[{\"@type\":\"SearchAction\",\"target\":{\"@type\":\"EntryPoint\",\"urlTemplate\":\"https:\/\/bihortal.bio\/en\/?s={search_term_string}\"},\"query-input\":{\"@type\":\"PropertyValueSpecification\",\"valueRequired\":true,\"valueName\":\"search_term_string\"}}],\"inLanguage\":\"fr-FR\"}]}<\/script>\n<!-- \/ Yoast SEO plugin. -->","yoast_head_json":{"title":"Ketchup - Bihortal","robots":{"index":"index","follow":"follow","max-snippet":"max-snippet:-1","max-image-preview":"max-image-preview:large","max-video-preview":"max-video-preview:-1"},"canonical":"https:\/\/bihortal.bio\/tienda\/non class\u00e9\/ketchup\/","og_locale":"fr_FR","og_type":"article","og_title":"Ketchup - Bihortal","og_description":"Produit star des enfants, notre ketchup est compos\u00e9 de produits hautement sains comme des tomates, du sirop de riz, des \u00e9pices et du vinaigre de cidre de pomme. C&rsquo;est une recette d\u00e9licieuse et saine \u00e0 haute teneur en l\u00e9gumes, id\u00e9ale pour les plus petits. Ingr\u00e9dients...","og_url":"https:\/\/bihortal.bio\/tienda\/non class\u00e9\/ketchup\/","og_site_name":"Bihortal","twitter_card":"summary_large_image","schema":{"@context":"https:\/\/schema.org","@graph":[{"@type":"WebPage","@id":"https:\/\/bihortal.bio\/tienda\/non class\u00e9\/ketchup\/","url":"https:\/\/bihortal.bio\/tienda\/non class\u00e9\/ketchup\/","name":"Ketchup - Bihortal","isPartOf":{"@id":"https:\/\/bihortal.bio\/en\/#website"},"primaryImageOfPage":{"@id":"https:\/\/bihortal.bio\/tienda\/non class\u00e9\/ketchup\/#primaryimage"},"image":{"@id":"https:\/\/bihortal.bio\/tienda\/non class\u00e9\/ketchup\/#primaryimage"},"thumbnailUrl":"https:\/\/bihortal.bio\/wp-content\/uploads\/2023\/11\/Ketchup.jpg","datePublished":"2023-11-09T10:49:56+00:00","breadcrumb":{"@id":"https:\/\/bihortal.bio\/tienda\/non class\u00e9\/ketchup\/#breadcrumb"},"inLanguage":"fr-FR","potentialAction":[{"@type":"ReadAction","target":["https:\/\/bihortal.bio\/tienda\/non class\u00e9\/ketchup\/"]}]},{"@type":"ImageObject","inLanguage":"fr-FR","@id":"https:\/\/bihortal.bio\/tienda\/non class\u00e9\/ketchup\/#primaryimage","url":"https:\/\/bihortal.bio\/wp-content\/uploads\/2023\/11\/Ketchup.jpg","contentUrl":"https:\/\/bihortal.bio\/wp-content\/uploads\/2023\/11\/Ketchup.jpg","width":800,"height":1200},{"@type":"BreadcrumbList","@id":"https:\/\/bihortal.bio\/tienda\/non class\u00e9\/ketchup\/#breadcrumb","itemListElement":[{"@type":"ListItem","position":1,"name":"Portada","item":"https:\/\/bihortal.bio\/fr\/"},{"@type":"ListItem","position":2,"name":"Boutique","item":"https:\/\/bihortal.bio\/fr\/boutique\/"},{"@type":"ListItem","position":3,"name":"Ketchup"}]},{"@type":"WebSite","@id":"https:\/\/bihortal.bio\/en\/#website","url":"https:\/\/bihortal.bio\/en\/","name":"Bihortal","description":"Conservas ecol\u00f3gicas de calidad","potentialAction":[{"@type":"SearchAction","target":{"@type":"EntryPoint","urlTemplate":"https:\/\/bihortal.bio\/en\/?s={search_term_string}"},"query-input":{"@type":"PropertyValueSpecification","valueRequired":true,"valueName":"search_term_string"}}],"inLanguage":"fr-FR"}]}},"_links":{"self":[{"href":"https:\/\/bihortal.bio\/fr\/wp-json\/wp\/v2\/product\/4030","targetHints":{"allow":["GET"]}}],"collection":[{"href":"https:\/\/bihortal.bio\/fr\/wp-json\/wp\/v2\/product"}],"about":[{"href":"https:\/\/bihortal.bio\/fr\/wp-json\/wp\/v2\/types\/product"}],"replies":[{"embeddable":true,"href":"https:\/\/bihortal.bio\/fr\/wp-json\/wp\/v2\/comments?post=4030"}],"wp:featuredmedia":[{"embeddable":true,"href":"https:\/\/bihortal.bio\/fr\/wp-json\/wp\/v2\/media\/3721"}],"wp:attachment":[{"href":"https:\/\/bihortal.bio\/fr\/wp-json\/wp\/v2\/media?parent=4030"}],"wp:term":[{"taxonomy":"product_brand","embeddable":true,"href":"https:\/\/bihortal.bio\/fr\/wp-json\/wp\/v2\/product_brand?post=4030"},{"taxonomy":"product_cat","embeddable":true,"href":"https:\/\/bihortal.bio\/fr\/wp-json\/wp\/v2\/product_cat?post=4030"},{"taxonomy":"product_tag","embeddable":true,"href":"https:\/\/bihortal.bio\/fr\/wp-json\/wp\/v2\/product_tag?post=4030"}],"curies":[{"name":"wp","href":"https:\/\/api.w.org\/{rel}","templated":true}]}}