{"id":4022,"date":"2023-11-08T13:57:40","date_gmt":"2023-11-09T10:43:30","guid":{"rendered":"https:\/\/bihortal.bio\/tienda\/non class\u00e9\/tomates-naturelles-concassees\/"},"modified":"2023-11-09T11:43:30","modified_gmt":"2023-11-09T10:43:30","slug":"tomates-naturelles-concassees","status":"publish","type":"product","link":"https:\/\/bihortal.bio\/fr\/tienda\/sauces-tomates-fr\/tomates-naturelles-concassees\/","title":{"rendered":"tomates naturelles concass\u00e9es"},"content":{"rendered":"<p>Nos tomates en conserve n\u00e9cessitent 2,5 kilos de tomates concass\u00e9es pour remplir un pot. Bihortal est une marque de tr\u00e8s haute qualit\u00e9 qui utilise une forte teneur en tomates et une consommation mod\u00e9r\u00e9e d&rsquo;eau pour que la saveur de nos conserves soit au go\u00fbt des palais les plus exigeants.<\/p>\n<h3>Ingr\u00e9dients<\/h3>\n<p>Tomate (99,8%), acide citrique.<\/p>\n","protected":false},"excerpt":{"rendered":"<p>Nos tomates en conserve n\u00e9cessitent 2,5 kilos de tomates concass\u00e9es pour remplir un pot. Bihortal est une marque de tr\u00e8s haute qualit\u00e9 qui utilise une forte teneur en tomates et une consommation mod\u00e9r\u00e9e d&rsquo;eau pour que la saveur de nos conserves soit au go\u00fbt des&#8230;<\/p>\n","protected":false},"featured_media":3741,"comment_status":"open","ping_status":"closed","template":"","meta":[],"product_brand":[],"product_cat":[273],"product_tag":[],"class_list":{"0":"post-4022","1":"product","2":"type-product","3":"status-publish","4":"has-post-thumbnail","6":"product_cat-sauces-tomates-fr","8":"first","9":"instock","10":"taxable","11":"shipping-taxable","12":"purchasable","13":"product-type-simple"},"yoast_head":"<!-- This site is optimized with the Yoast SEO plugin v26.5 - https:\/\/yoast.com\/wordpress\/plugins\/seo\/ -->\n<title>tomates naturelles concass\u00e9es - Bihortal<\/title>\n<meta name=\"robots\" content=\"index, follow, max-snippet:-1, max-image-preview:large, max-video-preview:-1\" \/>\n<link rel=\"canonical\" href=\"https:\/\/bihortal.bio\/tienda\/non%20class\u00e9\/tomates-naturelles-concassees\/\" \/>\n<meta property=\"og:locale\" content=\"fr_FR\" \/>\n<meta property=\"og:type\" content=\"article\" \/>\n<meta property=\"og:title\" content=\"tomates naturelles concass\u00e9es - Bihortal\" \/>\n<meta property=\"og:description\" content=\"Nos tomates en conserve n\u00e9cessitent 2,5 kilos de tomates concass\u00e9es pour remplir un pot. Bihortal est une marque de tr\u00e8s haute qualit\u00e9 qui utilise une forte teneur en tomates et une consommation mod\u00e9r\u00e9e d&rsquo;eau pour que la saveur de nos conserves soit au go\u00fbt des...\" \/>\n<meta property=\"og:url\" content=\"https:\/\/bihortal.bio\/tienda\/non class\u00e9\/tomates-naturelles-concassees\/\" \/>\n<meta property=\"og:site_name\" content=\"Bihortal\" \/>\n<meta name=\"twitter:card\" content=\"summary_large_image\" \/>\n<script type=\"application\/ld+json\" class=\"yoast-schema-graph\">{\"@context\":\"https:\/\/schema.org\",\"@graph\":[{\"@type\":\"WebPage\",\"@id\":\"https:\/\/bihortal.bio\/tienda\/non class\u00e9\/tomates-naturelles-concassees\/\",\"url\":\"https:\/\/bihortal.bio\/tienda\/non class\u00e9\/tomates-naturelles-concassees\/\",\"name\":\"tomates naturelles concass\u00e9es - Bihortal\",\"isPartOf\":{\"@id\":\"https:\/\/bihortal.bio\/en\/#website\"},\"primaryImageOfPage\":{\"@id\":\"https:\/\/bihortal.bio\/tienda\/non class\u00e9\/tomates-naturelles-concassees\/#primaryimage\"},\"image\":{\"@id\":\"https:\/\/bihortal.bio\/tienda\/non class\u00e9\/tomates-naturelles-concassees\/#primaryimage\"},\"thumbnailUrl\":\"https:\/\/bihortal.bio\/wp-content\/uploads\/2023\/11\/Tomate-triturado.jpg\",\"datePublished\":\"2023-11-09T10:43:30+00:00\",\"breadcrumb\":{\"@id\":\"https:\/\/bihortal.bio\/tienda\/non class\u00e9\/tomates-naturelles-concassees\/#breadcrumb\"},\"inLanguage\":\"fr-FR\",\"potentialAction\":[{\"@type\":\"ReadAction\",\"target\":[\"https:\/\/bihortal.bio\/tienda\/non class\u00e9\/tomates-naturelles-concassees\/\"]}]},{\"@type\":\"ImageObject\",\"inLanguage\":\"fr-FR\",\"@id\":\"https:\/\/bihortal.bio\/tienda\/non class\u00e9\/tomates-naturelles-concassees\/#primaryimage\",\"url\":\"https:\/\/bihortal.bio\/wp-content\/uploads\/2023\/11\/Tomate-triturado.jpg\",\"contentUrl\":\"https:\/\/bihortal.bio\/wp-content\/uploads\/2023\/11\/Tomate-triturado.jpg\",\"width\":800,\"height\":1200},{\"@type\":\"BreadcrumbList\",\"@id\":\"https:\/\/bihortal.bio\/tienda\/non class\u00e9\/tomates-naturelles-concassees\/#breadcrumb\",\"itemListElement\":[{\"@type\":\"ListItem\",\"position\":1,\"name\":\"Portada\",\"item\":\"https:\/\/bihortal.bio\/fr\/\"},{\"@type\":\"ListItem\",\"position\":2,\"name\":\"Boutique\",\"item\":\"https:\/\/bihortal.bio\/fr\/boutique\/\"},{\"@type\":\"ListItem\",\"position\":3,\"name\":\"tomates naturelles concass\u00e9es\"}]},{\"@type\":\"WebSite\",\"@id\":\"https:\/\/bihortal.bio\/en\/#website\",\"url\":\"https:\/\/bihortal.bio\/en\/\",\"name\":\"Bihortal\",\"description\":\"Conservas ecol\u00f3gicas de calidad\",\"potentialAction\":[{\"@type\":\"SearchAction\",\"target\":{\"@type\":\"EntryPoint\",\"urlTemplate\":\"https:\/\/bihortal.bio\/en\/?s={search_term_string}\"},\"query-input\":{\"@type\":\"PropertyValueSpecification\",\"valueRequired\":true,\"valueName\":\"search_term_string\"}}],\"inLanguage\":\"fr-FR\"}]}<\/script>\n<!-- \/ Yoast SEO plugin. -->","yoast_head_json":{"title":"tomates naturelles concass\u00e9es - Bihortal","robots":{"index":"index","follow":"follow","max-snippet":"max-snippet:-1","max-image-preview":"max-image-preview:large","max-video-preview":"max-video-preview:-1"},"canonical":"https:\/\/bihortal.bio\/tienda\/non class\u00e9\/tomates-naturelles-concassees\/","og_locale":"fr_FR","og_type":"article","og_title":"tomates naturelles concass\u00e9es - Bihortal","og_description":"Nos tomates en conserve n\u00e9cessitent 2,5 kilos de tomates concass\u00e9es pour remplir un pot. Bihortal est une marque de tr\u00e8s haute qualit\u00e9 qui utilise une forte teneur en tomates et une consommation mod\u00e9r\u00e9e d&rsquo;eau pour que la saveur de nos conserves soit au go\u00fbt des...","og_url":"https:\/\/bihortal.bio\/tienda\/non class\u00e9\/tomates-naturelles-concassees\/","og_site_name":"Bihortal","twitter_card":"summary_large_image","schema":{"@context":"https:\/\/schema.org","@graph":[{"@type":"WebPage","@id":"https:\/\/bihortal.bio\/tienda\/non class\u00e9\/tomates-naturelles-concassees\/","url":"https:\/\/bihortal.bio\/tienda\/non class\u00e9\/tomates-naturelles-concassees\/","name":"tomates naturelles concass\u00e9es - Bihortal","isPartOf":{"@id":"https:\/\/bihortal.bio\/en\/#website"},"primaryImageOfPage":{"@id":"https:\/\/bihortal.bio\/tienda\/non class\u00e9\/tomates-naturelles-concassees\/#primaryimage"},"image":{"@id":"https:\/\/bihortal.bio\/tienda\/non class\u00e9\/tomates-naturelles-concassees\/#primaryimage"},"thumbnailUrl":"https:\/\/bihortal.bio\/wp-content\/uploads\/2023\/11\/Tomate-triturado.jpg","datePublished":"2023-11-09T10:43:30+00:00","breadcrumb":{"@id":"https:\/\/bihortal.bio\/tienda\/non class\u00e9\/tomates-naturelles-concassees\/#breadcrumb"},"inLanguage":"fr-FR","potentialAction":[{"@type":"ReadAction","target":["https:\/\/bihortal.bio\/tienda\/non class\u00e9\/tomates-naturelles-concassees\/"]}]},{"@type":"ImageObject","inLanguage":"fr-FR","@id":"https:\/\/bihortal.bio\/tienda\/non class\u00e9\/tomates-naturelles-concassees\/#primaryimage","url":"https:\/\/bihortal.bio\/wp-content\/uploads\/2023\/11\/Tomate-triturado.jpg","contentUrl":"https:\/\/bihortal.bio\/wp-content\/uploads\/2023\/11\/Tomate-triturado.jpg","width":800,"height":1200},{"@type":"BreadcrumbList","@id":"https:\/\/bihortal.bio\/tienda\/non class\u00e9\/tomates-naturelles-concassees\/#breadcrumb","itemListElement":[{"@type":"ListItem","position":1,"name":"Portada","item":"https:\/\/bihortal.bio\/fr\/"},{"@type":"ListItem","position":2,"name":"Boutique","item":"https:\/\/bihortal.bio\/fr\/boutique\/"},{"@type":"ListItem","position":3,"name":"tomates naturelles concass\u00e9es"}]},{"@type":"WebSite","@id":"https:\/\/bihortal.bio\/en\/#website","url":"https:\/\/bihortal.bio\/en\/","name":"Bihortal","description":"Conservas ecol\u00f3gicas de calidad","potentialAction":[{"@type":"SearchAction","target":{"@type":"EntryPoint","urlTemplate":"https:\/\/bihortal.bio\/en\/?s={search_term_string}"},"query-input":{"@type":"PropertyValueSpecification","valueRequired":true,"valueName":"search_term_string"}}],"inLanguage":"fr-FR"}]}},"_links":{"self":[{"href":"https:\/\/bihortal.bio\/fr\/wp-json\/wp\/v2\/product\/4022","targetHints":{"allow":["GET"]}}],"collection":[{"href":"https:\/\/bihortal.bio\/fr\/wp-json\/wp\/v2\/product"}],"about":[{"href":"https:\/\/bihortal.bio\/fr\/wp-json\/wp\/v2\/types\/product"}],"replies":[{"embeddable":true,"href":"https:\/\/bihortal.bio\/fr\/wp-json\/wp\/v2\/comments?post=4022"}],"wp:featuredmedia":[{"embeddable":true,"href":"https:\/\/bihortal.bio\/fr\/wp-json\/wp\/v2\/media\/3741"}],"wp:attachment":[{"href":"https:\/\/bihortal.bio\/fr\/wp-json\/wp\/v2\/media?parent=4022"}],"wp:term":[{"taxonomy":"product_brand","embeddable":true,"href":"https:\/\/bihortal.bio\/fr\/wp-json\/wp\/v2\/product_brand?post=4022"},{"taxonomy":"product_cat","embeddable":true,"href":"https:\/\/bihortal.bio\/fr\/wp-json\/wp\/v2\/product_cat?post=4022"},{"taxonomy":"product_tag","embeddable":true,"href":"https:\/\/bihortal.bio\/fr\/wp-json\/wp\/v2\/product_tag?post=4022"}],"curies":[{"name":"wp","href":"https:\/\/api.w.org\/{rel}","templated":true}]}}