{"id":3995,"date":"2023-11-08T13:57:41","date_gmt":"2023-11-09T10:13:36","guid":{"rendered":"https:\/\/bihortal.bio\/tienda\/non class\u00e9\/confiture-de-prunes-a-lagave\/"},"modified":"2023-11-09T11:13:36","modified_gmt":"2023-11-09T10:13:36","slug":"confiture-de-prunes-a-lagave","status":"publish","type":"product","link":"https:\/\/bihortal.bio\/fr\/tienda\/confiture\/confiture-de-prunes-a-lagave\/","title":{"rendered":"Confiture de prunes \u00e0 l&rsquo;agave"},"content":{"rendered":"<p>Avec 69% de Prune et 22% de sirop d&rsquo;agave, notre confiture est d\u00e9licieuse et tr\u00e8s saine. Le sirop d&rsquo;agave a un indice glyc\u00e9mique inf\u00e9rieur \u00e0 celui du sucre ordinaire, il ne provoque donc pas une augmentation aussi drastique des niveaux de glucose. La prune est riche en eau, en fibres et en glucides, mais ne contient pratiquement pas de mati\u00e8res grasses ou de prot\u00e9ines. C&rsquo;est le fruit laxatif par excellence qui apporte \u00e9galement des vitamines A, C et E.<\/p>\n<h3>Ingr\u00e9dients<\/h3>\n<p>Prune (69%), sirop d&rsquo;agave (22%), pectine de pomme, acide citrique.<\/p>\n","protected":false},"excerpt":{"rendered":"<p>Avec 69% de Prune et 22% de sirop d&rsquo;agave, notre confiture est d\u00e9licieuse et tr\u00e8s saine. Le sirop d&rsquo;agave a un indice glyc\u00e9mique inf\u00e9rieur \u00e0 celui du sucre ordinaire, il ne provoque donc pas une augmentation aussi drastique des niveaux de glucose. La prune est&#8230;<\/p>\n","protected":false},"featured_media":3787,"comment_status":"open","ping_status":"closed","template":"","meta":[],"product_brand":[],"product_cat":[242],"product_tag":[],"class_list":{"0":"post-3995","1":"product","2":"type-product","3":"status-publish","4":"has-post-thumbnail","6":"product_cat-confiture","8":"first","9":"instock","10":"taxable","11":"shipping-taxable","12":"purchasable","13":"product-type-simple"},"yoast_head":"<!-- This site is optimized with the Yoast SEO plugin v26.5 - https:\/\/yoast.com\/wordpress\/plugins\/seo\/ -->\n<title>Confiture de prunes \u00e0 l&#039;agave - Bihortal<\/title>\n<meta name=\"robots\" content=\"index, follow, max-snippet:-1, max-image-preview:large, max-video-preview:-1\" \/>\n<link rel=\"canonical\" href=\"https:\/\/bihortal.bio\/tienda\/non%20class\u00e9\/confiture-de-prunes-a-lagave\/\" \/>\n<meta property=\"og:locale\" content=\"fr_FR\" \/>\n<meta property=\"og:type\" content=\"article\" \/>\n<meta property=\"og:title\" content=\"Confiture de prunes \u00e0 l&#039;agave - Bihortal\" \/>\n<meta property=\"og:description\" content=\"Avec 69% de Prune et 22% de sirop d&rsquo;agave, notre confiture est d\u00e9licieuse et tr\u00e8s saine. Le sirop d&rsquo;agave a un indice glyc\u00e9mique inf\u00e9rieur \u00e0 celui du sucre ordinaire, il ne provoque donc pas une augmentation aussi drastique des niveaux de glucose. La prune est...\" \/>\n<meta property=\"og:url\" content=\"https:\/\/bihortal.bio\/tienda\/non class\u00e9\/confiture-de-prunes-a-lagave\/\" \/>\n<meta property=\"og:site_name\" content=\"Bihortal\" \/>\n<meta name=\"twitter:card\" content=\"summary_large_image\" \/>\n<script type=\"application\/ld+json\" class=\"yoast-schema-graph\">{\"@context\":\"https:\/\/schema.org\",\"@graph\":[{\"@type\":\"WebPage\",\"@id\":\"https:\/\/bihortal.bio\/tienda\/non class\u00e9\/confiture-de-prunes-a-lagave\/\",\"url\":\"https:\/\/bihortal.bio\/tienda\/non class\u00e9\/confiture-de-prunes-a-lagave\/\",\"name\":\"Confiture de prunes \u00e0 l'agave - Bihortal\",\"isPartOf\":{\"@id\":\"https:\/\/bihortal.bio\/en\/#website\"},\"primaryImageOfPage\":{\"@id\":\"https:\/\/bihortal.bio\/tienda\/non class\u00e9\/confiture-de-prunes-a-lagave\/#primaryimage\"},\"image\":{\"@id\":\"https:\/\/bihortal.bio\/tienda\/non class\u00e9\/confiture-de-prunes-a-lagave\/#primaryimage\"},\"thumbnailUrl\":\"https:\/\/bihortal.bio\/wp-content\/uploads\/2023\/11\/Mermelada-ciruela.jpg\",\"datePublished\":\"2023-11-09T10:13:36+00:00\",\"breadcrumb\":{\"@id\":\"https:\/\/bihortal.bio\/tienda\/non class\u00e9\/confiture-de-prunes-a-lagave\/#breadcrumb\"},\"inLanguage\":\"fr-FR\",\"potentialAction\":[{\"@type\":\"ReadAction\",\"target\":[\"https:\/\/bihortal.bio\/tienda\/non class\u00e9\/confiture-de-prunes-a-lagave\/\"]}]},{\"@type\":\"ImageObject\",\"inLanguage\":\"fr-FR\",\"@id\":\"https:\/\/bihortal.bio\/tienda\/non class\u00e9\/confiture-de-prunes-a-lagave\/#primaryimage\",\"url\":\"https:\/\/bihortal.bio\/wp-content\/uploads\/2023\/11\/Mermelada-ciruela.jpg\",\"contentUrl\":\"https:\/\/bihortal.bio\/wp-content\/uploads\/2023\/11\/Mermelada-ciruela.jpg\",\"width\":800,\"height\":1200},{\"@type\":\"BreadcrumbList\",\"@id\":\"https:\/\/bihortal.bio\/tienda\/non class\u00e9\/confiture-de-prunes-a-lagave\/#breadcrumb\",\"itemListElement\":[{\"@type\":\"ListItem\",\"position\":1,\"name\":\"Portada\",\"item\":\"https:\/\/bihortal.bio\/fr\/\"},{\"@type\":\"ListItem\",\"position\":2,\"name\":\"Boutique\",\"item\":\"https:\/\/bihortal.bio\/fr\/boutique\/\"},{\"@type\":\"ListItem\",\"position\":3,\"name\":\"Confiture de prunes \u00e0 l&#8217;agave\"}]},{\"@type\":\"WebSite\",\"@id\":\"https:\/\/bihortal.bio\/en\/#website\",\"url\":\"https:\/\/bihortal.bio\/en\/\",\"name\":\"Bihortal\",\"description\":\"Conservas ecol\u00f3gicas de calidad\",\"potentialAction\":[{\"@type\":\"SearchAction\",\"target\":{\"@type\":\"EntryPoint\",\"urlTemplate\":\"https:\/\/bihortal.bio\/en\/?s={search_term_string}\"},\"query-input\":{\"@type\":\"PropertyValueSpecification\",\"valueRequired\":true,\"valueName\":\"search_term_string\"}}],\"inLanguage\":\"fr-FR\"}]}<\/script>\n<!-- \/ Yoast SEO plugin. -->","yoast_head_json":{"title":"Confiture de prunes \u00e0 l'agave - Bihortal","robots":{"index":"index","follow":"follow","max-snippet":"max-snippet:-1","max-image-preview":"max-image-preview:large","max-video-preview":"max-video-preview:-1"},"canonical":"https:\/\/bihortal.bio\/tienda\/non class\u00e9\/confiture-de-prunes-a-lagave\/","og_locale":"fr_FR","og_type":"article","og_title":"Confiture de prunes \u00e0 l'agave - Bihortal","og_description":"Avec 69% de Prune et 22% de sirop d&rsquo;agave, notre confiture est d\u00e9licieuse et tr\u00e8s saine. Le sirop d&rsquo;agave a un indice glyc\u00e9mique inf\u00e9rieur \u00e0 celui du sucre ordinaire, il ne provoque donc pas une augmentation aussi drastique des niveaux de glucose. La prune est...","og_url":"https:\/\/bihortal.bio\/tienda\/non class\u00e9\/confiture-de-prunes-a-lagave\/","og_site_name":"Bihortal","twitter_card":"summary_large_image","schema":{"@context":"https:\/\/schema.org","@graph":[{"@type":"WebPage","@id":"https:\/\/bihortal.bio\/tienda\/non class\u00e9\/confiture-de-prunes-a-lagave\/","url":"https:\/\/bihortal.bio\/tienda\/non class\u00e9\/confiture-de-prunes-a-lagave\/","name":"Confiture de prunes \u00e0 l'agave - Bihortal","isPartOf":{"@id":"https:\/\/bihortal.bio\/en\/#website"},"primaryImageOfPage":{"@id":"https:\/\/bihortal.bio\/tienda\/non class\u00e9\/confiture-de-prunes-a-lagave\/#primaryimage"},"image":{"@id":"https:\/\/bihortal.bio\/tienda\/non class\u00e9\/confiture-de-prunes-a-lagave\/#primaryimage"},"thumbnailUrl":"https:\/\/bihortal.bio\/wp-content\/uploads\/2023\/11\/Mermelada-ciruela.jpg","datePublished":"2023-11-09T10:13:36+00:00","breadcrumb":{"@id":"https:\/\/bihortal.bio\/tienda\/non class\u00e9\/confiture-de-prunes-a-lagave\/#breadcrumb"},"inLanguage":"fr-FR","potentialAction":[{"@type":"ReadAction","target":["https:\/\/bihortal.bio\/tienda\/non class\u00e9\/confiture-de-prunes-a-lagave\/"]}]},{"@type":"ImageObject","inLanguage":"fr-FR","@id":"https:\/\/bihortal.bio\/tienda\/non class\u00e9\/confiture-de-prunes-a-lagave\/#primaryimage","url":"https:\/\/bihortal.bio\/wp-content\/uploads\/2023\/11\/Mermelada-ciruela.jpg","contentUrl":"https:\/\/bihortal.bio\/wp-content\/uploads\/2023\/11\/Mermelada-ciruela.jpg","width":800,"height":1200},{"@type":"BreadcrumbList","@id":"https:\/\/bihortal.bio\/tienda\/non class\u00e9\/confiture-de-prunes-a-lagave\/#breadcrumb","itemListElement":[{"@type":"ListItem","position":1,"name":"Portada","item":"https:\/\/bihortal.bio\/fr\/"},{"@type":"ListItem","position":2,"name":"Boutique","item":"https:\/\/bihortal.bio\/fr\/boutique\/"},{"@type":"ListItem","position":3,"name":"Confiture de prunes \u00e0 l&#8217;agave"}]},{"@type":"WebSite","@id":"https:\/\/bihortal.bio\/en\/#website","url":"https:\/\/bihortal.bio\/en\/","name":"Bihortal","description":"Conservas ecol\u00f3gicas de calidad","potentialAction":[{"@type":"SearchAction","target":{"@type":"EntryPoint","urlTemplate":"https:\/\/bihortal.bio\/en\/?s={search_term_string}"},"query-input":{"@type":"PropertyValueSpecification","valueRequired":true,"valueName":"search_term_string"}}],"inLanguage":"fr-FR"}]}},"_links":{"self":[{"href":"https:\/\/bihortal.bio\/fr\/wp-json\/wp\/v2\/product\/3995","targetHints":{"allow":["GET"]}}],"collection":[{"href":"https:\/\/bihortal.bio\/fr\/wp-json\/wp\/v2\/product"}],"about":[{"href":"https:\/\/bihortal.bio\/fr\/wp-json\/wp\/v2\/types\/product"}],"replies":[{"embeddable":true,"href":"https:\/\/bihortal.bio\/fr\/wp-json\/wp\/v2\/comments?post=3995"}],"wp:featuredmedia":[{"embeddable":true,"href":"https:\/\/bihortal.bio\/fr\/wp-json\/wp\/v2\/media\/3787"}],"wp:attachment":[{"href":"https:\/\/bihortal.bio\/fr\/wp-json\/wp\/v2\/media?parent=3995"}],"wp:term":[{"taxonomy":"product_brand","embeddable":true,"href":"https:\/\/bihortal.bio\/fr\/wp-json\/wp\/v2\/product_brand?post=3995"},{"taxonomy":"product_cat","embeddable":true,"href":"https:\/\/bihortal.bio\/fr\/wp-json\/wp\/v2\/product_cat?post=3995"},{"taxonomy":"product_tag","embeddable":true,"href":"https:\/\/bihortal.bio\/fr\/wp-json\/wp\/v2\/product_tag?post=3995"}],"curies":[{"name":"wp","href":"https:\/\/api.w.org\/{rel}","templated":true}]}}