{"id":3976,"date":"2023-11-08T13:58:06","date_gmt":"2023-11-09T09:40:01","guid":{"rendered":"https:\/\/bihortal.bio\/tienda\/non class\u00e9\/confiture-de-fruits-des-bois-a-lagave\/"},"modified":"2023-11-09T10:40:01","modified_gmt":"2023-11-09T09:40:01","slug":"confiture-de-fruits-des-bois-a-lagave","status":"publish","type":"product","link":"https:\/\/bihortal.bio\/fr\/tienda\/confiture\/confiture-de-fruits-des-bois-a-lagave\/","title":{"rendered":"Confiture de fruits des bois \u00e0 l&rsquo;agave"},"content":{"rendered":"<p>C&rsquo;est une confiture d\u00e9licieuse et tr\u00e8s saine qui contient des myrtilles, des framboises, des fraises, des m\u00fbres et du sirop d&rsquo;agave. Le sirop d&rsquo;agave a un indice glyc\u00e9mique inf\u00e9rieur \u00e0 celui du sucre ordinaire, il ne provoque donc pas une augmentation aussi drastique des niveaux de glucose. Sa forte teneur en fruits fait de cette confiture un produit riche en vitamines et min\u00e9raux.<\/p>\n<h3>Ingr\u00e9dients<\/h3>\n<p>Myrtilles, framboises, fraises, m\u00fbres, sirop d&rsquo;agave, pectine de pomme, jus de citron.<\/p>\n","protected":false},"excerpt":{"rendered":"<p>C&rsquo;est une confiture d\u00e9licieuse et tr\u00e8s saine qui contient des myrtilles, des framboises, des fraises, des m\u00fbres et du sirop d&rsquo;agave. Le sirop d&rsquo;agave a un indice glyc\u00e9mique inf\u00e9rieur \u00e0 celui du sucre ordinaire, il ne provoque donc pas une augmentation aussi drastique des niveaux&#8230;<\/p>\n","protected":false},"featured_media":3799,"comment_status":"open","ping_status":"closed","template":"","meta":[],"product_brand":[],"product_cat":[242],"product_tag":[],"class_list":{"0":"post-3976","1":"product","2":"type-product","3":"status-publish","4":"has-post-thumbnail","6":"product_cat-confiture","8":"first","9":"instock","10":"taxable","11":"shipping-taxable","12":"purchasable","13":"product-type-simple"},"yoast_head":"<!-- This site is optimized with the Yoast SEO plugin v26.5 - https:\/\/yoast.com\/wordpress\/plugins\/seo\/ -->\n<title>Confiture de fruits des bois \u00e0 l&#039;agave - Bihortal<\/title>\n<meta name=\"robots\" content=\"index, follow, max-snippet:-1, max-image-preview:large, max-video-preview:-1\" \/>\n<link rel=\"canonical\" href=\"https:\/\/bihortal.bio\/tienda\/non%20class\u00e9\/confiture-de-fruits-des-bois-a-lagave\/\" \/>\n<meta property=\"og:locale\" content=\"fr_FR\" \/>\n<meta property=\"og:type\" content=\"article\" \/>\n<meta property=\"og:title\" content=\"Confiture de fruits des bois \u00e0 l&#039;agave - Bihortal\" \/>\n<meta property=\"og:description\" content=\"C&rsquo;est une confiture d\u00e9licieuse et tr\u00e8s saine qui contient des myrtilles, des framboises, des fraises, des m\u00fbres et du sirop d&rsquo;agave. Le sirop d&rsquo;agave a un indice glyc\u00e9mique inf\u00e9rieur \u00e0 celui du sucre ordinaire, il ne provoque donc pas une augmentation aussi drastique des niveaux...\" \/>\n<meta property=\"og:url\" content=\"https:\/\/bihortal.bio\/tienda\/non class\u00e9\/confiture-de-fruits-des-bois-a-lagave\/\" \/>\n<meta property=\"og:site_name\" content=\"Bihortal\" \/>\n<meta name=\"twitter:card\" content=\"summary_large_image\" \/>\n<script type=\"application\/ld+json\" class=\"yoast-schema-graph\">{\"@context\":\"https:\/\/schema.org\",\"@graph\":[{\"@type\":\"WebPage\",\"@id\":\"https:\/\/bihortal.bio\/tienda\/non class\u00e9\/confiture-de-fruits-des-bois-a-lagave\/\",\"url\":\"https:\/\/bihortal.bio\/tienda\/non class\u00e9\/confiture-de-fruits-des-bois-a-lagave\/\",\"name\":\"Confiture de fruits des bois \u00e0 l'agave - Bihortal\",\"isPartOf\":{\"@id\":\"https:\/\/bihortal.bio\/en\/#website\"},\"primaryImageOfPage\":{\"@id\":\"https:\/\/bihortal.bio\/tienda\/non class\u00e9\/confiture-de-fruits-des-bois-a-lagave\/#primaryimage\"},\"image\":{\"@id\":\"https:\/\/bihortal.bio\/tienda\/non class\u00e9\/confiture-de-fruits-des-bois-a-lagave\/#primaryimage\"},\"thumbnailUrl\":\"https:\/\/bihortal.bio\/wp-content\/uploads\/2023\/11\/Mermelada-frutos-bosque-683x1024-1.jpg\",\"datePublished\":\"2023-11-09T09:40:01+00:00\",\"breadcrumb\":{\"@id\":\"https:\/\/bihortal.bio\/tienda\/non class\u00e9\/confiture-de-fruits-des-bois-a-lagave\/#breadcrumb\"},\"inLanguage\":\"fr-FR\",\"potentialAction\":[{\"@type\":\"ReadAction\",\"target\":[\"https:\/\/bihortal.bio\/tienda\/non class\u00e9\/confiture-de-fruits-des-bois-a-lagave\/\"]}]},{\"@type\":\"ImageObject\",\"inLanguage\":\"fr-FR\",\"@id\":\"https:\/\/bihortal.bio\/tienda\/non class\u00e9\/confiture-de-fruits-des-bois-a-lagave\/#primaryimage\",\"url\":\"https:\/\/bihortal.bio\/wp-content\/uploads\/2023\/11\/Mermelada-frutos-bosque-683x1024-1.jpg\",\"contentUrl\":\"https:\/\/bihortal.bio\/wp-content\/uploads\/2023\/11\/Mermelada-frutos-bosque-683x1024-1.jpg\",\"width\":683,\"height\":1024},{\"@type\":\"BreadcrumbList\",\"@id\":\"https:\/\/bihortal.bio\/tienda\/non class\u00e9\/confiture-de-fruits-des-bois-a-lagave\/#breadcrumb\",\"itemListElement\":[{\"@type\":\"ListItem\",\"position\":1,\"name\":\"Portada\",\"item\":\"https:\/\/bihortal.bio\/fr\/\"},{\"@type\":\"ListItem\",\"position\":2,\"name\":\"Boutique\",\"item\":\"https:\/\/bihortal.bio\/fr\/boutique\/\"},{\"@type\":\"ListItem\",\"position\":3,\"name\":\"Confiture de fruits des bois \u00e0 l&#8217;agave\"}]},{\"@type\":\"WebSite\",\"@id\":\"https:\/\/bihortal.bio\/en\/#website\",\"url\":\"https:\/\/bihortal.bio\/en\/\",\"name\":\"Bihortal\",\"description\":\"Conservas ecol\u00f3gicas de calidad\",\"potentialAction\":[{\"@type\":\"SearchAction\",\"target\":{\"@type\":\"EntryPoint\",\"urlTemplate\":\"https:\/\/bihortal.bio\/en\/?s={search_term_string}\"},\"query-input\":{\"@type\":\"PropertyValueSpecification\",\"valueRequired\":true,\"valueName\":\"search_term_string\"}}],\"inLanguage\":\"fr-FR\"}]}<\/script>\n<!-- \/ Yoast SEO plugin. -->","yoast_head_json":{"title":"Confiture de fruits des bois \u00e0 l'agave - Bihortal","robots":{"index":"index","follow":"follow","max-snippet":"max-snippet:-1","max-image-preview":"max-image-preview:large","max-video-preview":"max-video-preview:-1"},"canonical":"https:\/\/bihortal.bio\/tienda\/non class\u00e9\/confiture-de-fruits-des-bois-a-lagave\/","og_locale":"fr_FR","og_type":"article","og_title":"Confiture de fruits des bois \u00e0 l'agave - Bihortal","og_description":"C&rsquo;est une confiture d\u00e9licieuse et tr\u00e8s saine qui contient des myrtilles, des framboises, des fraises, des m\u00fbres et du sirop d&rsquo;agave. Le sirop d&rsquo;agave a un indice glyc\u00e9mique inf\u00e9rieur \u00e0 celui du sucre ordinaire, il ne provoque donc pas une augmentation aussi drastique des niveaux...","og_url":"https:\/\/bihortal.bio\/tienda\/non class\u00e9\/confiture-de-fruits-des-bois-a-lagave\/","og_site_name":"Bihortal","twitter_card":"summary_large_image","schema":{"@context":"https:\/\/schema.org","@graph":[{"@type":"WebPage","@id":"https:\/\/bihortal.bio\/tienda\/non class\u00e9\/confiture-de-fruits-des-bois-a-lagave\/","url":"https:\/\/bihortal.bio\/tienda\/non class\u00e9\/confiture-de-fruits-des-bois-a-lagave\/","name":"Confiture de fruits des bois \u00e0 l'agave - Bihortal","isPartOf":{"@id":"https:\/\/bihortal.bio\/en\/#website"},"primaryImageOfPage":{"@id":"https:\/\/bihortal.bio\/tienda\/non class\u00e9\/confiture-de-fruits-des-bois-a-lagave\/#primaryimage"},"image":{"@id":"https:\/\/bihortal.bio\/tienda\/non class\u00e9\/confiture-de-fruits-des-bois-a-lagave\/#primaryimage"},"thumbnailUrl":"https:\/\/bihortal.bio\/wp-content\/uploads\/2023\/11\/Mermelada-frutos-bosque-683x1024-1.jpg","datePublished":"2023-11-09T09:40:01+00:00","breadcrumb":{"@id":"https:\/\/bihortal.bio\/tienda\/non class\u00e9\/confiture-de-fruits-des-bois-a-lagave\/#breadcrumb"},"inLanguage":"fr-FR","potentialAction":[{"@type":"ReadAction","target":["https:\/\/bihortal.bio\/tienda\/non class\u00e9\/confiture-de-fruits-des-bois-a-lagave\/"]}]},{"@type":"ImageObject","inLanguage":"fr-FR","@id":"https:\/\/bihortal.bio\/tienda\/non class\u00e9\/confiture-de-fruits-des-bois-a-lagave\/#primaryimage","url":"https:\/\/bihortal.bio\/wp-content\/uploads\/2023\/11\/Mermelada-frutos-bosque-683x1024-1.jpg","contentUrl":"https:\/\/bihortal.bio\/wp-content\/uploads\/2023\/11\/Mermelada-frutos-bosque-683x1024-1.jpg","width":683,"height":1024},{"@type":"BreadcrumbList","@id":"https:\/\/bihortal.bio\/tienda\/non class\u00e9\/confiture-de-fruits-des-bois-a-lagave\/#breadcrumb","itemListElement":[{"@type":"ListItem","position":1,"name":"Portada","item":"https:\/\/bihortal.bio\/fr\/"},{"@type":"ListItem","position":2,"name":"Boutique","item":"https:\/\/bihortal.bio\/fr\/boutique\/"},{"@type":"ListItem","position":3,"name":"Confiture de fruits des bois \u00e0 l&#8217;agave"}]},{"@type":"WebSite","@id":"https:\/\/bihortal.bio\/en\/#website","url":"https:\/\/bihortal.bio\/en\/","name":"Bihortal","description":"Conservas ecol\u00f3gicas de calidad","potentialAction":[{"@type":"SearchAction","target":{"@type":"EntryPoint","urlTemplate":"https:\/\/bihortal.bio\/en\/?s={search_term_string}"},"query-input":{"@type":"PropertyValueSpecification","valueRequired":true,"valueName":"search_term_string"}}],"inLanguage":"fr-FR"}]}},"_links":{"self":[{"href":"https:\/\/bihortal.bio\/fr\/wp-json\/wp\/v2\/product\/3976","targetHints":{"allow":["GET"]}}],"collection":[{"href":"https:\/\/bihortal.bio\/fr\/wp-json\/wp\/v2\/product"}],"about":[{"href":"https:\/\/bihortal.bio\/fr\/wp-json\/wp\/v2\/types\/product"}],"replies":[{"embeddable":true,"href":"https:\/\/bihortal.bio\/fr\/wp-json\/wp\/v2\/comments?post=3976"}],"wp:featuredmedia":[{"embeddable":true,"href":"https:\/\/bihortal.bio\/fr\/wp-json\/wp\/v2\/media\/3799"}],"wp:attachment":[{"href":"https:\/\/bihortal.bio\/fr\/wp-json\/wp\/v2\/media?parent=3976"}],"wp:term":[{"taxonomy":"product_brand","embeddable":true,"href":"https:\/\/bihortal.bio\/fr\/wp-json\/wp\/v2\/product_brand?post=3976"},{"taxonomy":"product_cat","embeddable":true,"href":"https:\/\/bihortal.bio\/fr\/wp-json\/wp\/v2\/product_cat?post=3976"},{"taxonomy":"product_tag","embeddable":true,"href":"https:\/\/bihortal.bio\/fr\/wp-json\/wp\/v2\/product_tag?post=3976"}],"curies":[{"name":"wp","href":"https:\/\/api.w.org\/{rel}","templated":true}]}}