{"id":3970,"date":"2023-11-08T13:58:06","date_gmt":"2023-11-09T09:28:54","guid":{"rendered":"https:\/\/bihortal.bio\/tienda\/non%20class\u00e9\/confiture-de-mures-a-lagave\/"},"modified":"2023-11-09T10:30:48","modified_gmt":"2023-11-09T09:30:48","slug":"confiture-de-mures-a-lagave","status":"publish","type":"product","link":"https:\/\/bihortal.bio\/fr\/tienda\/confiture\/confiture-de-mures-a-lagave\/","title":{"rendered":"Confiture de m\u00fbres \u00e0 l&rsquo;agave"},"content":{"rendered":"<p>Confiture de m\u00fbres \u00e0 l&rsquo;agave Le sirop d&rsquo;agave a un indice glyc\u00e9mique inf\u00e9rieur \u00e0 celui du sucre ordinaire, il ne provoque donc pas une augmentation aussi drastique des niveaux de glucose. La m\u00fbre est un fruit qui contient un niveau \u00e9lev\u00e9 de vitamines B et C, de calcium, de potassium et de fer. C&rsquo;est un fruit riche en fibres et en antioxydants.<\/p>\n<h3>Ingr\u00e9dients<\/h3>\n<p>Moras, sirope de \u00e1gave, pectina de manzana, zumo de lim\u00f3n.<\/p>\n","protected":false},"excerpt":{"rendered":"<p>Confiture de m\u00fbres \u00e0 l&rsquo;agave Le sirop d&rsquo;agave a un indice glyc\u00e9mique inf\u00e9rieur \u00e0 celui du sucre ordinaire, il ne provoque donc pas une augmentation aussi drastique des niveaux de glucose. La m\u00fbre est un fruit qui contient un niveau \u00e9lev\u00e9 de vitamines B et&#8230;<\/p>\n","protected":false},"featured_media":3807,"comment_status":"open","ping_status":"closed","template":"","meta":[],"product_brand":[],"product_cat":[242],"product_tag":[],"class_list":{"0":"post-3970","1":"product","2":"type-product","3":"status-publish","4":"has-post-thumbnail","6":"product_cat-confiture","8":"first","9":"instock","10":"taxable","11":"shipping-taxable","12":"purchasable","13":"product-type-simple"},"yoast_head":"<!-- This site is optimized with the Yoast SEO plugin v26.5 - https:\/\/yoast.com\/wordpress\/plugins\/seo\/ -->\n<title>Confiture de m\u00fbres \u00e0 l&#039;agave - Bihortal<\/title>\n<meta name=\"robots\" content=\"index, follow, max-snippet:-1, max-image-preview:large, max-video-preview:-1\" \/>\n<link rel=\"canonical\" href=\"https:\/\/bihortal.bio\/fr\/tienda\/confiture\/confiture-de-mures-a-lagave\/\" \/>\n<meta property=\"og:locale\" content=\"fr_FR\" \/>\n<meta property=\"og:type\" content=\"article\" \/>\n<meta property=\"og:title\" content=\"Confiture de m\u00fbres \u00e0 l&#039;agave - Bihortal\" \/>\n<meta property=\"og:description\" content=\"Confiture de m\u00fbres \u00e0 l&rsquo;agave Le sirop d&rsquo;agave a un indice glyc\u00e9mique inf\u00e9rieur \u00e0 celui du sucre ordinaire, il ne provoque donc pas une augmentation aussi drastique des niveaux de glucose. La m\u00fbre est un fruit qui contient un niveau \u00e9lev\u00e9 de vitamines B et...\" \/>\n<meta property=\"og:url\" content=\"https:\/\/bihortal.bio\/fr\/tienda\/confiture\/confiture-de-mures-a-lagave\/\" \/>\n<meta property=\"og:site_name\" content=\"Bihortal\" \/>\n<meta property=\"article:modified_time\" content=\"2023-11-09T09:30:48+00:00\" \/>\n<meta property=\"og:image\" content=\"https:\/\/bihortal.bio\/wp-content\/uploads\/2023\/11\/Mermelada-mora.jpg\" \/>\n\t<meta property=\"og:image:width\" content=\"800\" \/>\n\t<meta property=\"og:image:height\" content=\"1200\" \/>\n\t<meta property=\"og:image:type\" content=\"image\/jpeg\" \/>\n<meta name=\"twitter:card\" content=\"summary_large_image\" \/>\n<script type=\"application\/ld+json\" class=\"yoast-schema-graph\">{\"@context\":\"https:\/\/schema.org\",\"@graph\":[{\"@type\":\"WebPage\",\"@id\":\"https:\/\/bihortal.bio\/fr\/tienda\/confiture\/confiture-de-mures-a-lagave\/\",\"url\":\"https:\/\/bihortal.bio\/fr\/tienda\/confiture\/confiture-de-mures-a-lagave\/\",\"name\":\"Confiture de m\u00fbres \u00e0 l'agave - Bihortal\",\"isPartOf\":{\"@id\":\"https:\/\/bihortal.bio\/en\/#website\"},\"primaryImageOfPage\":{\"@id\":\"https:\/\/bihortal.bio\/fr\/tienda\/confiture\/confiture-de-mures-a-lagave\/#primaryimage\"},\"image\":{\"@id\":\"https:\/\/bihortal.bio\/fr\/tienda\/confiture\/confiture-de-mures-a-lagave\/#primaryimage\"},\"thumbnailUrl\":\"https:\/\/bihortal.bio\/wp-content\/uploads\/2023\/11\/Mermelada-mora.jpg\",\"datePublished\":\"2023-11-09T09:28:54+00:00\",\"dateModified\":\"2023-11-09T09:30:48+00:00\",\"breadcrumb\":{\"@id\":\"https:\/\/bihortal.bio\/fr\/tienda\/confiture\/confiture-de-mures-a-lagave\/#breadcrumb\"},\"inLanguage\":\"fr-FR\",\"potentialAction\":[{\"@type\":\"ReadAction\",\"target\":[\"https:\/\/bihortal.bio\/fr\/tienda\/confiture\/confiture-de-mures-a-lagave\/\"]}]},{\"@type\":\"ImageObject\",\"inLanguage\":\"fr-FR\",\"@id\":\"https:\/\/bihortal.bio\/fr\/tienda\/confiture\/confiture-de-mures-a-lagave\/#primaryimage\",\"url\":\"https:\/\/bihortal.bio\/wp-content\/uploads\/2023\/11\/Mermelada-mora.jpg\",\"contentUrl\":\"https:\/\/bihortal.bio\/wp-content\/uploads\/2023\/11\/Mermelada-mora.jpg\",\"width\":800,\"height\":1200},{\"@type\":\"BreadcrumbList\",\"@id\":\"https:\/\/bihortal.bio\/fr\/tienda\/confiture\/confiture-de-mures-a-lagave\/#breadcrumb\",\"itemListElement\":[{\"@type\":\"ListItem\",\"position\":1,\"name\":\"Portada\",\"item\":\"https:\/\/bihortal.bio\/fr\/\"},{\"@type\":\"ListItem\",\"position\":2,\"name\":\"Boutique\",\"item\":\"https:\/\/bihortal.bio\/fr\/boutique\/\"},{\"@type\":\"ListItem\",\"position\":3,\"name\":\"Confiture de m\u00fbres \u00e0 l&#8217;agave\"}]},{\"@type\":\"WebSite\",\"@id\":\"https:\/\/bihortal.bio\/en\/#website\",\"url\":\"https:\/\/bihortal.bio\/en\/\",\"name\":\"Bihortal\",\"description\":\"Conservas ecol\u00f3gicas de calidad\",\"potentialAction\":[{\"@type\":\"SearchAction\",\"target\":{\"@type\":\"EntryPoint\",\"urlTemplate\":\"https:\/\/bihortal.bio\/en\/?s={search_term_string}\"},\"query-input\":{\"@type\":\"PropertyValueSpecification\",\"valueRequired\":true,\"valueName\":\"search_term_string\"}}],\"inLanguage\":\"fr-FR\"}]}<\/script>\n<!-- \/ Yoast SEO plugin. -->","yoast_head_json":{"title":"Confiture de m\u00fbres \u00e0 l'agave - Bihortal","robots":{"index":"index","follow":"follow","max-snippet":"max-snippet:-1","max-image-preview":"max-image-preview:large","max-video-preview":"max-video-preview:-1"},"canonical":"https:\/\/bihortal.bio\/fr\/tienda\/confiture\/confiture-de-mures-a-lagave\/","og_locale":"fr_FR","og_type":"article","og_title":"Confiture de m\u00fbres \u00e0 l'agave - Bihortal","og_description":"Confiture de m\u00fbres \u00e0 l&rsquo;agave Le sirop d&rsquo;agave a un indice glyc\u00e9mique inf\u00e9rieur \u00e0 celui du sucre ordinaire, il ne provoque donc pas une augmentation aussi drastique des niveaux de glucose. La m\u00fbre est un fruit qui contient un niveau \u00e9lev\u00e9 de vitamines B et...","og_url":"https:\/\/bihortal.bio\/fr\/tienda\/confiture\/confiture-de-mures-a-lagave\/","og_site_name":"Bihortal","article_modified_time":"2023-11-09T09:30:48+00:00","og_image":[{"width":800,"height":1200,"url":"https:\/\/bihortal.bio\/wp-content\/uploads\/2023\/11\/Mermelada-mora.jpg","type":"image\/jpeg"}],"twitter_card":"summary_large_image","schema":{"@context":"https:\/\/schema.org","@graph":[{"@type":"WebPage","@id":"https:\/\/bihortal.bio\/fr\/tienda\/confiture\/confiture-de-mures-a-lagave\/","url":"https:\/\/bihortal.bio\/fr\/tienda\/confiture\/confiture-de-mures-a-lagave\/","name":"Confiture de m\u00fbres \u00e0 l'agave - Bihortal","isPartOf":{"@id":"https:\/\/bihortal.bio\/en\/#website"},"primaryImageOfPage":{"@id":"https:\/\/bihortal.bio\/fr\/tienda\/confiture\/confiture-de-mures-a-lagave\/#primaryimage"},"image":{"@id":"https:\/\/bihortal.bio\/fr\/tienda\/confiture\/confiture-de-mures-a-lagave\/#primaryimage"},"thumbnailUrl":"https:\/\/bihortal.bio\/wp-content\/uploads\/2023\/11\/Mermelada-mora.jpg","datePublished":"2023-11-09T09:28:54+00:00","dateModified":"2023-11-09T09:30:48+00:00","breadcrumb":{"@id":"https:\/\/bihortal.bio\/fr\/tienda\/confiture\/confiture-de-mures-a-lagave\/#breadcrumb"},"inLanguage":"fr-FR","potentialAction":[{"@type":"ReadAction","target":["https:\/\/bihortal.bio\/fr\/tienda\/confiture\/confiture-de-mures-a-lagave\/"]}]},{"@type":"ImageObject","inLanguage":"fr-FR","@id":"https:\/\/bihortal.bio\/fr\/tienda\/confiture\/confiture-de-mures-a-lagave\/#primaryimage","url":"https:\/\/bihortal.bio\/wp-content\/uploads\/2023\/11\/Mermelada-mora.jpg","contentUrl":"https:\/\/bihortal.bio\/wp-content\/uploads\/2023\/11\/Mermelada-mora.jpg","width":800,"height":1200},{"@type":"BreadcrumbList","@id":"https:\/\/bihortal.bio\/fr\/tienda\/confiture\/confiture-de-mures-a-lagave\/#breadcrumb","itemListElement":[{"@type":"ListItem","position":1,"name":"Portada","item":"https:\/\/bihortal.bio\/fr\/"},{"@type":"ListItem","position":2,"name":"Boutique","item":"https:\/\/bihortal.bio\/fr\/boutique\/"},{"@type":"ListItem","position":3,"name":"Confiture de m\u00fbres \u00e0 l&#8217;agave"}]},{"@type":"WebSite","@id":"https:\/\/bihortal.bio\/en\/#website","url":"https:\/\/bihortal.bio\/en\/","name":"Bihortal","description":"Conservas ecol\u00f3gicas de calidad","potentialAction":[{"@type":"SearchAction","target":{"@type":"EntryPoint","urlTemplate":"https:\/\/bihortal.bio\/en\/?s={search_term_string}"},"query-input":{"@type":"PropertyValueSpecification","valueRequired":true,"valueName":"search_term_string"}}],"inLanguage":"fr-FR"}]}},"_links":{"self":[{"href":"https:\/\/bihortal.bio\/fr\/wp-json\/wp\/v2\/product\/3970","targetHints":{"allow":["GET"]}}],"collection":[{"href":"https:\/\/bihortal.bio\/fr\/wp-json\/wp\/v2\/product"}],"about":[{"href":"https:\/\/bihortal.bio\/fr\/wp-json\/wp\/v2\/types\/product"}],"replies":[{"embeddable":true,"href":"https:\/\/bihortal.bio\/fr\/wp-json\/wp\/v2\/comments?post=3970"}],"wp:featuredmedia":[{"embeddable":true,"href":"https:\/\/bihortal.bio\/fr\/wp-json\/wp\/v2\/media\/3807"}],"wp:attachment":[{"href":"https:\/\/bihortal.bio\/fr\/wp-json\/wp\/v2\/media?parent=3970"}],"wp:term":[{"taxonomy":"product_brand","embeddable":true,"href":"https:\/\/bihortal.bio\/fr\/wp-json\/wp\/v2\/product_brand?post=3970"},{"taxonomy":"product_cat","embeddable":true,"href":"https:\/\/bihortal.bio\/fr\/wp-json\/wp\/v2\/product_cat?post=3970"},{"taxonomy":"product_tag","embeddable":true,"href":"https:\/\/bihortal.bio\/fr\/wp-json\/wp\/v2\/product_tag?post=3970"}],"curies":[{"name":"wp","href":"https:\/\/api.w.org\/{rel}","templated":true}]}}