{"id":3956,"date":"2023-11-08T13:58:07","date_gmt":"2023-11-08T12:58:07","guid":{"rendered":"https:\/\/bihortal.bio\/tienda\/non class\u00e9\/concombre-au-vinaigre\/"},"modified":"2023-11-09T10:17:27","modified_gmt":"2023-11-09T09:17:27","slug":"concombre-au-vinaigre","status":"publish","type":"product","link":"https:\/\/bihortal.bio\/fr\/tienda\/cornichons\/concombre-au-vinaigre\/","title":{"rendered":"Concombre au vinaigre"},"content":{"rendered":"<p>Le cornichon est un l\u00e9gume tr\u00e8s sain et rafra\u00eechissant qui explose en bouche avec une saveur d\u00e9licieuse. Le concombre marin\u00e9 est une source de prot\u00e9ines et de vitamine B. Le vinaigre est appr\u00e9ci\u00e9, dans la pr\u00e9paration de ces cornichons, pour ses propri\u00e9t\u00e9s antiseptiques et conservatrices.<\/p>\n<h3>Ingr\u00e9dients<\/h3>\n<p>Cornichons, eau, vinaigre, poivre, sel marin, acide citrique.<\/p>\n","protected":false},"excerpt":{"rendered":"<p>Le cornichon est un l\u00e9gume tr\u00e8s sain et rafra\u00eechissant qui explose en bouche avec une saveur d\u00e9licieuse. Le concombre marin\u00e9 est une source de prot\u00e9ines et de vitamine B. Le vinaigre est appr\u00e9ci\u00e9, dans la pr\u00e9paration de ces cornichons, pour ses propri\u00e9t\u00e9s antiseptiques et conservatrices&#8230;.<\/p>\n","protected":false},"featured_media":3823,"comment_status":"open","ping_status":"closed","template":"","meta":[],"product_brand":[],"product_cat":[253],"product_tag":[],"class_list":{"0":"post-3956","1":"product","2":"type-product","3":"status-publish","4":"has-post-thumbnail","6":"product_cat-cornichons","8":"first","9":"instock","10":"taxable","11":"shipping-taxable","12":"purchasable","13":"product-type-simple"},"yoast_head":"<!-- This site is optimized with the Yoast SEO plugin v26.5 - https:\/\/yoast.com\/wordpress\/plugins\/seo\/ -->\n<title>Concombre au vinaigre - Bihortal<\/title>\n<meta name=\"robots\" content=\"index, follow, max-snippet:-1, max-image-preview:large, max-video-preview:-1\" \/>\n<link rel=\"canonical\" href=\"https:\/\/bihortal.bio\/?post_type=product&p=3690\" \/>\n<meta property=\"og:locale\" content=\"fr_FR\" \/>\n<meta property=\"og:type\" content=\"article\" \/>\n<meta property=\"og:title\" content=\"Concombre au vinaigre - Bihortal\" \/>\n<meta property=\"og:description\" content=\"Le cornichon est un l\u00e9gume tr\u00e8s sain et rafra\u00eechissant qui explose en bouche avec une saveur d\u00e9licieuse. Le concombre marin\u00e9 est une source de prot\u00e9ines et de vitamine B. Le vinaigre est appr\u00e9ci\u00e9, dans la pr\u00e9paration de ces cornichons, pour ses propri\u00e9t\u00e9s antiseptiques et conservatrices....\" \/>\n<meta property=\"og:url\" content=\"https:\/\/bihortal.bio\/?post_type=product&amp;p=3690\" \/>\n<meta property=\"og:site_name\" content=\"Bihortal\" \/>\n<meta property=\"article:modified_time\" content=\"2023-11-09T09:17:27+00:00\" \/>\n<meta property=\"og:image\" content=\"https:\/\/bihortal.bio\/wp-content\/uploads\/2023\/11\/Pepinillos.jpg\" \/>\n\t<meta property=\"og:image:width\" content=\"800\" \/>\n\t<meta property=\"og:image:height\" content=\"1200\" \/>\n\t<meta property=\"og:image:type\" content=\"image\/jpeg\" \/>\n<meta name=\"twitter:card\" content=\"summary_large_image\" \/>\n<script type=\"application\/ld+json\" class=\"yoast-schema-graph\">{\"@context\":\"https:\/\/schema.org\",\"@graph\":[{\"@type\":\"WebPage\",\"@id\":\"https:\/\/bihortal.bio\/?post_type=product&p=3690\",\"url\":\"https:\/\/bihortal.bio\/?post_type=product&p=3690\",\"name\":\"Concombre au vinaigre - Bihortal\",\"isPartOf\":{\"@id\":\"https:\/\/bihortal.bio\/en\/#website\"},\"primaryImageOfPage\":{\"@id\":\"https:\/\/bihortal.bio\/?post_type=product&p=3690#primaryimage\"},\"image\":{\"@id\":\"https:\/\/bihortal.bio\/?post_type=product&p=3690#primaryimage\"},\"thumbnailUrl\":\"https:\/\/bihortal.bio\/wp-content\/uploads\/2023\/11\/Pepinillos.jpg\",\"datePublished\":\"2023-11-08T12:58:07+00:00\",\"dateModified\":\"2023-11-09T09:17:27+00:00\",\"breadcrumb\":{\"@id\":\"https:\/\/bihortal.bio\/?post_type=product&p=3690#breadcrumb\"},\"inLanguage\":\"fr-FR\",\"potentialAction\":[{\"@type\":\"ReadAction\",\"target\":[\"https:\/\/bihortal.bio\/?post_type=product&p=3690\"]}]},{\"@type\":\"ImageObject\",\"inLanguage\":\"fr-FR\",\"@id\":\"https:\/\/bihortal.bio\/?post_type=product&p=3690#primaryimage\",\"url\":\"https:\/\/bihortal.bio\/wp-content\/uploads\/2023\/11\/Pepinillos.jpg\",\"contentUrl\":\"https:\/\/bihortal.bio\/wp-content\/uploads\/2023\/11\/Pepinillos.jpg\",\"width\":800,\"height\":1200},{\"@type\":\"BreadcrumbList\",\"@id\":\"https:\/\/bihortal.bio\/?post_type=product&p=3690#breadcrumb\",\"itemListElement\":[{\"@type\":\"ListItem\",\"position\":1,\"name\":\"Portada\",\"item\":\"https:\/\/bihortal.bio\/fr\/\"},{\"@type\":\"ListItem\",\"position\":2,\"name\":\"Boutique\",\"item\":\"https:\/\/bihortal.bio\/fr\/boutique\/\"},{\"@type\":\"ListItem\",\"position\":3,\"name\":\"Concombre au vinaigre\"}]},{\"@type\":\"WebSite\",\"@id\":\"https:\/\/bihortal.bio\/en\/#website\",\"url\":\"https:\/\/bihortal.bio\/en\/\",\"name\":\"Bihortal\",\"description\":\"Conservas ecol\u00f3gicas de calidad\",\"potentialAction\":[{\"@type\":\"SearchAction\",\"target\":{\"@type\":\"EntryPoint\",\"urlTemplate\":\"https:\/\/bihortal.bio\/en\/?s={search_term_string}\"},\"query-input\":{\"@type\":\"PropertyValueSpecification\",\"valueRequired\":true,\"valueName\":\"search_term_string\"}}],\"inLanguage\":\"fr-FR\"}]}<\/script>\n<!-- \/ Yoast SEO plugin. -->","yoast_head_json":{"title":"Concombre au vinaigre - Bihortal","robots":{"index":"index","follow":"follow","max-snippet":"max-snippet:-1","max-image-preview":"max-image-preview:large","max-video-preview":"max-video-preview:-1"},"canonical":"https:\/\/bihortal.bio\/?post_type=product&p=3690","og_locale":"fr_FR","og_type":"article","og_title":"Concombre au vinaigre - Bihortal","og_description":"Le cornichon est un l\u00e9gume tr\u00e8s sain et rafra\u00eechissant qui explose en bouche avec une saveur d\u00e9licieuse. Le concombre marin\u00e9 est une source de prot\u00e9ines et de vitamine B. Le vinaigre est appr\u00e9ci\u00e9, dans la pr\u00e9paration de ces cornichons, pour ses propri\u00e9t\u00e9s antiseptiques et conservatrices....","og_url":"https:\/\/bihortal.bio\/?post_type=product&p=3690","og_site_name":"Bihortal","article_modified_time":"2023-11-09T09:17:27+00:00","og_image":[{"width":800,"height":1200,"url":"https:\/\/bihortal.bio\/wp-content\/uploads\/2023\/11\/Pepinillos.jpg","type":"image\/jpeg"}],"twitter_card":"summary_large_image","schema":{"@context":"https:\/\/schema.org","@graph":[{"@type":"WebPage","@id":"https:\/\/bihortal.bio\/?post_type=product&p=3690","url":"https:\/\/bihortal.bio\/?post_type=product&p=3690","name":"Concombre au vinaigre - Bihortal","isPartOf":{"@id":"https:\/\/bihortal.bio\/en\/#website"},"primaryImageOfPage":{"@id":"https:\/\/bihortal.bio\/?post_type=product&p=3690#primaryimage"},"image":{"@id":"https:\/\/bihortal.bio\/?post_type=product&p=3690#primaryimage"},"thumbnailUrl":"https:\/\/bihortal.bio\/wp-content\/uploads\/2023\/11\/Pepinillos.jpg","datePublished":"2023-11-08T12:58:07+00:00","dateModified":"2023-11-09T09:17:27+00:00","breadcrumb":{"@id":"https:\/\/bihortal.bio\/?post_type=product&p=3690#breadcrumb"},"inLanguage":"fr-FR","potentialAction":[{"@type":"ReadAction","target":["https:\/\/bihortal.bio\/?post_type=product&p=3690"]}]},{"@type":"ImageObject","inLanguage":"fr-FR","@id":"https:\/\/bihortal.bio\/?post_type=product&p=3690#primaryimage","url":"https:\/\/bihortal.bio\/wp-content\/uploads\/2023\/11\/Pepinillos.jpg","contentUrl":"https:\/\/bihortal.bio\/wp-content\/uploads\/2023\/11\/Pepinillos.jpg","width":800,"height":1200},{"@type":"BreadcrumbList","@id":"https:\/\/bihortal.bio\/?post_type=product&p=3690#breadcrumb","itemListElement":[{"@type":"ListItem","position":1,"name":"Portada","item":"https:\/\/bihortal.bio\/fr\/"},{"@type":"ListItem","position":2,"name":"Boutique","item":"https:\/\/bihortal.bio\/fr\/boutique\/"},{"@type":"ListItem","position":3,"name":"Concombre au vinaigre"}]},{"@type":"WebSite","@id":"https:\/\/bihortal.bio\/en\/#website","url":"https:\/\/bihortal.bio\/en\/","name":"Bihortal","description":"Conservas ecol\u00f3gicas de calidad","potentialAction":[{"@type":"SearchAction","target":{"@type":"EntryPoint","urlTemplate":"https:\/\/bihortal.bio\/en\/?s={search_term_string}"},"query-input":{"@type":"PropertyValueSpecification","valueRequired":true,"valueName":"search_term_string"}}],"inLanguage":"fr-FR"}]}},"_links":{"self":[{"href":"https:\/\/bihortal.bio\/fr\/wp-json\/wp\/v2\/product\/3956","targetHints":{"allow":["GET"]}}],"collection":[{"href":"https:\/\/bihortal.bio\/fr\/wp-json\/wp\/v2\/product"}],"about":[{"href":"https:\/\/bihortal.bio\/fr\/wp-json\/wp\/v2\/types\/product"}],"replies":[{"embeddable":true,"href":"https:\/\/bihortal.bio\/fr\/wp-json\/wp\/v2\/comments?post=3956"}],"wp:featuredmedia":[{"embeddable":true,"href":"https:\/\/bihortal.bio\/fr\/wp-json\/wp\/v2\/media\/3823"}],"wp:attachment":[{"href":"https:\/\/bihortal.bio\/fr\/wp-json\/wp\/v2\/media?parent=3956"}],"wp:term":[{"taxonomy":"product_brand","embeddable":true,"href":"https:\/\/bihortal.bio\/fr\/wp-json\/wp\/v2\/product_brand?post=3956"},{"taxonomy":"product_cat","embeddable":true,"href":"https:\/\/bihortal.bio\/fr\/wp-json\/wp\/v2\/product_cat?post=3956"},{"taxonomy":"product_tag","embeddable":true,"href":"https:\/\/bihortal.bio\/fr\/wp-json\/wp\/v2\/product_tag?post=3956"}],"curies":[{"name":"wp","href":"https:\/\/api.w.org\/{rel}","templated":true}]}}