{"id":3950,"date":"2023-11-08T13:58:07","date_gmt":"2023-11-09T09:00:03","guid":{"rendered":"https:\/\/bihortal.bio\/tienda\/non class\u00e9\/confiture-de-tomates-a-lagave\/"},"modified":"2023-11-09T10:00:03","modified_gmt":"2023-11-09T09:00:03","slug":"confiture-de-tomates-a-lagave","status":"publish","type":"product","link":"https:\/\/bihortal.bio\/fr\/tienda\/confiture\/confiture-de-tomates-a-lagave\/","title":{"rendered":"Confiture de tomates \u00e0 l&rsquo;agave"},"content":{"rendered":"<p>Avec 69% de Tomate et 22% de sirop d&rsquo;agave, notre confiture est d\u00e9licieuse et tr\u00e8s saine. Le sirop d&rsquo;agave a un indice glyc\u00e9mique inf\u00e9rieur \u00e0 celui du sucre ordinaire, il ne provoque donc pas une augmentation aussi drastique des niveaux de glucose. La tomate est riche en vitamines et min\u00e9raux : ce l\u00e9gume apporte de la vitamine C, un puissant antioxydant naturel, ainsi que des vitamines A, K, du fer et du potassium.<\/p>\n<h3>Ingr\u00e9dients<\/h3>\n<p>Tomate (69%), sirop d&rsquo;agave (22%), pectine de pomme, acide citrique.<\/p>\n","protected":false},"excerpt":{"rendered":"<p>Avec 69% de Tomate et 22% de sirop d&rsquo;agave, notre confiture est d\u00e9licieuse et tr\u00e8s saine. Le sirop d&rsquo;agave a un indice glyc\u00e9mique inf\u00e9rieur \u00e0 celui du sucre ordinaire, il ne provoque donc pas une augmentation aussi drastique des niveaux de glucose. La tomate est&#8230;<\/p>\n","protected":false},"featured_media":3815,"comment_status":"open","ping_status":"closed","template":"","meta":[],"product_brand":[],"product_cat":[242],"product_tag":[],"class_list":{"0":"post-3950","1":"product","2":"type-product","3":"status-publish","4":"has-post-thumbnail","6":"product_cat-confiture","8":"first","9":"instock","10":"taxable","11":"shipping-taxable","12":"purchasable","13":"product-type-simple"},"yoast_head":"<!-- This site is optimized with the Yoast SEO plugin v26.5 - https:\/\/yoast.com\/wordpress\/plugins\/seo\/ -->\n<title>Confiture de tomates \u00e0 l&#039;agave - Bihortal<\/title>\n<meta name=\"robots\" content=\"index, follow, max-snippet:-1, max-image-preview:large, max-video-preview:-1\" \/>\n<link rel=\"canonical\" href=\"https:\/\/bihortal.bio\/tienda\/non%20class\u00e9\/confiture-de-tomates-a-lagave\/\" \/>\n<meta property=\"og:locale\" content=\"fr_FR\" \/>\n<meta property=\"og:type\" content=\"article\" \/>\n<meta property=\"og:title\" content=\"Confiture de tomates \u00e0 l&#039;agave - Bihortal\" \/>\n<meta property=\"og:description\" content=\"Avec 69% de Tomate et 22% de sirop d&rsquo;agave, notre confiture est d\u00e9licieuse et tr\u00e8s saine. Le sirop d&rsquo;agave a un indice glyc\u00e9mique inf\u00e9rieur \u00e0 celui du sucre ordinaire, il ne provoque donc pas une augmentation aussi drastique des niveaux de glucose. La tomate est...\" \/>\n<meta property=\"og:url\" content=\"https:\/\/bihortal.bio\/tienda\/non class\u00e9\/confiture-de-tomates-a-lagave\/\" \/>\n<meta property=\"og:site_name\" content=\"Bihortal\" \/>\n<meta name=\"twitter:card\" content=\"summary_large_image\" \/>\n<script type=\"application\/ld+json\" class=\"yoast-schema-graph\">{\"@context\":\"https:\/\/schema.org\",\"@graph\":[{\"@type\":\"WebPage\",\"@id\":\"https:\/\/bihortal.bio\/tienda\/non class\u00e9\/confiture-de-tomates-a-lagave\/\",\"url\":\"https:\/\/bihortal.bio\/tienda\/non class\u00e9\/confiture-de-tomates-a-lagave\/\",\"name\":\"Confiture de tomates \u00e0 l'agave - Bihortal\",\"isPartOf\":{\"@id\":\"https:\/\/bihortal.bio\/en\/#website\"},\"primaryImageOfPage\":{\"@id\":\"https:\/\/bihortal.bio\/tienda\/non class\u00e9\/confiture-de-tomates-a-lagave\/#primaryimage\"},\"image\":{\"@id\":\"https:\/\/bihortal.bio\/tienda\/non class\u00e9\/confiture-de-tomates-a-lagave\/#primaryimage\"},\"thumbnailUrl\":\"https:\/\/bihortal.bio\/wp-content\/uploads\/2023\/11\/Mermelada-tomate.jpg\",\"datePublished\":\"2023-11-09T09:00:03+00:00\",\"breadcrumb\":{\"@id\":\"https:\/\/bihortal.bio\/tienda\/non class\u00e9\/confiture-de-tomates-a-lagave\/#breadcrumb\"},\"inLanguage\":\"fr-FR\",\"potentialAction\":[{\"@type\":\"ReadAction\",\"target\":[\"https:\/\/bihortal.bio\/tienda\/non class\u00e9\/confiture-de-tomates-a-lagave\/\"]}]},{\"@type\":\"ImageObject\",\"inLanguage\":\"fr-FR\",\"@id\":\"https:\/\/bihortal.bio\/tienda\/non class\u00e9\/confiture-de-tomates-a-lagave\/#primaryimage\",\"url\":\"https:\/\/bihortal.bio\/wp-content\/uploads\/2023\/11\/Mermelada-tomate.jpg\",\"contentUrl\":\"https:\/\/bihortal.bio\/wp-content\/uploads\/2023\/11\/Mermelada-tomate.jpg\",\"width\":800,\"height\":1200},{\"@type\":\"BreadcrumbList\",\"@id\":\"https:\/\/bihortal.bio\/tienda\/non class\u00e9\/confiture-de-tomates-a-lagave\/#breadcrumb\",\"itemListElement\":[{\"@type\":\"ListItem\",\"position\":1,\"name\":\"Portada\",\"item\":\"https:\/\/bihortal.bio\/fr\/\"},{\"@type\":\"ListItem\",\"position\":2,\"name\":\"Boutique\",\"item\":\"https:\/\/bihortal.bio\/fr\/boutique\/\"},{\"@type\":\"ListItem\",\"position\":3,\"name\":\"Confiture de tomates \u00e0 l&#8217;agave\"}]},{\"@type\":\"WebSite\",\"@id\":\"https:\/\/bihortal.bio\/en\/#website\",\"url\":\"https:\/\/bihortal.bio\/en\/\",\"name\":\"Bihortal\",\"description\":\"Conservas ecol\u00f3gicas de calidad\",\"potentialAction\":[{\"@type\":\"SearchAction\",\"target\":{\"@type\":\"EntryPoint\",\"urlTemplate\":\"https:\/\/bihortal.bio\/en\/?s={search_term_string}\"},\"query-input\":{\"@type\":\"PropertyValueSpecification\",\"valueRequired\":true,\"valueName\":\"search_term_string\"}}],\"inLanguage\":\"fr-FR\"}]}<\/script>\n<!-- \/ Yoast SEO plugin. -->","yoast_head_json":{"title":"Confiture de tomates \u00e0 l'agave - Bihortal","robots":{"index":"index","follow":"follow","max-snippet":"max-snippet:-1","max-image-preview":"max-image-preview:large","max-video-preview":"max-video-preview:-1"},"canonical":"https:\/\/bihortal.bio\/tienda\/non class\u00e9\/confiture-de-tomates-a-lagave\/","og_locale":"fr_FR","og_type":"article","og_title":"Confiture de tomates \u00e0 l'agave - Bihortal","og_description":"Avec 69% de Tomate et 22% de sirop d&rsquo;agave, notre confiture est d\u00e9licieuse et tr\u00e8s saine. Le sirop d&rsquo;agave a un indice glyc\u00e9mique inf\u00e9rieur \u00e0 celui du sucre ordinaire, il ne provoque donc pas une augmentation aussi drastique des niveaux de glucose. La tomate est...","og_url":"https:\/\/bihortal.bio\/tienda\/non class\u00e9\/confiture-de-tomates-a-lagave\/","og_site_name":"Bihortal","twitter_card":"summary_large_image","schema":{"@context":"https:\/\/schema.org","@graph":[{"@type":"WebPage","@id":"https:\/\/bihortal.bio\/tienda\/non class\u00e9\/confiture-de-tomates-a-lagave\/","url":"https:\/\/bihortal.bio\/tienda\/non class\u00e9\/confiture-de-tomates-a-lagave\/","name":"Confiture de tomates \u00e0 l'agave - Bihortal","isPartOf":{"@id":"https:\/\/bihortal.bio\/en\/#website"},"primaryImageOfPage":{"@id":"https:\/\/bihortal.bio\/tienda\/non class\u00e9\/confiture-de-tomates-a-lagave\/#primaryimage"},"image":{"@id":"https:\/\/bihortal.bio\/tienda\/non class\u00e9\/confiture-de-tomates-a-lagave\/#primaryimage"},"thumbnailUrl":"https:\/\/bihortal.bio\/wp-content\/uploads\/2023\/11\/Mermelada-tomate.jpg","datePublished":"2023-11-09T09:00:03+00:00","breadcrumb":{"@id":"https:\/\/bihortal.bio\/tienda\/non class\u00e9\/confiture-de-tomates-a-lagave\/#breadcrumb"},"inLanguage":"fr-FR","potentialAction":[{"@type":"ReadAction","target":["https:\/\/bihortal.bio\/tienda\/non class\u00e9\/confiture-de-tomates-a-lagave\/"]}]},{"@type":"ImageObject","inLanguage":"fr-FR","@id":"https:\/\/bihortal.bio\/tienda\/non class\u00e9\/confiture-de-tomates-a-lagave\/#primaryimage","url":"https:\/\/bihortal.bio\/wp-content\/uploads\/2023\/11\/Mermelada-tomate.jpg","contentUrl":"https:\/\/bihortal.bio\/wp-content\/uploads\/2023\/11\/Mermelada-tomate.jpg","width":800,"height":1200},{"@type":"BreadcrumbList","@id":"https:\/\/bihortal.bio\/tienda\/non class\u00e9\/confiture-de-tomates-a-lagave\/#breadcrumb","itemListElement":[{"@type":"ListItem","position":1,"name":"Portada","item":"https:\/\/bihortal.bio\/fr\/"},{"@type":"ListItem","position":2,"name":"Boutique","item":"https:\/\/bihortal.bio\/fr\/boutique\/"},{"@type":"ListItem","position":3,"name":"Confiture de tomates \u00e0 l&#8217;agave"}]},{"@type":"WebSite","@id":"https:\/\/bihortal.bio\/en\/#website","url":"https:\/\/bihortal.bio\/en\/","name":"Bihortal","description":"Conservas ecol\u00f3gicas de calidad","potentialAction":[{"@type":"SearchAction","target":{"@type":"EntryPoint","urlTemplate":"https:\/\/bihortal.bio\/en\/?s={search_term_string}"},"query-input":{"@type":"PropertyValueSpecification","valueRequired":true,"valueName":"search_term_string"}}],"inLanguage":"fr-FR"}]}},"_links":{"self":[{"href":"https:\/\/bihortal.bio\/fr\/wp-json\/wp\/v2\/product\/3950","targetHints":{"allow":["GET"]}}],"collection":[{"href":"https:\/\/bihortal.bio\/fr\/wp-json\/wp\/v2\/product"}],"about":[{"href":"https:\/\/bihortal.bio\/fr\/wp-json\/wp\/v2\/types\/product"}],"replies":[{"embeddable":true,"href":"https:\/\/bihortal.bio\/fr\/wp-json\/wp\/v2\/comments?post=3950"}],"wp:featuredmedia":[{"embeddable":true,"href":"https:\/\/bihortal.bio\/fr\/wp-json\/wp\/v2\/media\/3815"}],"wp:attachment":[{"href":"https:\/\/bihortal.bio\/fr\/wp-json\/wp\/v2\/media?parent=3950"}],"wp:term":[{"taxonomy":"product_brand","embeddable":true,"href":"https:\/\/bihortal.bio\/fr\/wp-json\/wp\/v2\/product_brand?post=3950"},{"taxonomy":"product_cat","embeddable":true,"href":"https:\/\/bihortal.bio\/fr\/wp-json\/wp\/v2\/product_cat?post=3950"},{"taxonomy":"product_tag","embeddable":true,"href":"https:\/\/bihortal.bio\/fr\/wp-json\/wp\/v2\/product_tag?post=3950"}],"curies":[{"name":"wp","href":"https:\/\/api.w.org\/{rel}","templated":true}]}}