{"id":3929,"date":"2023-11-08T13:58:33","date_gmt":"2023-11-09T08:47:05","guid":{"rendered":"https:\/\/bihortal.bio\/tienda\/non class\u00e9\/camomille-stevia\/"},"modified":"2023-11-09T09:47:05","modified_gmt":"2023-11-09T08:47:05","slug":"camomille-stevia","status":"publish","type":"product","link":"https:\/\/bihortal.bio\/fr\/tienda\/infusions\/camomille-stevia\/","title":{"rendered":"Camomille stevia"},"content":{"rendered":"<p>Les principales propri\u00e9t\u00e9s de la camomille sont anti-inflammatoires, anti-allergiques, antibact\u00e9riennes et s\u00e9datives. Il aide \u00e0 soulager les inconforts digestifs, il est donc recommand\u00e9 de boire une tasse de th\u00e9 \u00e0 la camomille apr\u00e8s avoir mang\u00e9 pour soulager la douleur et calmer les lourdeurs. La st\u00e9via r\u00e9duit et r\u00e9gule les niveaux de tension art\u00e9rielle. Les personnes atteintes de diab\u00e8te peuvent particuli\u00e8rement b\u00e9n\u00e9ficier de la consommation de st\u00e9via, car cette plante m\u00e9dicinale aide \u00e0 r\u00e9guler la glyc\u00e9mie.<\/p>\n<h3>Ingr\u00e9dients<\/h3>\n<p>Camomille, stevia, eau.<\/p>\n","protected":false},"excerpt":{"rendered":"<p>Les principales propri\u00e9t\u00e9s de la camomille sont anti-inflammatoires, anti-allergiques, antibact\u00e9riennes et s\u00e9datives. Il aide \u00e0 soulager les inconforts digestifs, il est donc recommand\u00e9 de boire une tasse de th\u00e9 \u00e0 la camomille apr\u00e8s avoir mang\u00e9 pour soulager la douleur et calmer les lourdeurs. La st\u00e9via&#8230;<\/p>\n","protected":false},"featured_media":3859,"comment_status":"open","ping_status":"closed","template":"","meta":[],"product_brand":[],"product_cat":[215],"product_tag":[],"class_list":{"0":"post-3929","1":"product","2":"type-product","3":"status-publish","4":"has-post-thumbnail","6":"product_cat-infusions","8":"first","9":"instock","10":"taxable","11":"shipping-taxable","12":"product-type-simple"},"yoast_head":"<!-- This site is optimized with the Yoast SEO plugin v26.5 - https:\/\/yoast.com\/wordpress\/plugins\/seo\/ -->\n<title>Camomille stevia - Bihortal<\/title>\n<meta name=\"robots\" content=\"index, follow, max-snippet:-1, max-image-preview:large, max-video-preview:-1\" \/>\n<link rel=\"canonical\" href=\"https:\/\/bihortal.bio\/fr\/tienda\/infusions\/camomille-stevia\/\" \/>\n<meta property=\"og:locale\" content=\"fr_FR\" \/>\n<meta property=\"og:type\" content=\"article\" \/>\n<meta property=\"og:title\" content=\"Camomille stevia - Bihortal\" \/>\n<meta property=\"og:description\" content=\"Les principales propri\u00e9t\u00e9s de la camomille sont anti-inflammatoires, anti-allergiques, antibact\u00e9riennes et s\u00e9datives. Il aide \u00e0 soulager les inconforts digestifs, il est donc recommand\u00e9 de boire une tasse de th\u00e9 \u00e0 la camomille apr\u00e8s avoir mang\u00e9 pour soulager la douleur et calmer les lourdeurs. La st\u00e9via...\" \/>\n<meta property=\"og:url\" content=\"https:\/\/bihortal.bio\/fr\/tienda\/infusions\/camomille-stevia\/\" \/>\n<meta property=\"og:site_name\" content=\"Bihortal\" \/>\n<meta name=\"twitter:card\" content=\"summary_large_image\" \/>\n<script type=\"application\/ld+json\" class=\"yoast-schema-graph\">{\"@context\":\"https:\/\/schema.org\",\"@graph\":[{\"@type\":\"WebPage\",\"@id\":\"https:\/\/bihortal.bio\/fr\/tienda\/infusions\/camomille-stevia\/\",\"url\":\"https:\/\/bihortal.bio\/fr\/tienda\/infusions\/camomille-stevia\/\",\"name\":\"Camomille stevia - Bihortal\",\"isPartOf\":{\"@id\":\"https:\/\/bihortal.bio\/en\/#website\"},\"primaryImageOfPage\":{\"@id\":\"https:\/\/bihortal.bio\/fr\/tienda\/infusions\/camomille-stevia\/#primaryimage\"},\"image\":{\"@id\":\"https:\/\/bihortal.bio\/fr\/tienda\/infusions\/camomille-stevia\/#primaryimage\"},\"thumbnailUrl\":\"https:\/\/bihortal.bio\/wp-content\/uploads\/2023\/11\/Manzanilla-estevia.jpg\",\"datePublished\":\"2023-11-09T08:47:05+00:00\",\"breadcrumb\":{\"@id\":\"https:\/\/bihortal.bio\/fr\/tienda\/infusions\/camomille-stevia\/#breadcrumb\"},\"inLanguage\":\"fr-FR\",\"potentialAction\":[{\"@type\":\"ReadAction\",\"target\":[\"https:\/\/bihortal.bio\/fr\/tienda\/infusions\/camomille-stevia\/\"]}]},{\"@type\":\"ImageObject\",\"inLanguage\":\"fr-FR\",\"@id\":\"https:\/\/bihortal.bio\/fr\/tienda\/infusions\/camomille-stevia\/#primaryimage\",\"url\":\"https:\/\/bihortal.bio\/wp-content\/uploads\/2023\/11\/Manzanilla-estevia.jpg\",\"contentUrl\":\"https:\/\/bihortal.bio\/wp-content\/uploads\/2023\/11\/Manzanilla-estevia.jpg\",\"width\":800,\"height\":1200},{\"@type\":\"BreadcrumbList\",\"@id\":\"https:\/\/bihortal.bio\/fr\/tienda\/infusions\/camomille-stevia\/#breadcrumb\",\"itemListElement\":[{\"@type\":\"ListItem\",\"position\":1,\"name\":\"Portada\",\"item\":\"https:\/\/bihortal.bio\/fr\/\"},{\"@type\":\"ListItem\",\"position\":2,\"name\":\"Boutique\",\"item\":\"https:\/\/bihortal.bio\/fr\/boutique\/\"},{\"@type\":\"ListItem\",\"position\":3,\"name\":\"Camomille stevia\"}]},{\"@type\":\"WebSite\",\"@id\":\"https:\/\/bihortal.bio\/en\/#website\",\"url\":\"https:\/\/bihortal.bio\/en\/\",\"name\":\"Bihortal\",\"description\":\"Conservas ecol\u00f3gicas de calidad\",\"potentialAction\":[{\"@type\":\"SearchAction\",\"target\":{\"@type\":\"EntryPoint\",\"urlTemplate\":\"https:\/\/bihortal.bio\/en\/?s={search_term_string}\"},\"query-input\":{\"@type\":\"PropertyValueSpecification\",\"valueRequired\":true,\"valueName\":\"search_term_string\"}}],\"inLanguage\":\"fr-FR\"}]}<\/script>\n<!-- \/ Yoast SEO plugin. -->","yoast_head_json":{"title":"Camomille stevia - Bihortal","robots":{"index":"index","follow":"follow","max-snippet":"max-snippet:-1","max-image-preview":"max-image-preview:large","max-video-preview":"max-video-preview:-1"},"canonical":"https:\/\/bihortal.bio\/fr\/tienda\/infusions\/camomille-stevia\/","og_locale":"fr_FR","og_type":"article","og_title":"Camomille stevia - Bihortal","og_description":"Les principales propri\u00e9t\u00e9s de la camomille sont anti-inflammatoires, anti-allergiques, antibact\u00e9riennes et s\u00e9datives. Il aide \u00e0 soulager les inconforts digestifs, il est donc recommand\u00e9 de boire une tasse de th\u00e9 \u00e0 la camomille apr\u00e8s avoir mang\u00e9 pour soulager la douleur et calmer les lourdeurs. La st\u00e9via...","og_url":"https:\/\/bihortal.bio\/fr\/tienda\/infusions\/camomille-stevia\/","og_site_name":"Bihortal","twitter_card":"summary_large_image","schema":{"@context":"https:\/\/schema.org","@graph":[{"@type":"WebPage","@id":"https:\/\/bihortal.bio\/fr\/tienda\/infusions\/camomille-stevia\/","url":"https:\/\/bihortal.bio\/fr\/tienda\/infusions\/camomille-stevia\/","name":"Camomille stevia - Bihortal","isPartOf":{"@id":"https:\/\/bihortal.bio\/en\/#website"},"primaryImageOfPage":{"@id":"https:\/\/bihortal.bio\/fr\/tienda\/infusions\/camomille-stevia\/#primaryimage"},"image":{"@id":"https:\/\/bihortal.bio\/fr\/tienda\/infusions\/camomille-stevia\/#primaryimage"},"thumbnailUrl":"https:\/\/bihortal.bio\/wp-content\/uploads\/2023\/11\/Manzanilla-estevia.jpg","datePublished":"2023-11-09T08:47:05+00:00","breadcrumb":{"@id":"https:\/\/bihortal.bio\/fr\/tienda\/infusions\/camomille-stevia\/#breadcrumb"},"inLanguage":"fr-FR","potentialAction":[{"@type":"ReadAction","target":["https:\/\/bihortal.bio\/fr\/tienda\/infusions\/camomille-stevia\/"]}]},{"@type":"ImageObject","inLanguage":"fr-FR","@id":"https:\/\/bihortal.bio\/fr\/tienda\/infusions\/camomille-stevia\/#primaryimage","url":"https:\/\/bihortal.bio\/wp-content\/uploads\/2023\/11\/Manzanilla-estevia.jpg","contentUrl":"https:\/\/bihortal.bio\/wp-content\/uploads\/2023\/11\/Manzanilla-estevia.jpg","width":800,"height":1200},{"@type":"BreadcrumbList","@id":"https:\/\/bihortal.bio\/fr\/tienda\/infusions\/camomille-stevia\/#breadcrumb","itemListElement":[{"@type":"ListItem","position":1,"name":"Portada","item":"https:\/\/bihortal.bio\/fr\/"},{"@type":"ListItem","position":2,"name":"Boutique","item":"https:\/\/bihortal.bio\/fr\/boutique\/"},{"@type":"ListItem","position":3,"name":"Camomille stevia"}]},{"@type":"WebSite","@id":"https:\/\/bihortal.bio\/en\/#website","url":"https:\/\/bihortal.bio\/en\/","name":"Bihortal","description":"Conservas ecol\u00f3gicas de calidad","potentialAction":[{"@type":"SearchAction","target":{"@type":"EntryPoint","urlTemplate":"https:\/\/bihortal.bio\/en\/?s={search_term_string}"},"query-input":{"@type":"PropertyValueSpecification","valueRequired":true,"valueName":"search_term_string"}}],"inLanguage":"fr-FR"}]}},"_links":{"self":[{"href":"https:\/\/bihortal.bio\/fr\/wp-json\/wp\/v2\/product\/3929","targetHints":{"allow":["GET"]}}],"collection":[{"href":"https:\/\/bihortal.bio\/fr\/wp-json\/wp\/v2\/product"}],"about":[{"href":"https:\/\/bihortal.bio\/fr\/wp-json\/wp\/v2\/types\/product"}],"replies":[{"embeddable":true,"href":"https:\/\/bihortal.bio\/fr\/wp-json\/wp\/v2\/comments?post=3929"}],"wp:featuredmedia":[{"embeddable":true,"href":"https:\/\/bihortal.bio\/fr\/wp-json\/wp\/v2\/media\/3859"}],"wp:attachment":[{"href":"https:\/\/bihortal.bio\/fr\/wp-json\/wp\/v2\/media?parent=3929"}],"wp:term":[{"taxonomy":"product_brand","embeddable":true,"href":"https:\/\/bihortal.bio\/fr\/wp-json\/wp\/v2\/product_brand?post=3929"},{"taxonomy":"product_cat","embeddable":true,"href":"https:\/\/bihortal.bio\/fr\/wp-json\/wp\/v2\/product_cat?post=3929"},{"taxonomy":"product_tag","embeddable":true,"href":"https:\/\/bihortal.bio\/fr\/wp-json\/wp\/v2\/product_tag?post=3929"}],"curies":[{"name":"wp","href":"https:\/\/api.w.org\/{rel}","templated":true}]}}