{"id":3913,"date":"2023-11-08T13:58:34","date_gmt":"2023-11-09T08:29:43","guid":{"rendered":"https:\/\/bihortal.bio\/tienda\/non class\u00e9\/the-noir-stevia\/"},"modified":"2023-11-09T09:29:43","modified_gmt":"2023-11-09T08:29:43","slug":"the-noir-stevia","status":"publish","type":"product","link":"https:\/\/bihortal.bio\/fr\/tienda\/infusions\/the-noir-stevia\/","title":{"rendered":"Th\u00e9 noir, stevia"},"content":{"rendered":"<p>Le Th\u00e9 Noir poss\u00e8de une multitude de propri\u00e9t\u00e9s. C&rsquo;est une infusion naturelle, saine et stimulante qui nous aide m\u00eame \u00e0 r\u00e9duire le stress car elle r\u00e9duit les niveaux de cortisol. C&rsquo;est un antioxydant qui contient des tanins, de la th\u00e9ine (stimulant), des anthocyanes, des prot\u00e9ines v\u00e9g\u00e9tales, des vitamines du groupe B, K et des min\u00e9raux comme le magn\u00e9sium, le calcium, le phosphore ou le zinc. C&rsquo;est une infusion astringente, diur\u00e9tique, anti-\u00e2ge, stimulante et cardioprotectrice. La st\u00e9via r\u00e9duit et r\u00e9gule les niveaux de tension art\u00e9rielle. Les personnes atteintes de diab\u00e8te peuvent particuli\u00e8rement b\u00e9n\u00e9ficier de la consommation de st\u00e9via, car cette plante m\u00e9dicinale aide \u00e0 r\u00e9guler la glyc\u00e9mie.<\/p>\n<h3>Ingr\u00e9dients<\/h3>\n<p>Th\u00e9 noir, stevia, eau.<\/p>\n","protected":false},"excerpt":{"rendered":"<p>Le Th\u00e9 Noir poss\u00e8de une multitude de propri\u00e9t\u00e9s. C&rsquo;est une infusion naturelle, saine et stimulante qui nous aide m\u00eame \u00e0 r\u00e9duire le stress car elle r\u00e9duit les niveaux de cortisol. C&rsquo;est un antioxydant qui contient des tanins, de la th\u00e9ine (stimulant), des anthocyanes, des prot\u00e9ines&#8230;<\/p>\n","protected":false},"featured_media":3875,"comment_status":"open","ping_status":"closed","template":"","meta":[],"product_brand":[],"product_cat":[215],"product_tag":[],"class_list":{"0":"post-3913","1":"product","2":"type-product","3":"status-publish","4":"has-post-thumbnail","6":"product_cat-infusions","8":"first","9":"instock","10":"taxable","11":"shipping-taxable","12":"product-type-simple"},"yoast_head":"<!-- This site is optimized with the Yoast SEO plugin v26.5 - https:\/\/yoast.com\/wordpress\/plugins\/seo\/ -->\n<title>Th\u00e9 noir, stevia - Bihortal<\/title>\n<meta name=\"robots\" content=\"index, follow, max-snippet:-1, max-image-preview:large, max-video-preview:-1\" \/>\n<link rel=\"canonical\" href=\"https:\/\/bihortal.bio\/fr\/tienda\/infusions\/the-noir-stevia\/\" \/>\n<meta property=\"og:locale\" content=\"fr_FR\" \/>\n<meta property=\"og:type\" content=\"article\" \/>\n<meta property=\"og:title\" content=\"Th\u00e9 noir, stevia - Bihortal\" \/>\n<meta property=\"og:description\" content=\"Le Th\u00e9 Noir poss\u00e8de une multitude de propri\u00e9t\u00e9s. C&rsquo;est une infusion naturelle, saine et stimulante qui nous aide m\u00eame \u00e0 r\u00e9duire le stress car elle r\u00e9duit les niveaux de cortisol. C&rsquo;est un antioxydant qui contient des tanins, de la th\u00e9ine (stimulant), des anthocyanes, des prot\u00e9ines...\" \/>\n<meta property=\"og:url\" content=\"https:\/\/bihortal.bio\/fr\/tienda\/infusions\/the-noir-stevia\/\" \/>\n<meta property=\"og:site_name\" content=\"Bihortal\" \/>\n<meta name=\"twitter:card\" content=\"summary_large_image\" \/>\n<meta name=\"twitter:label1\" content=\"Dur\u00e9e de lecture estim\u00e9e\" \/>\n\t<meta name=\"twitter:data1\" content=\"1 minute\" \/>\n<script type=\"application\/ld+json\" class=\"yoast-schema-graph\">{\"@context\":\"https:\/\/schema.org\",\"@graph\":[{\"@type\":\"WebPage\",\"@id\":\"https:\/\/bihortal.bio\/fr\/tienda\/infusions\/the-noir-stevia\/\",\"url\":\"https:\/\/bihortal.bio\/fr\/tienda\/infusions\/the-noir-stevia\/\",\"name\":\"Th\u00e9 noir, stevia - Bihortal\",\"isPartOf\":{\"@id\":\"https:\/\/bihortal.bio\/en\/#website\"},\"primaryImageOfPage\":{\"@id\":\"https:\/\/bihortal.bio\/fr\/tienda\/infusions\/the-noir-stevia\/#primaryimage\"},\"image\":{\"@id\":\"https:\/\/bihortal.bio\/fr\/tienda\/infusions\/the-noir-stevia\/#primaryimage\"},\"thumbnailUrl\":\"https:\/\/bihortal.bio\/wp-content\/uploads\/2023\/11\/TC3A9-negro-estevia.jpg\",\"datePublished\":\"2023-11-09T08:29:43+00:00\",\"breadcrumb\":{\"@id\":\"https:\/\/bihortal.bio\/fr\/tienda\/infusions\/the-noir-stevia\/#breadcrumb\"},\"inLanguage\":\"fr-FR\",\"potentialAction\":[{\"@type\":\"ReadAction\",\"target\":[\"https:\/\/bihortal.bio\/fr\/tienda\/infusions\/the-noir-stevia\/\"]}]},{\"@type\":\"ImageObject\",\"inLanguage\":\"fr-FR\",\"@id\":\"https:\/\/bihortal.bio\/fr\/tienda\/infusions\/the-noir-stevia\/#primaryimage\",\"url\":\"https:\/\/bihortal.bio\/wp-content\/uploads\/2023\/11\/TC3A9-negro-estevia.jpg\",\"contentUrl\":\"https:\/\/bihortal.bio\/wp-content\/uploads\/2023\/11\/TC3A9-negro-estevia.jpg\",\"width\":800,\"height\":1200},{\"@type\":\"BreadcrumbList\",\"@id\":\"https:\/\/bihortal.bio\/fr\/tienda\/infusions\/the-noir-stevia\/#breadcrumb\",\"itemListElement\":[{\"@type\":\"ListItem\",\"position\":1,\"name\":\"Portada\",\"item\":\"https:\/\/bihortal.bio\/fr\/\"},{\"@type\":\"ListItem\",\"position\":2,\"name\":\"Boutique\",\"item\":\"https:\/\/bihortal.bio\/fr\/boutique\/\"},{\"@type\":\"ListItem\",\"position\":3,\"name\":\"Th\u00e9 noir, stevia\"}]},{\"@type\":\"WebSite\",\"@id\":\"https:\/\/bihortal.bio\/en\/#website\",\"url\":\"https:\/\/bihortal.bio\/en\/\",\"name\":\"Bihortal\",\"description\":\"Conservas ecol\u00f3gicas de calidad\",\"potentialAction\":[{\"@type\":\"SearchAction\",\"target\":{\"@type\":\"EntryPoint\",\"urlTemplate\":\"https:\/\/bihortal.bio\/en\/?s={search_term_string}\"},\"query-input\":{\"@type\":\"PropertyValueSpecification\",\"valueRequired\":true,\"valueName\":\"search_term_string\"}}],\"inLanguage\":\"fr-FR\"}]}<\/script>\n<!-- \/ Yoast SEO plugin. -->","yoast_head_json":{"title":"Th\u00e9 noir, stevia - Bihortal","robots":{"index":"index","follow":"follow","max-snippet":"max-snippet:-1","max-image-preview":"max-image-preview:large","max-video-preview":"max-video-preview:-1"},"canonical":"https:\/\/bihortal.bio\/fr\/tienda\/infusions\/the-noir-stevia\/","og_locale":"fr_FR","og_type":"article","og_title":"Th\u00e9 noir, stevia - Bihortal","og_description":"Le Th\u00e9 Noir poss\u00e8de une multitude de propri\u00e9t\u00e9s. C&rsquo;est une infusion naturelle, saine et stimulante qui nous aide m\u00eame \u00e0 r\u00e9duire le stress car elle r\u00e9duit les niveaux de cortisol. C&rsquo;est un antioxydant qui contient des tanins, de la th\u00e9ine (stimulant), des anthocyanes, des prot\u00e9ines...","og_url":"https:\/\/bihortal.bio\/fr\/tienda\/infusions\/the-noir-stevia\/","og_site_name":"Bihortal","twitter_card":"summary_large_image","twitter_misc":{"Dur\u00e9e de lecture estim\u00e9e":"1 minute"},"schema":{"@context":"https:\/\/schema.org","@graph":[{"@type":"WebPage","@id":"https:\/\/bihortal.bio\/fr\/tienda\/infusions\/the-noir-stevia\/","url":"https:\/\/bihortal.bio\/fr\/tienda\/infusions\/the-noir-stevia\/","name":"Th\u00e9 noir, stevia - Bihortal","isPartOf":{"@id":"https:\/\/bihortal.bio\/en\/#website"},"primaryImageOfPage":{"@id":"https:\/\/bihortal.bio\/fr\/tienda\/infusions\/the-noir-stevia\/#primaryimage"},"image":{"@id":"https:\/\/bihortal.bio\/fr\/tienda\/infusions\/the-noir-stevia\/#primaryimage"},"thumbnailUrl":"https:\/\/bihortal.bio\/wp-content\/uploads\/2023\/11\/TC3A9-negro-estevia.jpg","datePublished":"2023-11-09T08:29:43+00:00","breadcrumb":{"@id":"https:\/\/bihortal.bio\/fr\/tienda\/infusions\/the-noir-stevia\/#breadcrumb"},"inLanguage":"fr-FR","potentialAction":[{"@type":"ReadAction","target":["https:\/\/bihortal.bio\/fr\/tienda\/infusions\/the-noir-stevia\/"]}]},{"@type":"ImageObject","inLanguage":"fr-FR","@id":"https:\/\/bihortal.bio\/fr\/tienda\/infusions\/the-noir-stevia\/#primaryimage","url":"https:\/\/bihortal.bio\/wp-content\/uploads\/2023\/11\/TC3A9-negro-estevia.jpg","contentUrl":"https:\/\/bihortal.bio\/wp-content\/uploads\/2023\/11\/TC3A9-negro-estevia.jpg","width":800,"height":1200},{"@type":"BreadcrumbList","@id":"https:\/\/bihortal.bio\/fr\/tienda\/infusions\/the-noir-stevia\/#breadcrumb","itemListElement":[{"@type":"ListItem","position":1,"name":"Portada","item":"https:\/\/bihortal.bio\/fr\/"},{"@type":"ListItem","position":2,"name":"Boutique","item":"https:\/\/bihortal.bio\/fr\/boutique\/"},{"@type":"ListItem","position":3,"name":"Th\u00e9 noir, stevia"}]},{"@type":"WebSite","@id":"https:\/\/bihortal.bio\/en\/#website","url":"https:\/\/bihortal.bio\/en\/","name":"Bihortal","description":"Conservas ecol\u00f3gicas de calidad","potentialAction":[{"@type":"SearchAction","target":{"@type":"EntryPoint","urlTemplate":"https:\/\/bihortal.bio\/en\/?s={search_term_string}"},"query-input":{"@type":"PropertyValueSpecification","valueRequired":true,"valueName":"search_term_string"}}],"inLanguage":"fr-FR"}]}},"_links":{"self":[{"href":"https:\/\/bihortal.bio\/fr\/wp-json\/wp\/v2\/product\/3913","targetHints":{"allow":["GET"]}}],"collection":[{"href":"https:\/\/bihortal.bio\/fr\/wp-json\/wp\/v2\/product"}],"about":[{"href":"https:\/\/bihortal.bio\/fr\/wp-json\/wp\/v2\/types\/product"}],"replies":[{"embeddable":true,"href":"https:\/\/bihortal.bio\/fr\/wp-json\/wp\/v2\/comments?post=3913"}],"wp:featuredmedia":[{"embeddable":true,"href":"https:\/\/bihortal.bio\/fr\/wp-json\/wp\/v2\/media\/3875"}],"wp:attachment":[{"href":"https:\/\/bihortal.bio\/fr\/wp-json\/wp\/v2\/media?parent=3913"}],"wp:term":[{"taxonomy":"product_brand","embeddable":true,"href":"https:\/\/bihortal.bio\/fr\/wp-json\/wp\/v2\/product_brand?post=3913"},{"taxonomy":"product_cat","embeddable":true,"href":"https:\/\/bihortal.bio\/fr\/wp-json\/wp\/v2\/product_cat?post=3913"},{"taxonomy":"product_tag","embeddable":true,"href":"https:\/\/bihortal.bio\/fr\/wp-json\/wp\/v2\/product_tag?post=3913"}],"curies":[{"name":"wp","href":"https:\/\/api.w.org\/{rel}","templated":true}]}}