{"id":3902,"date":"2023-11-08T13:58:34","date_gmt":"2023-11-09T07:49:47","guid":{"rendered":"https:\/\/bihortal.bio\/tienda\/non%20class\u00e9\/camomille-au-sirop-dagave\/"},"modified":"2023-11-09T08:52:39","modified_gmt":"2023-11-09T07:52:39","slug":"camomille-au-sirop-dagave","status":"publish","type":"product","link":"https:\/\/bihortal.bio\/fr\/tienda\/infusions\/camomille-au-sirop-dagave\/","title":{"rendered":"Camomille au sirop d&rsquo;agave"},"content":{"rendered":"<p>Les principales propri\u00e9t\u00e9s de la camomille sont anti-inflammatoires, anti-allergiques, antibact\u00e9riennes et s\u00e9datives. Il aide \u00e0 soulager les inconforts digestifs, il est donc recommand\u00e9 de boire une tasse de th\u00e9 \u00e0 la camomille apr\u00e8s avoir mang\u00e9 pour soulager la douleur et calmer les lourdeurs. Le sirop d&rsquo;agave a un indice glyc\u00e9mique inf\u00e9rieur \u00e0 celui du sucre ordinaire, il ne provoque donc pas une augmentation aussi drastique des niveaux de glucose.<\/p>\n<h3>Ingr\u00e9dients<\/h3>\n<p>Camomille, sirop d&rsquo;agave, eau.<\/p>\n","protected":false},"excerpt":{"rendered":"<p>Les principales propri\u00e9t\u00e9s de la camomille sont anti-inflammatoires, anti-allergiques, antibact\u00e9riennes et s\u00e9datives. Il aide \u00e0 soulager les inconforts digestifs, il est donc recommand\u00e9 de boire une tasse de th\u00e9 \u00e0 la camomille apr\u00e8s avoir mang\u00e9 pour soulager la douleur et calmer les lourdeurs. Le sirop&#8230;<\/p>\n","protected":false},"featured_media":3863,"comment_status":"open","ping_status":"closed","template":"","meta":[],"product_brand":[],"product_cat":[215],"product_tag":[],"class_list":{"0":"post-3902","1":"product","2":"type-product","3":"status-publish","4":"has-post-thumbnail","6":"product_cat-infusions","8":"first","9":"instock","10":"taxable","11":"shipping-taxable","12":"product-type-simple"},"yoast_head":"<!-- This site is optimized with the Yoast SEO plugin v26.5 - https:\/\/yoast.com\/wordpress\/plugins\/seo\/ -->\n<title>Camomille au sirop d&#039;agave - Bihortal<\/title>\n<meta name=\"robots\" content=\"index, follow, max-snippet:-1, max-image-preview:large, max-video-preview:-1\" \/>\n<link rel=\"canonical\" href=\"https:\/\/bihortal.bio\/fr\/tienda\/infusions\/camomille-au-sirop-dagave\/\" \/>\n<meta property=\"og:locale\" content=\"fr_FR\" \/>\n<meta property=\"og:type\" content=\"article\" \/>\n<meta property=\"og:title\" content=\"Camomille au sirop d&#039;agave - Bihortal\" \/>\n<meta property=\"og:description\" content=\"Les principales propri\u00e9t\u00e9s de la camomille sont anti-inflammatoires, anti-allergiques, antibact\u00e9riennes et s\u00e9datives. Il aide \u00e0 soulager les inconforts digestifs, il est donc recommand\u00e9 de boire une tasse de th\u00e9 \u00e0 la camomille apr\u00e8s avoir mang\u00e9 pour soulager la douleur et calmer les lourdeurs. Le sirop...\" \/>\n<meta property=\"og:url\" content=\"https:\/\/bihortal.bio\/fr\/tienda\/infusions\/camomille-au-sirop-dagave\/\" \/>\n<meta property=\"og:site_name\" content=\"Bihortal\" \/>\n<meta property=\"article:modified_time\" content=\"2023-11-09T07:52:39+00:00\" \/>\n<meta property=\"og:image\" content=\"https:\/\/bihortal.bio\/wp-content\/uploads\/2023\/11\/Manzanilla-C3A1gave.jpg\" \/>\n\t<meta property=\"og:image:width\" content=\"800\" \/>\n\t<meta property=\"og:image:height\" content=\"1200\" \/>\n\t<meta property=\"og:image:type\" content=\"image\/jpeg\" \/>\n<meta name=\"twitter:card\" content=\"summary_large_image\" \/>\n<script type=\"application\/ld+json\" class=\"yoast-schema-graph\">{\"@context\":\"https:\/\/schema.org\",\"@graph\":[{\"@type\":\"WebPage\",\"@id\":\"https:\/\/bihortal.bio\/fr\/tienda\/infusions\/camomille-au-sirop-dagave\/\",\"url\":\"https:\/\/bihortal.bio\/fr\/tienda\/infusions\/camomille-au-sirop-dagave\/\",\"name\":\"Camomille au sirop d'agave - Bihortal\",\"isPartOf\":{\"@id\":\"https:\/\/bihortal.bio\/en\/#website\"},\"primaryImageOfPage\":{\"@id\":\"https:\/\/bihortal.bio\/fr\/tienda\/infusions\/camomille-au-sirop-dagave\/#primaryimage\"},\"image\":{\"@id\":\"https:\/\/bihortal.bio\/fr\/tienda\/infusions\/camomille-au-sirop-dagave\/#primaryimage\"},\"thumbnailUrl\":\"https:\/\/bihortal.bio\/wp-content\/uploads\/2023\/11\/Manzanilla-C3A1gave.jpg\",\"datePublished\":\"2023-11-09T07:49:47+00:00\",\"dateModified\":\"2023-11-09T07:52:39+00:00\",\"breadcrumb\":{\"@id\":\"https:\/\/bihortal.bio\/fr\/tienda\/infusions\/camomille-au-sirop-dagave\/#breadcrumb\"},\"inLanguage\":\"fr-FR\",\"potentialAction\":[{\"@type\":\"ReadAction\",\"target\":[\"https:\/\/bihortal.bio\/fr\/tienda\/infusions\/camomille-au-sirop-dagave\/\"]}]},{\"@type\":\"ImageObject\",\"inLanguage\":\"fr-FR\",\"@id\":\"https:\/\/bihortal.bio\/fr\/tienda\/infusions\/camomille-au-sirop-dagave\/#primaryimage\",\"url\":\"https:\/\/bihortal.bio\/wp-content\/uploads\/2023\/11\/Manzanilla-C3A1gave.jpg\",\"contentUrl\":\"https:\/\/bihortal.bio\/wp-content\/uploads\/2023\/11\/Manzanilla-C3A1gave.jpg\",\"width\":800,\"height\":1200},{\"@type\":\"BreadcrumbList\",\"@id\":\"https:\/\/bihortal.bio\/fr\/tienda\/infusions\/camomille-au-sirop-dagave\/#breadcrumb\",\"itemListElement\":[{\"@type\":\"ListItem\",\"position\":1,\"name\":\"Portada\",\"item\":\"https:\/\/bihortal.bio\/fr\/\"},{\"@type\":\"ListItem\",\"position\":2,\"name\":\"Boutique\",\"item\":\"https:\/\/bihortal.bio\/fr\/boutique\/\"},{\"@type\":\"ListItem\",\"position\":3,\"name\":\"Camomille au sirop d&#8217;agave\"}]},{\"@type\":\"WebSite\",\"@id\":\"https:\/\/bihortal.bio\/en\/#website\",\"url\":\"https:\/\/bihortal.bio\/en\/\",\"name\":\"Bihortal\",\"description\":\"Conservas ecol\u00f3gicas de calidad\",\"potentialAction\":[{\"@type\":\"SearchAction\",\"target\":{\"@type\":\"EntryPoint\",\"urlTemplate\":\"https:\/\/bihortal.bio\/en\/?s={search_term_string}\"},\"query-input\":{\"@type\":\"PropertyValueSpecification\",\"valueRequired\":true,\"valueName\":\"search_term_string\"}}],\"inLanguage\":\"fr-FR\"}]}<\/script>\n<!-- \/ Yoast SEO plugin. -->","yoast_head_json":{"title":"Camomille au sirop d'agave - Bihortal","robots":{"index":"index","follow":"follow","max-snippet":"max-snippet:-1","max-image-preview":"max-image-preview:large","max-video-preview":"max-video-preview:-1"},"canonical":"https:\/\/bihortal.bio\/fr\/tienda\/infusions\/camomille-au-sirop-dagave\/","og_locale":"fr_FR","og_type":"article","og_title":"Camomille au sirop d'agave - Bihortal","og_description":"Les principales propri\u00e9t\u00e9s de la camomille sont anti-inflammatoires, anti-allergiques, antibact\u00e9riennes et s\u00e9datives. Il aide \u00e0 soulager les inconforts digestifs, il est donc recommand\u00e9 de boire une tasse de th\u00e9 \u00e0 la camomille apr\u00e8s avoir mang\u00e9 pour soulager la douleur et calmer les lourdeurs. Le sirop...","og_url":"https:\/\/bihortal.bio\/fr\/tienda\/infusions\/camomille-au-sirop-dagave\/","og_site_name":"Bihortal","article_modified_time":"2023-11-09T07:52:39+00:00","og_image":[{"width":800,"height":1200,"url":"https:\/\/bihortal.bio\/wp-content\/uploads\/2023\/11\/Manzanilla-C3A1gave.jpg","type":"image\/jpeg"}],"twitter_card":"summary_large_image","schema":{"@context":"https:\/\/schema.org","@graph":[{"@type":"WebPage","@id":"https:\/\/bihortal.bio\/fr\/tienda\/infusions\/camomille-au-sirop-dagave\/","url":"https:\/\/bihortal.bio\/fr\/tienda\/infusions\/camomille-au-sirop-dagave\/","name":"Camomille au sirop d'agave - Bihortal","isPartOf":{"@id":"https:\/\/bihortal.bio\/en\/#website"},"primaryImageOfPage":{"@id":"https:\/\/bihortal.bio\/fr\/tienda\/infusions\/camomille-au-sirop-dagave\/#primaryimage"},"image":{"@id":"https:\/\/bihortal.bio\/fr\/tienda\/infusions\/camomille-au-sirop-dagave\/#primaryimage"},"thumbnailUrl":"https:\/\/bihortal.bio\/wp-content\/uploads\/2023\/11\/Manzanilla-C3A1gave.jpg","datePublished":"2023-11-09T07:49:47+00:00","dateModified":"2023-11-09T07:52:39+00:00","breadcrumb":{"@id":"https:\/\/bihortal.bio\/fr\/tienda\/infusions\/camomille-au-sirop-dagave\/#breadcrumb"},"inLanguage":"fr-FR","potentialAction":[{"@type":"ReadAction","target":["https:\/\/bihortal.bio\/fr\/tienda\/infusions\/camomille-au-sirop-dagave\/"]}]},{"@type":"ImageObject","inLanguage":"fr-FR","@id":"https:\/\/bihortal.bio\/fr\/tienda\/infusions\/camomille-au-sirop-dagave\/#primaryimage","url":"https:\/\/bihortal.bio\/wp-content\/uploads\/2023\/11\/Manzanilla-C3A1gave.jpg","contentUrl":"https:\/\/bihortal.bio\/wp-content\/uploads\/2023\/11\/Manzanilla-C3A1gave.jpg","width":800,"height":1200},{"@type":"BreadcrumbList","@id":"https:\/\/bihortal.bio\/fr\/tienda\/infusions\/camomille-au-sirop-dagave\/#breadcrumb","itemListElement":[{"@type":"ListItem","position":1,"name":"Portada","item":"https:\/\/bihortal.bio\/fr\/"},{"@type":"ListItem","position":2,"name":"Boutique","item":"https:\/\/bihortal.bio\/fr\/boutique\/"},{"@type":"ListItem","position":3,"name":"Camomille au sirop d&#8217;agave"}]},{"@type":"WebSite","@id":"https:\/\/bihortal.bio\/en\/#website","url":"https:\/\/bihortal.bio\/en\/","name":"Bihortal","description":"Conservas ecol\u00f3gicas de calidad","potentialAction":[{"@type":"SearchAction","target":{"@type":"EntryPoint","urlTemplate":"https:\/\/bihortal.bio\/en\/?s={search_term_string}"},"query-input":{"@type":"PropertyValueSpecification","valueRequired":true,"valueName":"search_term_string"}}],"inLanguage":"fr-FR"}]}},"_links":{"self":[{"href":"https:\/\/bihortal.bio\/fr\/wp-json\/wp\/v2\/product\/3902","targetHints":{"allow":["GET"]}}],"collection":[{"href":"https:\/\/bihortal.bio\/fr\/wp-json\/wp\/v2\/product"}],"about":[{"href":"https:\/\/bihortal.bio\/fr\/wp-json\/wp\/v2\/types\/product"}],"replies":[{"embeddable":true,"href":"https:\/\/bihortal.bio\/fr\/wp-json\/wp\/v2\/comments?post=3902"}],"wp:featuredmedia":[{"embeddable":true,"href":"https:\/\/bihortal.bio\/fr\/wp-json\/wp\/v2\/media\/3863"}],"wp:attachment":[{"href":"https:\/\/bihortal.bio\/fr\/wp-json\/wp\/v2\/media?parent=3902"}],"wp:term":[{"taxonomy":"product_brand","embeddable":true,"href":"https:\/\/bihortal.bio\/fr\/wp-json\/wp\/v2\/product_brand?post=3902"},{"taxonomy":"product_cat","embeddable":true,"href":"https:\/\/bihortal.bio\/fr\/wp-json\/wp\/v2\/product_cat?post=3902"},{"taxonomy":"product_tag","embeddable":true,"href":"https:\/\/bihortal.bio\/fr\/wp-json\/wp\/v2\/product_tag?post=3902"}],"curies":[{"name":"wp","href":"https:\/\/api.w.org\/{rel}","templated":true}]}}