{"id":549,"date":"2019-06-27T18:39:29","date_gmt":"2019-06-27T16:39:29","guid":{"rendered":"https:\/\/www.bihortal.bio\/?page_id=549"},"modified":"2023-11-02T12:52:29","modified_gmt":"2023-11-02T11:52:29","slug":"debut","status":"publish","type":"page","link":"https:\/\/bihortal.bio\/fr\/","title":{"rendered":"Accueil"},"content":{"rendered":"<p>[vc_row css_animation=\u00a0\u00bb\u00a0\u00bb row_type=\u00a0\u00bbrow\u00a0\u00bb use_row_as_full_screen_section=\u00a0\u00bbno\u00a0\u00bb type=\u00a0\u00bbfull_width\u00a0\u00bb angled_section=\u00a0\u00bbno\u00a0\u00bb text_align=\u00a0\u00bbleft\u00a0\u00bb background_image_as_pattern=\u00a0\u00bbwithout_pattern\u00a0\u00bb][vc_column][vc_empty_space height=\u00a0\u00bb40px\u00a0\u00bb][\/vc_column][\/vc_row][vc_row css_animation=\u00a0\u00bbelement_from_top\u00a0\u00bb row_type=\u00a0\u00bbrow\u00a0\u00bb use_row_as_full_screen_section=\u00a0\u00bbno\u00a0\u00bb type=\u00a0\u00bbgrid\u00a0\u00bb angled_section=\u00a0\u00bbno\u00a0\u00bb text_align=\u00a0\u00bbcenter\u00a0\u00bb background_image_as_pattern=\u00a0\u00bbwithout_pattern\u00a0\u00bb z_index=\u00a0\u00bb\u00a0\u00bb][vc_column][animated_icons_with_text columns=\u00a0\u00bbthree_columns\u00a0\u00bb][animated_icon_with_text title_tag=\u00a0\u00bbh2&Prime; icon=\u00a0\u00bbfa-leaf\u00a0\u00bb title=\u00a0\u00bbMission\u00a0\u00bb text=\u00a0\u00bbChangez de mode de consommation avec des produits plus sains et plus sains. Offrir au march\u00e9 une large gamme de conserves biologiques avec les meilleures mati\u00e8res premi\u00e8res du march\u00e9.\u00a0\u00bb size=\u00a0\u00bb50&Prime; icon_color=\u00a0\u00bb#b7774e\u00a0\u00bb border_color=\u00a0\u00bb#b7774e\u00a0\u00bb icon_background_color_hover=\u00a0\u00bb#b8c82d\u00a0\u00bb border_color_hover=\u00a0\u00bb#b8c82d\u00a0\u00bb][animated_icon_with_text title_tag=\u00a0\u00bbh2&Prime; icon=\u00a0\u00bbfa-tags\u00a0\u00bb title=\u00a0\u00bbValeurs\u00a0\u00bb text=\u00a0\u00bbQualit\u00e9, professionnalisme, innovation.\u00a0\u00bb size=\u00a0\u00bb45&Prime; icon_color=\u00a0\u00bb#b7774e\u00a0\u00bb border_color=\u00a0\u00bb#b7774e\u00a0\u00bb icon_background_color_hover=\u00a0\u00bb#b8c82d\u00a0\u00bb border_color_hover=\u00a0\u00bb#b8c82d\u00a0\u00bb][animated_icon_with_text title_tag=\u00a0\u00bbh2&Prime; icon=\u00a0\u00bbfa-eye\u00a0\u00bb title=\u00a0\u00bbVision\u00a0\u00bb text=\u00a0\u00bb\u00catre une r\u00e9f\u00e9rence nationale et internationale en conserve BIO.\u00a0\u00bb size=\u00a0\u00bb50&Prime; icon_color=\u00a0\u00bb#b7774e\u00a0\u00bb border_color=\u00a0\u00bb#b7774e\u00a0\u00bb icon_background_color_hover=\u00a0\u00bb#b8c82d\u00a0\u00bb border_color_hover=\u00a0\u00bb#b8c82d\u00a0\u00bb][\/animated_icons_with_text][\/vc_column][\/vc_row][vc_row css_animation=\u00a0\u00bbelement_from_fade\u00a0\u00bb row_type=\u00a0\u00bbrow\u00a0\u00bb use_row_as_full_screen_section=\u00a0\u00bbno\u00a0\u00bb type=\u00a0\u00bbgrid\u00a0\u00bb angled_section=\u00a0\u00bbno\u00a0\u00bb text_align=\u00a0\u00bbcenter\u00a0\u00bb background_image_as_pattern=\u00a0\u00bbwithout_pattern\u00a0\u00bb z_index=\u00a0\u00bb\u00a0\u00bb padding_top=\u00a0\u00bb30&Prime; padding_bottom=\u00a0\u00bb15&Prime;][vc_column][vc_text_separator title=\u00a0\u00bbFAMILLES DE PRODUIT\u00a0\u00bb border=\u00a0\u00bbno\u00a0\u00bb background_color=\u00a0\u00bb#ffffff\u00a0\u00bb title_color=\u00a0\u00bb#b8c82d\u00a0\u00bb][\/vc_column][\/vc_row][vc_row css_animation=\u00a0\u00bbelement_from_fade\u00a0\u00bb row_type=\u00a0\u00bbrow\u00a0\u00bb use_row_as_full_screen_section=\u00a0\u00bbno\u00a0\u00bb type=\u00a0\u00bbgrid\u00a0\u00bb angled_section=\u00a0\u00bbno\u00a0\u00bb text_align=\u00a0\u00bbcenter\u00a0\u00bb background_image_as_pattern=\u00a0\u00bbwithout_pattern\u00a0\u00bb z_index=\u00a0\u00bb\u00a0\u00bb][vc_column][vc_column_text]<div class=\"woocommerce columns-4\"><ul class=\"products\"><li class=\"product-category product first\">\n\t<a aria-label=\"Acc\u00e9der \u00e0 la cat\u00e9gorie de produits Confiture\" href=\"https:\/\/bihortal.bio\/fr\/produits\/confiture\/\"><img decoding=\"async\" src=\"https:\/\/bihortal.bio\/wp-content\/uploads\/2023\/11\/mermeladas-600x450-1-300x225.jpg\" alt=\"Confiture\" width=\"300\" height=\"\" srcset=\"https:\/\/bihortal.bio\/wp-content\/uploads\/2023\/11\/mermeladas-600x450-1-300x225.jpg 300w, https:\/\/bihortal.bio\/wp-content\/uploads\/2023\/11\/mermeladas-600x450-1.jpg 600w\" sizes=\"(max-width: 300px) 100vw, 300px\" \/>\t\t<h2 class=\"woocommerce-loop-category__title\">\n\t\t\tConfiture <mark class=\"count\">(10)<\/mark>\t\t<\/h2>\n\t\t<\/a><\/li>\n<li class=\"product-category product\">\n\t<a aria-label=\"Acc\u00e9der \u00e0 la cat\u00e9gorie de produits Cornichons\" href=\"https:\/\/bihortal.bio\/fr\/produits\/cornichons\/\"><img decoding=\"async\" src=\"https:\/\/bihortal.bio\/wp-content\/uploads\/2023\/11\/encurtidos-600x450-1-300x225.jpg\" alt=\"Cornichons\" width=\"300\" height=\"\" srcset=\"https:\/\/bihortal.bio\/wp-content\/uploads\/2023\/11\/encurtidos-600x450-1-300x225.jpg 300w, https:\/\/bihortal.bio\/wp-content\/uploads\/2023\/11\/encurtidos-600x450-1.jpg 600w\" sizes=\"(max-width: 300px) 100vw, 300px\" \/>\t\t<h2 class=\"woocommerce-loop-category__title\">\n\t\t\tCornichons <mark class=\"count\">(2)<\/mark>\t\t<\/h2>\n\t\t<\/a><\/li>\n<li class=\"product-category product\">\n\t<a aria-label=\"Acc\u00e9der \u00e0 la cat\u00e9gorie de produits Infusions\" href=\"https:\/\/bihortal.bio\/fr\/produits\/infusions\/\"><img decoding=\"async\" src=\"https:\/\/bihortal.bio\/wp-content\/uploads\/2019\/06\/infusiones-300x225.jpg\" alt=\"Infusions\" width=\"300\" height=\"\" srcset=\"https:\/\/bihortal.bio\/wp-content\/uploads\/2019\/06\/infusiones-300x225.jpg 300w, https:\/\/bihortal.bio\/wp-content\/uploads\/2019\/06\/infusiones-600x450.jpg 600w, https:\/\/bihortal.bio\/wp-content\/uploads\/2019\/06\/infusiones-768x576.jpg 768w, https:\/\/bihortal.bio\/wp-content\/uploads\/2019\/06\/infusiones-700x525.jpg 700w, https:\/\/bihortal.bio\/wp-content\/uploads\/2019\/06\/infusiones.jpg 800w\" sizes=\"(max-width: 300px) 100vw, 300px\" \/>\t\t<h2 class=\"woocommerce-loop-category__title\">\n\t\t\tInfusions <mark class=\"count\">(6)<\/mark>\t\t<\/h2>\n\t\t<\/a><\/li>\n<li class=\"product-category product last\">\n\t<a aria-label=\"Acc\u00e9der \u00e0 la cat\u00e9gorie de produits Jus de fruit\" href=\"https:\/\/bihortal.bio\/fr\/produits\/jus-de-fruit\/\"><img decoding=\"async\" src=\"https:\/\/bihortal.bio\/wp-content\/uploads\/2023\/11\/zumos-de-fruta-600x450-1-300x225.jpg\" alt=\"Jus de fruit\" width=\"300\" height=\"\" srcset=\"https:\/\/bihortal.bio\/wp-content\/uploads\/2023\/11\/zumos-de-fruta-600x450-1-300x225.jpg 300w, https:\/\/bihortal.bio\/wp-content\/uploads\/2023\/11\/zumos-de-fruta-600x450-1.jpg 600w\" sizes=\"(max-width: 300px) 100vw, 300px\" \/>\t\t<h2 class=\"woocommerce-loop-category__title\">\n\t\t\tJus de fruit <mark class=\"count\">(8)<\/mark>\t\t<\/h2>\n\t\t<\/a><\/li>\n<li class=\"product-category product first\">\n\t<a aria-label=\"Acc\u00e9der \u00e0 la cat\u00e9gorie de produits L\u00e9gumes en conserve\" href=\"https:\/\/bihortal.bio\/fr\/produits\/legumes-en-conserve-fr\/\"><img decoding=\"async\" src=\"https:\/\/bihortal.bio\/wp-content\/uploads\/2023\/11\/conservas-vegetales-600x450-1-300x225.jpg\" alt=\"L\u00e9gumes en conserve\" width=\"300\" height=\"\" srcset=\"https:\/\/bihortal.bio\/wp-content\/uploads\/2023\/11\/conservas-vegetales-600x450-1-300x225.jpg 300w, https:\/\/bihortal.bio\/wp-content\/uploads\/2023\/11\/conservas-vegetales-600x450-1.jpg 600w\" sizes=\"(max-width: 300px) 100vw, 300px\" \/>\t\t<h2 class=\"woocommerce-loop-category__title\">\n\t\t\tL\u00e9gumes en conserve <mark class=\"count\">(8)<\/mark>\t\t<\/h2>\n\t\t<\/a><\/li>\n<li class=\"product-category product\">\n\t<a aria-label=\"Acc\u00e9der \u00e0 la cat\u00e9gorie de produits P\u00e2t\u00e9s\" href=\"https:\/\/bihortal.bio\/fr\/produits\/pates-fr-2\/\"><img decoding=\"async\" src=\"https:\/\/bihortal.bio\/wp-content\/uploads\/2023\/11\/pates-600x450-1-300x225.jpg\" alt=\"P\u00e2t\u00e9s\" width=\"300\" height=\"\" srcset=\"https:\/\/bihortal.bio\/wp-content\/uploads\/2023\/11\/pates-600x450-1-300x225.jpg 300w, https:\/\/bihortal.bio\/wp-content\/uploads\/2023\/11\/pates-600x450-1.jpg 600w\" sizes=\"(max-width: 300px) 100vw, 300px\" \/>\t\t<h2 class=\"woocommerce-loop-category__title\">\n\t\t\tP\u00e2t\u00e9s <mark class=\"count\">(3)<\/mark>\t\t<\/h2>\n\t\t<\/a><\/li>\n<li class=\"product-category product\">\n\t<a aria-label=\"Acc\u00e9der \u00e0 la cat\u00e9gorie de produits Plats cuisin\u00e9s\" href=\"https:\/\/bihortal.bio\/fr\/produits\/plats-cuisines\/\"><img decoding=\"async\" src=\"https:\/\/bihortal.bio\/wp-content\/uploads\/2023\/11\/platos-preparados-600x450-1-300x225.jpg\" alt=\"Plats cuisin\u00e9s\" width=\"300\" height=\"\" srcset=\"https:\/\/bihortal.bio\/wp-content\/uploads\/2023\/11\/platos-preparados-600x450-1-300x225.jpg 300w, https:\/\/bihortal.bio\/wp-content\/uploads\/2023\/11\/platos-preparados-600x450-1.jpg 600w\" sizes=\"(max-width: 300px) 100vw, 300px\" \/>\t\t<h2 class=\"woocommerce-loop-category__title\">\n\t\t\tPlats cuisin\u00e9s <mark class=\"count\">(8)<\/mark>\t\t<\/h2>\n\t\t<\/a><\/li>\n<li class=\"product-category product last\">\n\t<a aria-label=\"Acc\u00e9der \u00e0 la cat\u00e9gorie de produits sauces tomates\" href=\"https:\/\/bihortal.bio\/fr\/produits\/sauces-tomates-fr\/\"><img decoding=\"async\" src=\"https:\/\/bihortal.bio\/wp-content\/uploads\/2023\/11\/salsas-de-tomate-600x450-1-300x225.jpg\" alt=\"sauces tomates\" width=\"300\" height=\"\" srcset=\"https:\/\/bihortal.bio\/wp-content\/uploads\/2023\/11\/salsas-de-tomate-600x450-1-300x225.jpg 300w, https:\/\/bihortal.bio\/wp-content\/uploads\/2023\/11\/salsas-de-tomate-600x450-1.jpg 600w\" sizes=\"(max-width: 300px) 100vw, 300px\" \/>\t\t<h2 class=\"woocommerce-loop-category__title\">\n\t\t\tsauces tomates <mark class=\"count\">(6)<\/mark>\t\t<\/h2>\n\t\t<\/a><\/li>\n<\/ul>\n<\/div>[\/vc_column_text][vc_separator type=\u00a0\u00bbnormal\u00a0\u00bb up=\u00a0\u00bb15&Prime; down=\u00a0\u00bb15&Prime;][\/vc_column][\/vc_row][vc_row css_animation=\u00a0\u00bb\u00a0\u00bb row_type=\u00a0\u00bbrow\u00a0\u00bb use_row_as_full_screen_section=\u00a0\u00bbno\u00a0\u00bb type=\u00a0\u00bbfull_width\u00a0\u00bb angled_section=\u00a0\u00bbno\u00a0\u00bb text_align=\u00a0\u00bbleft\u00a0\u00bb background_image_as_pattern=\u00a0\u00bbwithout_pattern\u00a0\u00bb][vc_column][vc_empty_space height=\u00a0\u00bb50px\u00a0\u00bb][\/vc_column][\/vc_row][vc_row css_animation=\u00a0\u00bbelement_from_bottom\u00a0\u00bb row_type=\u00a0\u00bbrow\u00a0\u00bb use_row_as_full_screen_section=\u00a0\u00bbno\u00a0\u00bb type=\u00a0\u00bbfull_width\u00a0\u00bb angled_section=\u00a0\u00bbno\u00a0\u00bb text_align=\u00a0\u00bbleft\u00a0\u00bb background_image_as_pattern=\u00a0\u00bbwithout_pattern\u00a0\u00bb z_index=\u00a0\u00bb\u00a0\u00bb][vc_column][vc_single_image image=\u00a0\u00bb161&Prime; img_size=\u00a0\u00bbfull\u00a0\u00bb alignment=\u00a0\u00bbcenter\u00a0\u00bb qode_css_animation=\u00a0\u00bb\u00a0\u00bb][\/vc_column][\/vc_row]<\/p>\n","protected":false},"excerpt":{"rendered":"<p>[vc_row css_animation=\u00a0\u00bb\u00a0\u00bb row_type=\u00a0\u00bbrow\u00a0\u00bb use_row_as_full_screen_section=\u00a0\u00bbno\u00a0\u00bb type=\u00a0\u00bbfull_width\u00a0\u00bb angled_section=\u00a0\u00bbno\u00a0\u00bb text_align=\u00a0\u00bbleft\u00a0\u00bb background_image_as_pattern=\u00a0\u00bbwithout_pattern\u00a0\u00bb][vc_column][vc_empty_space height=\u00a0\u00bb40px\u00a0\u00bb][\/vc_column][\/vc_row][vc_row css_animation=\u00a0\u00bbelement_from_top\u00a0\u00bb row_type=\u00a0\u00bbrow\u00a0\u00bb use_row_as_full_screen_section=\u00a0\u00bbno\u00a0\u00bb type=\u00a0\u00bbgrid\u00a0\u00bb angled_section=\u00a0\u00bbno\u00a0\u00bb text_align=\u00a0\u00bbcenter\u00a0\u00bb background_image_as_pattern=\u00a0\u00bbwithout_pattern\u00a0\u00bb z_index=\u00a0\u00bb\u00a0\u00bb][vc_column][animated_icons_with_text columns=\u00a0\u00bbthree_columns\u00a0\u00bb][animated_icon_with_text title_tag=\u00a0\u00bbh2&Prime; icon=\u00a0\u00bbfa-leaf\u00a0\u00bb title=\u00a0\u00bbMission\u00a0\u00bb text=\u00a0\u00bbChangez de mode de consommation avec des produits plus sains et plus sains. Offrir au march\u00e9 une large gamme de conserves biologiques avec les&#8230;<\/p>\n","protected":false},"author":2,"featured_media":0,"parent":0,"menu_order":0,"comment_status":"closed","ping_status":"closed","template":"full_width.php","meta":{"footnotes":""},"class_list":["post-549","page","type-page","status-publish","hentry"],"yoast_head":"<!-- This site is optimized with the Yoast SEO plugin v26.5 - https:\/\/yoast.com\/wordpress\/plugins\/seo\/ -->\n<title>Bihortal.bio | Productos Org\u00e1nicos de Calidad y Sabor Natural<\/title>\n<meta name=\"description\" content=\"Descubre Bihortal.bio, tu destino para productos org\u00e1nicos de primera calidad. Sabores naturales, salud y sostenibilidad\" \/>\n<meta name=\"robots\" content=\"index, follow, max-snippet:-1, max-image-preview:large, max-video-preview:-1\" \/>\n<link rel=\"canonical\" href=\"https:\/\/bihortal.bio\/fr\/\" \/>\n<meta property=\"og:locale\" content=\"fr_FR\" \/>\n<meta property=\"og:type\" content=\"article\" \/>\n<meta property=\"og:title\" content=\"Bihortal.bio | Productos Org\u00e1nicos de Calidad y Sabor Natural\" \/>\n<meta property=\"og:description\" content=\"Descubre Bihortal.bio, tu destino para productos org\u00e1nicos de primera calidad. Sabores naturales, salud y sostenibilidad\" \/>\n<meta property=\"og:url\" content=\"https:\/\/bihortal.bio\/fr\/\" \/>\n<meta property=\"og:site_name\" content=\"Bihortal\" \/>\n<meta property=\"article:modified_time\" content=\"2023-11-02T11:52:29+00:00\" \/>\n<meta name=\"twitter:card\" content=\"summary_large_image\" \/>\n<meta name=\"twitter:label1\" content=\"Dur\u00e9e de lecture estim\u00e9e\" \/>\n\t<meta name=\"twitter:data1\" content=\"1 minute\" \/>\n<script type=\"application\/ld+json\" class=\"yoast-schema-graph\">{\"@context\":\"https:\/\/schema.org\",\"@graph\":[{\"@type\":\"WebPage\",\"@id\":\"https:\/\/bihortal.bio\/fr\/\",\"url\":\"https:\/\/bihortal.bio\/fr\/\",\"name\":\"Bihortal.bio | Productos Org\u00e1nicos de Calidad y Sabor Natural\",\"isPartOf\":{\"@id\":\"https:\/\/bihortal.bio\/en\/#website\"},\"datePublished\":\"2019-06-27T16:39:29+00:00\",\"dateModified\":\"2023-11-02T11:52:29+00:00\",\"description\":\"Descubre Bihortal.bio, tu destino para productos org\u00e1nicos de primera calidad. Sabores naturales, salud y sostenibilidad\",\"breadcrumb\":{\"@id\":\"https:\/\/bihortal.bio\/fr\/#breadcrumb\"},\"inLanguage\":\"fr-FR\",\"potentialAction\":[{\"@type\":\"ReadAction\",\"target\":[\"https:\/\/bihortal.bio\/fr\/\"]}]},{\"@type\":\"BreadcrumbList\",\"@id\":\"https:\/\/bihortal.bio\/fr\/#breadcrumb\",\"itemListElement\":[{\"@type\":\"ListItem\",\"position\":1,\"name\":\"Portada\",\"item\":\"https:\/\/bihortal.bio\/fr\/\"},{\"@type\":\"ListItem\",\"position\":2,\"name\":\"Accueil\"}]},{\"@type\":\"WebSite\",\"@id\":\"https:\/\/bihortal.bio\/en\/#website\",\"url\":\"https:\/\/bihortal.bio\/en\/\",\"name\":\"Bihortal\",\"description\":\"Conservas ecol\u00f3gicas de calidad\",\"potentialAction\":[{\"@type\":\"SearchAction\",\"target\":{\"@type\":\"EntryPoint\",\"urlTemplate\":\"https:\/\/bihortal.bio\/en\/?s={search_term_string}\"},\"query-input\":{\"@type\":\"PropertyValueSpecification\",\"valueRequired\":true,\"valueName\":\"search_term_string\"}}],\"inLanguage\":\"fr-FR\"}]}<\/script>\n<!-- \/ Yoast SEO plugin. -->","yoast_head_json":{"title":"Bihortal.bio | Productos Org\u00e1nicos de Calidad y Sabor Natural","description":"Descubre Bihortal.bio, tu destino para productos org\u00e1nicos de primera calidad. Sabores naturales, salud y sostenibilidad","robots":{"index":"index","follow":"follow","max-snippet":"max-snippet:-1","max-image-preview":"max-image-preview:large","max-video-preview":"max-video-preview:-1"},"canonical":"https:\/\/bihortal.bio\/fr\/","og_locale":"fr_FR","og_type":"article","og_title":"Bihortal.bio | Productos Org\u00e1nicos de Calidad y Sabor Natural","og_description":"Descubre Bihortal.bio, tu destino para productos org\u00e1nicos de primera calidad. Sabores naturales, salud y sostenibilidad","og_url":"https:\/\/bihortal.bio\/fr\/","og_site_name":"Bihortal","article_modified_time":"2023-11-02T11:52:29+00:00","twitter_card":"summary_large_image","twitter_misc":{"Dur\u00e9e de lecture estim\u00e9e":"1 minute"},"schema":{"@context":"https:\/\/schema.org","@graph":[{"@type":"WebPage","@id":"https:\/\/bihortal.bio\/fr\/","url":"https:\/\/bihortal.bio\/fr\/","name":"Bihortal.bio | Productos Org\u00e1nicos de Calidad y Sabor Natural","isPartOf":{"@id":"https:\/\/bihortal.bio\/en\/#website"},"datePublished":"2019-06-27T16:39:29+00:00","dateModified":"2023-11-02T11:52:29+00:00","description":"Descubre Bihortal.bio, tu destino para productos org\u00e1nicos de primera calidad. Sabores naturales, salud y sostenibilidad","breadcrumb":{"@id":"https:\/\/bihortal.bio\/fr\/#breadcrumb"},"inLanguage":"fr-FR","potentialAction":[{"@type":"ReadAction","target":["https:\/\/bihortal.bio\/fr\/"]}]},{"@type":"BreadcrumbList","@id":"https:\/\/bihortal.bio\/fr\/#breadcrumb","itemListElement":[{"@type":"ListItem","position":1,"name":"Portada","item":"https:\/\/bihortal.bio\/fr\/"},{"@type":"ListItem","position":2,"name":"Accueil"}]},{"@type":"WebSite","@id":"https:\/\/bihortal.bio\/en\/#website","url":"https:\/\/bihortal.bio\/en\/","name":"Bihortal","description":"Conservas ecol\u00f3gicas de calidad","potentialAction":[{"@type":"SearchAction","target":{"@type":"EntryPoint","urlTemplate":"https:\/\/bihortal.bio\/en\/?s={search_term_string}"},"query-input":{"@type":"PropertyValueSpecification","valueRequired":true,"valueName":"search_term_string"}}],"inLanguage":"fr-FR"}]}},"_links":{"self":[{"href":"https:\/\/bihortal.bio\/fr\/wp-json\/wp\/v2\/pages\/549","targetHints":{"allow":["GET"]}}],"collection":[{"href":"https:\/\/bihortal.bio\/fr\/wp-json\/wp\/v2\/pages"}],"about":[{"href":"https:\/\/bihortal.bio\/fr\/wp-json\/wp\/v2\/types\/page"}],"author":[{"embeddable":true,"href":"https:\/\/bihortal.bio\/fr\/wp-json\/wp\/v2\/users\/2"}],"replies":[{"embeddable":true,"href":"https:\/\/bihortal.bio\/fr\/wp-json\/wp\/v2\/comments?post=549"}],"version-history":[{"count":7,"href":"https:\/\/bihortal.bio\/fr\/wp-json\/wp\/v2\/pages\/549\/revisions"}],"predecessor-version":[{"id":2821,"href":"https:\/\/bihortal.bio\/fr\/wp-json\/wp\/v2\/pages\/549\/revisions\/2821"}],"wp:attachment":[{"href":"https:\/\/bihortal.bio\/fr\/wp-json\/wp\/v2\/media?parent=549"}],"curies":[{"name":"wp","href":"https:\/\/api.w.org\/{rel}","templated":true}]}}