{"id":4006,"date":"2023-11-08T13:57:41","date_gmt":"2023-11-09T10:21:42","guid":{"rendered":"https:\/\/bihortal.bio\/tienda\/uncategorized\/mediterranean-pate\/"},"modified":"2023-11-09T11:21:42","modified_gmt":"2023-11-09T10:21:42","slug":"pate-mediterranean","status":"publish","type":"product","link":"https:\/\/bihortal.bio\/en\/tienda\/pates-en\/pate-mediterranean\/","title":{"rendered":"Mediterranean p\u00e2t\u00e9"},"content":{"rendered":"<p>We have created a delicious p\u00e2t\u00e9 with several of the main ingredients of the Mediterranean diet such as olives, tomatoes, garlic, oregano, and capers, without forgetting extra virgin olive oil.<\/p>\n<h3>ingredients<\/h3>\n<p>Black olive, dried tomato, garlic, extra virgin olive oil, salt, oregano, anchovy aroma, capers, agar-agar, citric acid, agave syrup.<\/p>\n","protected":false},"excerpt":{"rendered":"<p>We have created a delicious p\u00e2t\u00e9 with several of the main ingredients of the Mediterranean diet such as olives, tomatoes, garlic, oregano, and capers, without forgetting extra virgin olive oil. ingredients Black olive, dried tomato, garlic, extra virgin olive oil, salt, oregano, anchovy aroma, capers,&#8230;<\/p>\n","protected":false},"featured_media":3778,"comment_status":"open","ping_status":"closed","template":"","meta":[],"product_brand":[],"product_cat":[263],"product_tag":[],"class_list":{"0":"post-4006","1":"product","2":"type-product","3":"status-publish","4":"has-post-thumbnail","6":"product_cat-pates-en","8":"first","9":"instock","10":"taxable","11":"shipping-taxable","12":"purchasable","13":"product-type-simple"},"yoast_head":"<!-- This site is optimized with the Yoast SEO plugin v26.5 - https:\/\/yoast.com\/wordpress\/plugins\/seo\/ -->\n<title>Mediterranean p\u00e2t\u00e9 - Bihortal<\/title>\n<meta name=\"robots\" content=\"index, follow, max-snippet:-1, max-image-preview:large, max-video-preview:-1\" \/>\n<link rel=\"canonical\" href=\"https:\/\/bihortal.bio\/tienda\/uncategorized\/mediterranean-pate\/\" \/>\n<meta property=\"og:locale\" content=\"en_US\" \/>\n<meta property=\"og:type\" content=\"article\" \/>\n<meta property=\"og:title\" content=\"Mediterranean p\u00e2t\u00e9 - Bihortal\" \/>\n<meta property=\"og:description\" content=\"We have created a delicious p\u00e2t\u00e9 with several of the main ingredients of the Mediterranean diet such as olives, tomatoes, garlic, oregano, and capers, without forgetting extra virgin olive oil. ingredients Black olive, dried tomato, garlic, extra virgin olive oil, salt, oregano, anchovy aroma, capers,...\" \/>\n<meta property=\"og:url\" content=\"https:\/\/bihortal.bio\/tienda\/uncategorized\/mediterranean-pate\/\" \/>\n<meta property=\"og:site_name\" content=\"Bihortal\" \/>\n<meta name=\"twitter:card\" content=\"summary_large_image\" \/>\n<script type=\"application\/ld+json\" class=\"yoast-schema-graph\">{\"@context\":\"https:\/\/schema.org\",\"@graph\":[{\"@type\":\"WebPage\",\"@id\":\"https:\/\/bihortal.bio\/tienda\/uncategorized\/mediterranean-pate\/\",\"url\":\"https:\/\/bihortal.bio\/tienda\/uncategorized\/mediterranean-pate\/\",\"name\":\"Mediterranean p\u00e2t\u00e9 - Bihortal\",\"isPartOf\":{\"@id\":\"https:\/\/bihortal.bio\/en\/#website\"},\"primaryImageOfPage\":{\"@id\":\"https:\/\/bihortal.bio\/tienda\/uncategorized\/mediterranean-pate\/#primaryimage\"},\"image\":{\"@id\":\"https:\/\/bihortal.bio\/tienda\/uncategorized\/mediterranean-pate\/#primaryimage\"},\"thumbnailUrl\":\"https:\/\/bihortal.bio\/wp-content\/uploads\/2023\/11\/PatC3A9-mediterrC3A1neo.jpg\",\"datePublished\":\"2023-11-09T10:21:42+00:00\",\"breadcrumb\":{\"@id\":\"https:\/\/bihortal.bio\/tienda\/uncategorized\/mediterranean-pate\/#breadcrumb\"},\"inLanguage\":\"en-US\",\"potentialAction\":[{\"@type\":\"ReadAction\",\"target\":[\"https:\/\/bihortal.bio\/tienda\/uncategorized\/mediterranean-pate\/\"]}]},{\"@type\":\"ImageObject\",\"inLanguage\":\"en-US\",\"@id\":\"https:\/\/bihortal.bio\/tienda\/uncategorized\/mediterranean-pate\/#primaryimage\",\"url\":\"https:\/\/bihortal.bio\/wp-content\/uploads\/2023\/11\/PatC3A9-mediterrC3A1neo.jpg\",\"contentUrl\":\"https:\/\/bihortal.bio\/wp-content\/uploads\/2023\/11\/PatC3A9-mediterrC3A1neo.jpg\",\"width\":800,\"height\":1200},{\"@type\":\"BreadcrumbList\",\"@id\":\"https:\/\/bihortal.bio\/tienda\/uncategorized\/mediterranean-pate\/#breadcrumb\",\"itemListElement\":[{\"@type\":\"ListItem\",\"position\":1,\"name\":\"Portada\",\"item\":\"https:\/\/bihortal.bio\/en\/\"},{\"@type\":\"ListItem\",\"position\":2,\"name\":\"Tienda\",\"item\":\"https:\/\/bihortal.bio\/en\/shop\/\"},{\"@type\":\"ListItem\",\"position\":3,\"name\":\"Mediterranean p\u00e2t\u00e9\"}]},{\"@type\":\"WebSite\",\"@id\":\"https:\/\/bihortal.bio\/en\/#website\",\"url\":\"https:\/\/bihortal.bio\/en\/\",\"name\":\"Bihortal\",\"description\":\"Conservas ecol\u00f3gicas de calidad\",\"potentialAction\":[{\"@type\":\"SearchAction\",\"target\":{\"@type\":\"EntryPoint\",\"urlTemplate\":\"https:\/\/bihortal.bio\/en\/?s={search_term_string}\"},\"query-input\":{\"@type\":\"PropertyValueSpecification\",\"valueRequired\":true,\"valueName\":\"search_term_string\"}}],\"inLanguage\":\"en-US\"}]}<\/script>\n<!-- \/ Yoast SEO plugin. -->","yoast_head_json":{"title":"Mediterranean p\u00e2t\u00e9 - Bihortal","robots":{"index":"index","follow":"follow","max-snippet":"max-snippet:-1","max-image-preview":"max-image-preview:large","max-video-preview":"max-video-preview:-1"},"canonical":"https:\/\/bihortal.bio\/tienda\/uncategorized\/mediterranean-pate\/","og_locale":"en_US","og_type":"article","og_title":"Mediterranean p\u00e2t\u00e9 - Bihortal","og_description":"We have created a delicious p\u00e2t\u00e9 with several of the main ingredients of the Mediterranean diet such as olives, tomatoes, garlic, oregano, and capers, without forgetting extra virgin olive oil. ingredients Black olive, dried tomato, garlic, extra virgin olive oil, salt, oregano, anchovy aroma, capers,...","og_url":"https:\/\/bihortal.bio\/tienda\/uncategorized\/mediterranean-pate\/","og_site_name":"Bihortal","twitter_card":"summary_large_image","schema":{"@context":"https:\/\/schema.org","@graph":[{"@type":"WebPage","@id":"https:\/\/bihortal.bio\/tienda\/uncategorized\/mediterranean-pate\/","url":"https:\/\/bihortal.bio\/tienda\/uncategorized\/mediterranean-pate\/","name":"Mediterranean p\u00e2t\u00e9 - Bihortal","isPartOf":{"@id":"https:\/\/bihortal.bio\/en\/#website"},"primaryImageOfPage":{"@id":"https:\/\/bihortal.bio\/tienda\/uncategorized\/mediterranean-pate\/#primaryimage"},"image":{"@id":"https:\/\/bihortal.bio\/tienda\/uncategorized\/mediterranean-pate\/#primaryimage"},"thumbnailUrl":"https:\/\/bihortal.bio\/wp-content\/uploads\/2023\/11\/PatC3A9-mediterrC3A1neo.jpg","datePublished":"2023-11-09T10:21:42+00:00","breadcrumb":{"@id":"https:\/\/bihortal.bio\/tienda\/uncategorized\/mediterranean-pate\/#breadcrumb"},"inLanguage":"en-US","potentialAction":[{"@type":"ReadAction","target":["https:\/\/bihortal.bio\/tienda\/uncategorized\/mediterranean-pate\/"]}]},{"@type":"ImageObject","inLanguage":"en-US","@id":"https:\/\/bihortal.bio\/tienda\/uncategorized\/mediterranean-pate\/#primaryimage","url":"https:\/\/bihortal.bio\/wp-content\/uploads\/2023\/11\/PatC3A9-mediterrC3A1neo.jpg","contentUrl":"https:\/\/bihortal.bio\/wp-content\/uploads\/2023\/11\/PatC3A9-mediterrC3A1neo.jpg","width":800,"height":1200},{"@type":"BreadcrumbList","@id":"https:\/\/bihortal.bio\/tienda\/uncategorized\/mediterranean-pate\/#breadcrumb","itemListElement":[{"@type":"ListItem","position":1,"name":"Portada","item":"https:\/\/bihortal.bio\/en\/"},{"@type":"ListItem","position":2,"name":"Tienda","item":"https:\/\/bihortal.bio\/en\/shop\/"},{"@type":"ListItem","position":3,"name":"Mediterranean p\u00e2t\u00e9"}]},{"@type":"WebSite","@id":"https:\/\/bihortal.bio\/en\/#website","url":"https:\/\/bihortal.bio\/en\/","name":"Bihortal","description":"Conservas ecol\u00f3gicas de calidad","potentialAction":[{"@type":"SearchAction","target":{"@type":"EntryPoint","urlTemplate":"https:\/\/bihortal.bio\/en\/?s={search_term_string}"},"query-input":{"@type":"PropertyValueSpecification","valueRequired":true,"valueName":"search_term_string"}}],"inLanguage":"en-US"}]}},"_links":{"self":[{"href":"https:\/\/bihortal.bio\/en\/wp-json\/wp\/v2\/product\/4006","targetHints":{"allow":["GET"]}}],"collection":[{"href":"https:\/\/bihortal.bio\/en\/wp-json\/wp\/v2\/product"}],"about":[{"href":"https:\/\/bihortal.bio\/en\/wp-json\/wp\/v2\/types\/product"}],"replies":[{"embeddable":true,"href":"https:\/\/bihortal.bio\/en\/wp-json\/wp\/v2\/comments?post=4006"}],"wp:featuredmedia":[{"embeddable":true,"href":"https:\/\/bihortal.bio\/en\/wp-json\/wp\/v2\/media\/3778"}],"wp:attachment":[{"href":"https:\/\/bihortal.bio\/en\/wp-json\/wp\/v2\/media?parent=4006"}],"wp:term":[{"taxonomy":"product_brand","embeddable":true,"href":"https:\/\/bihortal.bio\/en\/wp-json\/wp\/v2\/product_brand?post=4006"},{"taxonomy":"product_cat","embeddable":true,"href":"https:\/\/bihortal.bio\/en\/wp-json\/wp\/v2\/product_cat?post=4006"},{"taxonomy":"product_tag","embeddable":true,"href":"https:\/\/bihortal.bio\/en\/wp-json\/wp\/v2\/product_tag?post=4006"}],"curies":[{"name":"wp","href":"https:\/\/api.w.org\/{rel}","templated":true}]}}