{"id":789,"date":"2019-07-02T19:54:55","date_gmt":"2019-07-02T17:54:55","guid":{"rendered":"https:\/\/www.bihortal.bio\/?page_id=789"},"modified":"2020-02-10T13:23:27","modified_gmt":"2020-02-10T12:23:27","slug":"about-us","status":"publish","type":"page","link":"https:\/\/bihortal.bio\/en\/about-us\/","title":{"rendered":"About us?"},"content":{"rendered":"<p>[vc_row css_animation=&#8221;element_from_right&#8221; row_type=&#8221;row&#8221; use_row_as_full_screen_section=&#8221;no&#8221; type=&#8221;full_width&#8221; angled_section=&#8221;no&#8221; text_align=&#8221;left&#8221; background_image_as_pattern=&#8221;without_pattern&#8221; z_index=&#8221;&#8221;][vc_column][qode_elements_holder number_of_columns=&#8221;two_columns&#8221;][qode_elements_holder_item advanced_animations=&#8221;no&#8221; item_padding=&#8221;40px 60px 60px 60px&#8221;][vc_column_text]<\/p>\n<h1>OUR HISTORY<\/h1>\n<p>&nbsp;<\/p>\n<p>The adventure began in the Sierra de Segura, when we, the Mart\u00ednez Sede\u00f1o family, who believe strongly in the benefits of healthy eating habits, decided to grow our own organic food to be sold directly to the consumer. For us, it was important that the food we produced had a direct link to the well-being and good health of our consumers. In the beginning, we started to make simple homemade recipes using our cultivated organic products, and quickly obtained excellent results. This was enough to motivate us to begin a new chapter in our lives, in which we decided to create our own industry.<\/p>\n<p>&nbsp;<\/p>\n<p>The first chapter of the company history began in 1997 when SCA Cortijo del Gavil\u00e1n opened its doors in a small facility located in Puente de G\u00e9nave (Ja\u00e9n). Here we started to create a range of traditional artisan products, such as Andalusian gazpacho, olive pat\u00e9s and a variety of tomato sauces.[\/vc_column_text][\/qode_elements_holder_item][qode_elements_holder_item cover=&#8221;yes&#8221; advanced_animations=&#8221;no&#8221; background_image=&#8221;325&#8243;][\/qode_elements_holder_item][\/qode_elements_holder][\/vc_column][\/vc_row][vc_row css_animation=&#8221;&#8221; row_type=&#8221;row&#8221; use_row_as_full_screen_section=&#8221;no&#8221; type=&#8221;full_width&#8221; angled_section=&#8221;no&#8221; text_align=&#8221;left&#8221; background_image_as_pattern=&#8221;without_pattern&#8221; z_index=&#8221;&#8221;][vc_column offset=&#8221;vc_hidden-lg vc_hidden-md vc_hidden-sm&#8221;][vc_single_image image=&#8221;325&#8243; img_size=&#8221;full&#8221; alignment=&#8221;center&#8221; qode_css_animation=&#8221;&#8221; qode_hover_animation=&#8221;zoom_in&#8221;][\/vc_column][\/vc_row][vc_row css_animation=&#8221;element_from_left&#8221; row_type=&#8221;row&#8221; use_row_as_full_screen_section=&#8221;no&#8221; type=&#8221;full_width&#8221; angled_section=&#8221;no&#8221; text_align=&#8221;left&#8221; background_image_as_pattern=&#8221;without_pattern&#8221; z_index=&#8221;&#8221;][vc_column][qode_elements_holder number_of_columns=&#8221;two_columns&#8221;][qode_elements_holder_item cover=&#8221;yes&#8221; advanced_animations=&#8221;no&#8221; background_image=&#8221;327&#8243;][\/qode_elements_holder_item][qode_elements_holder_item advanced_animations=&#8221;no&#8221; item_padding=&#8221;60px 60px 60px 60px&#8221;][vc_column_text]Many of our clients greatly valued the high quality of our healthy, artisan products and were proud to be represented by our family brand, so that many in fact proposed to use white labels, to market their own recipes. Our work with SCA Cortijo del Gavil\u00e1n is one such example of this union, with whom we continue to maintain excellent quality-price conditions.<\/p>\n<p>&nbsp;<\/p>\n<p>The second chapter of this story began in 2006, when the transfer of the company became imminent because the initial facilities did not fully accommodate us in meeting the needs of the market.\u00a0 As a result, the factory was moved to Siles (Ja\u00e9n), in the Sierras de Cazorla, Segura and Las Villas Natural Park.<\/p>\n<p>&nbsp;<\/p>\n<p>From humble beginnings, in which our family produced a small range of vegetable preserves and dishes, we have since greatly expanded our food production, and we now work with meats, such as stews and broths, and even infant food such as puree.[\/vc_column_text][\/qode_elements_holder_item][\/qode_elements_holder][\/vc_column][\/vc_row][vc_row css_animation=&#8221;&#8221; row_type=&#8221;row&#8221; use_row_as_full_screen_section=&#8221;no&#8221; type=&#8221;full_width&#8221; angled_section=&#8221;no&#8221; text_align=&#8221;left&#8221; background_image_as_pattern=&#8221;without_pattern&#8221; z_index=&#8221;&#8221;][vc_column offset=&#8221;vc_hidden-lg vc_hidden-md vc_hidden-sm&#8221;][vc_single_image image=&#8221;327&#8243; img_size=&#8221;full&#8221; alignment=&#8221;center&#8221; qode_css_animation=&#8221;&#8221; qode_hover_animation=&#8221;zoom_in&#8221;][\/vc_column][\/vc_row][vc_row css_animation=&#8221;element_from_right&#8221; row_type=&#8221;row&#8221; use_row_as_full_screen_section=&#8221;no&#8221; type=&#8221;full_width&#8221; angled_section=&#8221;no&#8221; text_align=&#8221;left&#8221; background_image_as_pattern=&#8221;without_pattern&#8221; z_index=&#8221;&#8221;][vc_column][qode_elements_holder number_of_columns=&#8221;two_columns&#8221;][qode_elements_holder_item advanced_animations=&#8221;no&#8221; item_padding=&#8221;60px 60px 60px 60px&#8221;][vc_column_text]A new chapter began in 2017, as another change of facilities led to the expansion of our entire infrastructure. In this way, it was possible to improve the scale of production and provide greater communication links for the transport of the products. Thus, the company was moved to Santisteban del Puerto (Ja\u00e9n) where we were warmly received.<\/p>\n<p>&nbsp;<\/p>\n<p>From the very beginning, the Mart\u00ednez Sede\u00f1o family has worked with the firm conviction that all of our organic produce must be of the highest quality, and it is that brings the greatest loyalty from our customers. Therefore, we work with our own raw materials, harvested in local fields by carefully selected farmers, who provide us with top-notch vegetables.<\/p>\n<p>&nbsp;<\/p>\n<p>We trust that this story has many more chapters to be written. As a result of the great work and effort we have put in, and the knowledge and experience that we have acquired, we see a great future ahead of us, for both ourselves and our clients, made up of a wide range of delicious organic products, worthy of the most exquisite palates.[\/vc_column_text][\/qode_elements_holder_item][qode_elements_holder_item cover=&#8221;yes&#8221; advanced_animations=&#8221;no&#8221; background_image=&#8221;323&#8243;][\/qode_elements_holder_item][\/qode_elements_holder][\/vc_column][\/vc_row][vc_row css_animation=&#8221;&#8221; row_type=&#8221;row&#8221; use_row_as_full_screen_section=&#8221;no&#8221; type=&#8221;full_width&#8221; angled_section=&#8221;no&#8221; text_align=&#8221;left&#8221; background_image_as_pattern=&#8221;without_pattern&#8221; z_index=&#8221;&#8221;][vc_column offset=&#8221;vc_hidden-lg vc_hidden-md vc_hidden-sm&#8221;][vc_single_image image=&#8221;323&#8243; img_size=&#8221;full&#8221; alignment=&#8221;center&#8221; qode_css_animation=&#8221;&#8221; qode_hover_animation=&#8221;zoom_in&#8221;][\/vc_column][\/vc_row][vc_row css_animation=&#8221;element_from_left&#8221; row_type=&#8221;row&#8221; use_row_as_full_screen_section=&#8221;no&#8221; type=&#8221;full_width&#8221; angled_section=&#8221;no&#8221; text_align=&#8221;left&#8221; background_image_as_pattern=&#8221;without_pattern&#8221; z_index=&#8221;&#8221;][vc_column][qode_elements_holder number_of_columns=&#8221;two_columns&#8221;][qode_elements_holder_item cover=&#8221;yes&#8221; advanced_animations=&#8221;no&#8221; background_image=&#8221;324&#8243;][\/qode_elements_holder_item][qode_elements_holder_item advanced_animations=&#8221;no&#8221; item_padding=&#8221;40px 60px 60px 60px&#8221;][vc_column_text]<\/p>\n<h1>THE FACTORY<\/h1>\n<p>&nbsp;<\/p>\n<p><span lang=\"EN-GB\">In SCA Cortijo del Gavil\u00e1n we have the necessary machines to carry out the process of preparation, always guaranteeing the highest quality. Our 1,500 m2 facility is divided into a processing room, a storage room for containers and packaging, another for raw materials, a cold room and a storage room for finished products.<\/span><\/p>\n<p>&nbsp;<\/p>\n<p><span lang=\"EN-GB\">All of these facilities are ideally suited to the manufacture and refinement of our products, while also complying with all health and safety regulations and applicable hygiene regulations<\/span><span lang=\"EN\">.<\/span>[\/vc_column_text][\/qode_elements_holder_item][\/qode_elements_holder][\/vc_column][\/vc_row][vc_row css_animation=&#8221;&#8221; row_type=&#8221;row&#8221; use_row_as_full_screen_section=&#8221;no&#8221; type=&#8221;full_width&#8221; angled_section=&#8221;no&#8221; text_align=&#8221;left&#8221; background_image_as_pattern=&#8221;without_pattern&#8221; z_index=&#8221;&#8221;][vc_column offset=&#8221;vc_hidden-lg vc_hidden-md vc_hidden-sm&#8221;][vc_single_image image=&#8221;324&#8243; img_size=&#8221;full&#8221; alignment=&#8221;center&#8221; qode_css_animation=&#8221;&#8221; qode_hover_animation=&#8221;zoom_in&#8221;][\/vc_column][\/vc_row][vc_row css_animation=&#8221;element_from_right&#8221; row_type=&#8221;row&#8221; use_row_as_full_screen_section=&#8221;no&#8221; type=&#8221;full_width&#8221; angled_section=&#8221;no&#8221; text_align=&#8221;left&#8221; background_image_as_pattern=&#8221;without_pattern&#8221; z_index=&#8221;&#8221;][vc_column][qode_elements_holder number_of_columns=&#8221;two_columns&#8221;][qode_elements_holder_item advanced_animations=&#8221;no&#8221; item_padding=&#8221;40px 60px 60px 60px&#8221;][vc_column_text]<\/p>\n<h1>BIHORTAL<\/h1>\n<p>&nbsp;<\/p>\n<p>Bihortal is a brand of our company that specializes in the production and marketing of organic products. Our wide product catalogue is characterized by artisanal produce, using raw materials of the highest quality. Natural ingredients, traditional recipes and a great deal of patience, have resulted in products of exceptional quality that maintain the highest quality standards.<\/p>\n<p>&nbsp;<\/p>\n<p>It goes without saying that the basis of our recipes is the right balance between traditional production methods and the quality of raw materials. All this, seasoned with love, tradition and craftsmanship, make for a unique product in texture and taste.<\/p>\n<p>&nbsp;<\/p>\n<p>Our products are certified by the CAAE according to the regulation (CE) 834\/2007, which regulates the ecological production method. They also have the stamp AB (Agriculture Biologique) and BIO SEAL.[\/vc_column_text][\/qode_elements_holder_item][qode_elements_holder_item cover=&#8221;yes&#8221; advanced_animations=&#8221;no&#8221; background_image=&#8221;326&#8243;][\/qode_elements_holder_item][\/qode_elements_holder][\/vc_column][\/vc_row][vc_row css_animation=&#8221;&#8221; row_type=&#8221;row&#8221; use_row_as_full_screen_section=&#8221;no&#8221; type=&#8221;full_width&#8221; angled_section=&#8221;no&#8221; text_align=&#8221;left&#8221; background_image_as_pattern=&#8221;without_pattern&#8221; z_index=&#8221;&#8221;][vc_column offset=&#8221;vc_hidden-lg vc_hidden-md vc_hidden-sm&#8221;][vc_single_image image=&#8221;326&#8243; img_size=&#8221;full&#8221; alignment=&#8221;center&#8221; qode_css_animation=&#8221;&#8221; qode_hover_animation=&#8221;zoom_in&#8221;][\/vc_column][\/vc_row][vc_row css_animation=&#8221;&#8221; row_type=&#8221;row&#8221; use_row_as_full_screen_section=&#8221;no&#8221; type=&#8221;full_width&#8221; angled_section=&#8221;no&#8221; text_align=&#8221;left&#8221; background_image_as_pattern=&#8221;without_pattern&#8221;][vc_column][vc_empty_space height=&#8221;30px&#8221;][\/vc_column][\/vc_row][vc_row css_animation=&#8221;element_from_bottom&#8221; row_type=&#8221;row&#8221; use_row_as_full_screen_section=&#8221;no&#8221; type=&#8221;full_width&#8221; angled_section=&#8221;no&#8221; text_align=&#8221;left&#8221; background_image_as_pattern=&#8221;without_pattern&#8221; z_index=&#8221;&#8221;][vc_column][vc_single_image image=&#8221;161&#8243; img_size=&#8221;full&#8221; alignment=&#8221;center&#8221; qode_css_animation=&#8221;&#8221;][\/vc_column][\/vc_row]<\/p>\n","protected":false},"excerpt":{"rendered":"<p>[vc_row css_animation=&#8221;element_from_right&#8221; row_type=&#8221;row&#8221; use_row_as_full_screen_section=&#8221;no&#8221; type=&#8221;full_width&#8221; angled_section=&#8221;no&#8221; text_align=&#8221;left&#8221; background_image_as_pattern=&#8221;without_pattern&#8221; z_index=&#8221;&#8221;][vc_column][qode_elements_holder number_of_columns=&#8221;two_columns&#8221;][qode_elements_holder_item advanced_animations=&#8221;no&#8221; item_padding=&#8221;40px 60px 60px 60px&#8221;][vc_column_text] OUR HISTORY &nbsp; The adventure began in the Sierra de Segura, when we, the Mart\u00ednez Sede\u00f1o family, who believe strongly in the benefits of healthy eating habits, decided to grow&#8230;<\/p>\n","protected":false},"author":2,"featured_media":0,"parent":0,"menu_order":0,"comment_status":"closed","ping_status":"closed","template":"full_width.php","meta":{"footnotes":""},"class_list":["post-789","page","type-page","status-publish","hentry"],"yoast_head":"<!-- This site is optimized with the Yoast SEO plugin v26.5 - https:\/\/yoast.com\/wordpress\/plugins\/seo\/ -->\n<title>Qui\u00e9nes Somos | Bihortal.bio<\/title>\n<meta name=\"description\" content=\"En Bihortal.bio, somos apasionados por la naturaleza y la sostenibilidad.Descubre qui\u00e9nes somos, nuestra historia y compromiso con lo org\u00e1nico\" \/>\n<meta name=\"robots\" content=\"index, follow, max-snippet:-1, max-image-preview:large, max-video-preview:-1\" \/>\n<link rel=\"canonical\" href=\"https:\/\/bihortal.bio\/quienes-somos\/\" \/>\n<meta property=\"og:locale\" content=\"en_US\" \/>\n<meta property=\"og:type\" content=\"article\" \/>\n<meta property=\"og:title\" content=\"Qui\u00e9nes Somos | Bihortal.bio\" \/>\n<meta property=\"og:description\" content=\"En Bihortal.bio, somos apasionados por la naturaleza y la sostenibilidad.Descubre qui\u00e9nes somos, nuestra historia y compromiso con lo org\u00e1nico\" \/>\n<meta property=\"og:url\" content=\"https:\/\/bihortal.bio\/quienes-somos\/\" \/>\n<meta property=\"og:site_name\" content=\"Bihortal\" \/>\n<meta property=\"article:modified_time\" content=\"2020-02-10T12:23:27+00:00\" \/>\n<meta name=\"twitter:card\" content=\"summary_large_image\" \/>\n<meta name=\"twitter:label1\" content=\"Est. reading time\" \/>\n\t<meta name=\"twitter:data1\" content=\"8 minutes\" \/>\n<script type=\"application\/ld+json\" class=\"yoast-schema-graph\">{\"@context\":\"https:\/\/schema.org\",\"@graph\":[{\"@type\":\"WebPage\",\"@id\":\"https:\/\/bihortal.bio\/quienes-somos\/\",\"url\":\"https:\/\/bihortal.bio\/quienes-somos\/\",\"name\":\"Qui\u00e9nes Somos | Bihortal.bio\",\"isPartOf\":{\"@id\":\"https:\/\/bihortal.bio\/en\/#website\"},\"datePublished\":\"2019-07-02T17:54:55+00:00\",\"dateModified\":\"2020-02-10T12:23:27+00:00\",\"description\":\"En Bihortal.bio, somos apasionados por la naturaleza y la sostenibilidad.Descubre qui\u00e9nes somos, nuestra historia y compromiso con lo org\u00e1nico\",\"breadcrumb\":{\"@id\":\"https:\/\/bihortal.bio\/quienes-somos\/#breadcrumb\"},\"inLanguage\":\"en-US\",\"potentialAction\":[{\"@type\":\"ReadAction\",\"target\":[\"https:\/\/bihortal.bio\/quienes-somos\/\"]}]},{\"@type\":\"BreadcrumbList\",\"@id\":\"https:\/\/bihortal.bio\/quienes-somos\/#breadcrumb\",\"itemListElement\":[{\"@type\":\"ListItem\",\"position\":1,\"name\":\"Portada\",\"item\":\"https:\/\/bihortal.bio\/en\/\"},{\"@type\":\"ListItem\",\"position\":2,\"name\":\"About us?\"}]},{\"@type\":\"WebSite\",\"@id\":\"https:\/\/bihortal.bio\/en\/#website\",\"url\":\"https:\/\/bihortal.bio\/en\/\",\"name\":\"Bihortal\",\"description\":\"Conservas ecol\u00f3gicas de calidad\",\"potentialAction\":[{\"@type\":\"SearchAction\",\"target\":{\"@type\":\"EntryPoint\",\"urlTemplate\":\"https:\/\/bihortal.bio\/en\/?s={search_term_string}\"},\"query-input\":{\"@type\":\"PropertyValueSpecification\",\"valueRequired\":true,\"valueName\":\"search_term_string\"}}],\"inLanguage\":\"en-US\"}]}<\/script>\n<!-- \/ Yoast SEO plugin. -->","yoast_head_json":{"title":"Qui\u00e9nes Somos | Bihortal.bio","description":"En Bihortal.bio, somos apasionados por la naturaleza y la sostenibilidad.Descubre qui\u00e9nes somos, nuestra historia y compromiso con lo org\u00e1nico","robots":{"index":"index","follow":"follow","max-snippet":"max-snippet:-1","max-image-preview":"max-image-preview:large","max-video-preview":"max-video-preview:-1"},"canonical":"https:\/\/bihortal.bio\/quienes-somos\/","og_locale":"en_US","og_type":"article","og_title":"Qui\u00e9nes Somos | Bihortal.bio","og_description":"En Bihortal.bio, somos apasionados por la naturaleza y la sostenibilidad.Descubre qui\u00e9nes somos, nuestra historia y compromiso con lo org\u00e1nico","og_url":"https:\/\/bihortal.bio\/quienes-somos\/","og_site_name":"Bihortal","article_modified_time":"2020-02-10T12:23:27+00:00","twitter_card":"summary_large_image","twitter_misc":{"Est. reading time":"8 minutes"},"schema":{"@context":"https:\/\/schema.org","@graph":[{"@type":"WebPage","@id":"https:\/\/bihortal.bio\/quienes-somos\/","url":"https:\/\/bihortal.bio\/quienes-somos\/","name":"Qui\u00e9nes Somos | Bihortal.bio","isPartOf":{"@id":"https:\/\/bihortal.bio\/en\/#website"},"datePublished":"2019-07-02T17:54:55+00:00","dateModified":"2020-02-10T12:23:27+00:00","description":"En Bihortal.bio, somos apasionados por la naturaleza y la sostenibilidad.Descubre qui\u00e9nes somos, nuestra historia y compromiso con lo org\u00e1nico","breadcrumb":{"@id":"https:\/\/bihortal.bio\/quienes-somos\/#breadcrumb"},"inLanguage":"en-US","potentialAction":[{"@type":"ReadAction","target":["https:\/\/bihortal.bio\/quienes-somos\/"]}]},{"@type":"BreadcrumbList","@id":"https:\/\/bihortal.bio\/quienes-somos\/#breadcrumb","itemListElement":[{"@type":"ListItem","position":1,"name":"Portada","item":"https:\/\/bihortal.bio\/en\/"},{"@type":"ListItem","position":2,"name":"About us?"}]},{"@type":"WebSite","@id":"https:\/\/bihortal.bio\/en\/#website","url":"https:\/\/bihortal.bio\/en\/","name":"Bihortal","description":"Conservas ecol\u00f3gicas de calidad","potentialAction":[{"@type":"SearchAction","target":{"@type":"EntryPoint","urlTemplate":"https:\/\/bihortal.bio\/en\/?s={search_term_string}"},"query-input":{"@type":"PropertyValueSpecification","valueRequired":true,"valueName":"search_term_string"}}],"inLanguage":"en-US"}]}},"_links":{"self":[{"href":"https:\/\/bihortal.bio\/en\/wp-json\/wp\/v2\/pages\/789","targetHints":{"allow":["GET"]}}],"collection":[{"href":"https:\/\/bihortal.bio\/en\/wp-json\/wp\/v2\/pages"}],"about":[{"href":"https:\/\/bihortal.bio\/en\/wp-json\/wp\/v2\/types\/page"}],"author":[{"embeddable":true,"href":"https:\/\/bihortal.bio\/en\/wp-json\/wp\/v2\/users\/2"}],"replies":[{"embeddable":true,"href":"https:\/\/bihortal.bio\/en\/wp-json\/wp\/v2\/comments?post=789"}],"version-history":[{"count":6,"href":"https:\/\/bihortal.bio\/en\/wp-json\/wp\/v2\/pages\/789\/revisions"}],"predecessor-version":[{"id":1140,"href":"https:\/\/bihortal.bio\/en\/wp-json\/wp\/v2\/pages\/789\/revisions\/1140"}],"wp:attachment":[{"href":"https:\/\/bihortal.bio\/en\/wp-json\/wp\/v2\/media?parent=789"}],"curies":[{"name":"wp","href":"https:\/\/api.w.org\/{rel}","templated":true}]}}