{"id":4097,"date":"2023-11-08T13:57:35","date_gmt":"2023-11-09T11:47:37","guid":{"rendered":"https:\/\/bihortal.bio\/tienda\/unkategorisiert\/zucchinicreme\/"},"modified":"2023-11-09T12:47:37","modified_gmt":"2023-11-09T11:47:37","slug":"zucchinicreme","status":"publish","type":"product","link":"https:\/\/bihortal.bio\/de\/tienda\/fertiggerichte-de\/zucchinicreme\/","title":{"rendered":"Zucchinicreme"},"content":{"rendered":"<p>Zucchini (55 %), Kartoffeln, Zwiebeln, Petersilie, natives Oliven\u00f6l extra (1,4 %), Meersalz. Aufgrund seines hohen Zucchinigehalts ist diese Creme ein antioxidatives Lebensmittel, das reich an Ballaststoffen und au\u00dferdem an Vitamin C, Vitamin B3 und Provitamin A ist. Bihortal ist eine sehr hochwertige Marke, die einen hohen Anteil an Gem\u00fcse und einen moderaten Wasserverbrauch verwendet Damit der Geschmack unserer Rezepte auch den gr\u00f6\u00dften Gaumen trifft. <\/p>\n<h3>Zutaten:<\/h3>\n<p>Zucchini (55 %), Kartoffeln, Zwiebeln, Petersilie, natives Oliven\u00f6l extra (1,4 %), Meersalz.<\/p>\n","protected":false},"excerpt":{"rendered":"<p>Zucchini (55 %), Kartoffeln, Zwiebeln, Petersilie, natives Oliven\u00f6l extra (1,4 %), Meersalz. Aufgrund seines hohen Zucchinigehalts ist diese Creme ein antioxidatives Lebensmittel, das reich an Ballaststoffen und au\u00dferdem an Vitamin C, Vitamin B3 und Provitamin A ist. Bihortal ist eine sehr hochwertige Marke, die einen&#8230;<\/p>\n","protected":false},"featured_media":3639,"comment_status":"open","ping_status":"closed","template":"","meta":[],"product_brand":[],"product_cat":[311],"product_tag":[],"class_list":{"0":"post-4097","1":"product","2":"type-product","3":"status-publish","4":"has-post-thumbnail","6":"product_cat-fertiggerichte-de","8":"first","9":"instock","10":"taxable","11":"shipping-taxable","12":"purchasable","13":"product-type-simple"},"yoast_head":"<!-- This site is optimized with the Yoast SEO plugin v26.5 - https:\/\/yoast.com\/wordpress\/plugins\/seo\/ -->\n<title>Zucchinicreme - Bihortal<\/title>\n<meta name=\"robots\" content=\"index, follow, max-snippet:-1, max-image-preview:large, max-video-preview:-1\" \/>\n<link rel=\"canonical\" href=\"https:\/\/bihortal.bio\/tienda\/unkategorisiert\/zucchinicreme\/\" \/>\n<meta property=\"og:locale\" content=\"de_DE\" \/>\n<meta property=\"og:type\" content=\"article\" \/>\n<meta property=\"og:title\" content=\"Zucchinicreme - Bihortal\" \/>\n<meta property=\"og:description\" content=\"Zucchini (55 %), Kartoffeln, Zwiebeln, Petersilie, natives Oliven\u00f6l extra (1,4 %), Meersalz. Aufgrund seines hohen Zucchinigehalts ist diese Creme ein antioxidatives Lebensmittel, das reich an Ballaststoffen und au\u00dferdem an Vitamin C, Vitamin B3 und Provitamin A ist. Bihortal ist eine sehr hochwertige Marke, die einen...\" \/>\n<meta property=\"og:url\" content=\"https:\/\/bihortal.bio\/tienda\/unkategorisiert\/zucchinicreme\/\" \/>\n<meta property=\"og:site_name\" content=\"Bihortal\" \/>\n<meta name=\"twitter:card\" content=\"summary_large_image\" \/>\n<script type=\"application\/ld+json\" class=\"yoast-schema-graph\">{\"@context\":\"https:\/\/schema.org\",\"@graph\":[{\"@type\":\"WebPage\",\"@id\":\"https:\/\/bihortal.bio\/tienda\/unkategorisiert\/zucchinicreme\/\",\"url\":\"https:\/\/bihortal.bio\/tienda\/unkategorisiert\/zucchinicreme\/\",\"name\":\"Zucchinicreme - Bihortal\",\"isPartOf\":{\"@id\":\"https:\/\/bihortal.bio\/en\/#website\"},\"primaryImageOfPage\":{\"@id\":\"https:\/\/bihortal.bio\/tienda\/unkategorisiert\/zucchinicreme\/#primaryimage\"},\"image\":{\"@id\":\"https:\/\/bihortal.bio\/tienda\/unkategorisiert\/zucchinicreme\/#primaryimage\"},\"thumbnailUrl\":\"https:\/\/bihortal.bio\/wp-content\/uploads\/2023\/11\/Crema-calabacC3Adn.jpg\",\"datePublished\":\"2023-11-09T11:47:37+00:00\",\"breadcrumb\":{\"@id\":\"https:\/\/bihortal.bio\/tienda\/unkategorisiert\/zucchinicreme\/#breadcrumb\"},\"inLanguage\":\"de\",\"potentialAction\":[{\"@type\":\"ReadAction\",\"target\":[\"https:\/\/bihortal.bio\/tienda\/unkategorisiert\/zucchinicreme\/\"]}]},{\"@type\":\"ImageObject\",\"inLanguage\":\"de\",\"@id\":\"https:\/\/bihortal.bio\/tienda\/unkategorisiert\/zucchinicreme\/#primaryimage\",\"url\":\"https:\/\/bihortal.bio\/wp-content\/uploads\/2023\/11\/Crema-calabacC3Adn.jpg\",\"contentUrl\":\"https:\/\/bihortal.bio\/wp-content\/uploads\/2023\/11\/Crema-calabacC3Adn.jpg\",\"width\":800,\"height\":1200},{\"@type\":\"BreadcrumbList\",\"@id\":\"https:\/\/bihortal.bio\/tienda\/unkategorisiert\/zucchinicreme\/#breadcrumb\",\"itemListElement\":[{\"@type\":\"ListItem\",\"position\":1,\"name\":\"Portada\",\"item\":\"https:\/\/bihortal.bio\/de\/\"},{\"@type\":\"ListItem\",\"position\":2,\"name\":\"Speichern\",\"item\":\"https:\/\/bihortal.bio\/de\/speichern\/\"},{\"@type\":\"ListItem\",\"position\":3,\"name\":\"Zucchinicreme\"}]},{\"@type\":\"WebSite\",\"@id\":\"https:\/\/bihortal.bio\/en\/#website\",\"url\":\"https:\/\/bihortal.bio\/en\/\",\"name\":\"Bihortal\",\"description\":\"Conservas ecol\u00f3gicas de calidad\",\"potentialAction\":[{\"@type\":\"SearchAction\",\"target\":{\"@type\":\"EntryPoint\",\"urlTemplate\":\"https:\/\/bihortal.bio\/en\/?s={search_term_string}\"},\"query-input\":{\"@type\":\"PropertyValueSpecification\",\"valueRequired\":true,\"valueName\":\"search_term_string\"}}],\"inLanguage\":\"de\"}]}<\/script>\n<!-- \/ Yoast SEO plugin. -->","yoast_head_json":{"title":"Zucchinicreme - Bihortal","robots":{"index":"index","follow":"follow","max-snippet":"max-snippet:-1","max-image-preview":"max-image-preview:large","max-video-preview":"max-video-preview:-1"},"canonical":"https:\/\/bihortal.bio\/tienda\/unkategorisiert\/zucchinicreme\/","og_locale":"de_DE","og_type":"article","og_title":"Zucchinicreme - Bihortal","og_description":"Zucchini (55 %), Kartoffeln, Zwiebeln, Petersilie, natives Oliven\u00f6l extra (1,4 %), Meersalz. Aufgrund seines hohen Zucchinigehalts ist diese Creme ein antioxidatives Lebensmittel, das reich an Ballaststoffen und au\u00dferdem an Vitamin C, Vitamin B3 und Provitamin A ist. Bihortal ist eine sehr hochwertige Marke, die einen...","og_url":"https:\/\/bihortal.bio\/tienda\/unkategorisiert\/zucchinicreme\/","og_site_name":"Bihortal","twitter_card":"summary_large_image","schema":{"@context":"https:\/\/schema.org","@graph":[{"@type":"WebPage","@id":"https:\/\/bihortal.bio\/tienda\/unkategorisiert\/zucchinicreme\/","url":"https:\/\/bihortal.bio\/tienda\/unkategorisiert\/zucchinicreme\/","name":"Zucchinicreme - Bihortal","isPartOf":{"@id":"https:\/\/bihortal.bio\/en\/#website"},"primaryImageOfPage":{"@id":"https:\/\/bihortal.bio\/tienda\/unkategorisiert\/zucchinicreme\/#primaryimage"},"image":{"@id":"https:\/\/bihortal.bio\/tienda\/unkategorisiert\/zucchinicreme\/#primaryimage"},"thumbnailUrl":"https:\/\/bihortal.bio\/wp-content\/uploads\/2023\/11\/Crema-calabacC3Adn.jpg","datePublished":"2023-11-09T11:47:37+00:00","breadcrumb":{"@id":"https:\/\/bihortal.bio\/tienda\/unkategorisiert\/zucchinicreme\/#breadcrumb"},"inLanguage":"de","potentialAction":[{"@type":"ReadAction","target":["https:\/\/bihortal.bio\/tienda\/unkategorisiert\/zucchinicreme\/"]}]},{"@type":"ImageObject","inLanguage":"de","@id":"https:\/\/bihortal.bio\/tienda\/unkategorisiert\/zucchinicreme\/#primaryimage","url":"https:\/\/bihortal.bio\/wp-content\/uploads\/2023\/11\/Crema-calabacC3Adn.jpg","contentUrl":"https:\/\/bihortal.bio\/wp-content\/uploads\/2023\/11\/Crema-calabacC3Adn.jpg","width":800,"height":1200},{"@type":"BreadcrumbList","@id":"https:\/\/bihortal.bio\/tienda\/unkategorisiert\/zucchinicreme\/#breadcrumb","itemListElement":[{"@type":"ListItem","position":1,"name":"Portada","item":"https:\/\/bihortal.bio\/de\/"},{"@type":"ListItem","position":2,"name":"Speichern","item":"https:\/\/bihortal.bio\/de\/speichern\/"},{"@type":"ListItem","position":3,"name":"Zucchinicreme"}]},{"@type":"WebSite","@id":"https:\/\/bihortal.bio\/en\/#website","url":"https:\/\/bihortal.bio\/en\/","name":"Bihortal","description":"Conservas ecol\u00f3gicas de calidad","potentialAction":[{"@type":"SearchAction","target":{"@type":"EntryPoint","urlTemplate":"https:\/\/bihortal.bio\/en\/?s={search_term_string}"},"query-input":{"@type":"PropertyValueSpecification","valueRequired":true,"valueName":"search_term_string"}}],"inLanguage":"de"}]}},"_links":{"self":[{"href":"https:\/\/bihortal.bio\/de\/wp-json\/wp\/v2\/product\/4097","targetHints":{"allow":["GET"]}}],"collection":[{"href":"https:\/\/bihortal.bio\/de\/wp-json\/wp\/v2\/product"}],"about":[{"href":"https:\/\/bihortal.bio\/de\/wp-json\/wp\/v2\/types\/product"}],"replies":[{"embeddable":true,"href":"https:\/\/bihortal.bio\/de\/wp-json\/wp\/v2\/comments?post=4097"}],"wp:featuredmedia":[{"embeddable":true,"href":"https:\/\/bihortal.bio\/de\/wp-json\/wp\/v2\/media\/3639"}],"wp:attachment":[{"href":"https:\/\/bihortal.bio\/de\/wp-json\/wp\/v2\/media?parent=4097"}],"wp:term":[{"taxonomy":"product_brand","embeddable":true,"href":"https:\/\/bihortal.bio\/de\/wp-json\/wp\/v2\/product_brand?post=4097"},{"taxonomy":"product_cat","embeddable":true,"href":"https:\/\/bihortal.bio\/de\/wp-json\/wp\/v2\/product_cat?post=4097"},{"taxonomy":"product_tag","embeddable":true,"href":"https:\/\/bihortal.bio\/de\/wp-json\/wp\/v2\/product_tag?post=4097"}],"curies":[{"name":"wp","href":"https:\/\/api.w.org\/{rel}","templated":true}]}}