{"id":4091,"date":"2023-11-08T13:57:36","date_gmt":"2023-11-09T11:41:29","guid":{"rendered":"https:\/\/bihortal.bio\/tienda\/unkategorisiert\/gemuesecreme\/"},"modified":"2023-11-09T12:41:29","modified_gmt":"2023-11-09T11:41:29","slug":"gemusecreme","status":"publish","type":"product","link":"https:\/\/bihortal.bio\/de\/tienda\/fertiggerichte-de\/gemusecreme\/","title":{"rendered":"Gem\u00fcsecreme"},"content":{"rendered":"<p>Gem\u00fcsecreme ist eine Suppe, die hei\u00df serviert wird und aus verschiedenen Gem\u00fcsesorten wie Karotten, Zucchini, Kartoffeln, Zwiebeln, Sellerie und Erbsen besteht Gem\u00fcse, aus dem sie besteht, sowie das extra native Oliven\u00f6l, das die Creme enth\u00e4lt. Bihortal ist eine sehr hochwertige Marke, die einen hohen Anteil an Gem\u00fcse und einen moderaten Wasserverbrauch verwendet, damit der Geschmack unserer Rezepte auch den anspruchsvollsten Gaumen gerecht wird.<\/p>\n<h3>Zutaten:<\/h3>\n<p>Karotte, Kartoffel, Zwiebel, Zucchini, Erbsen, Sellerie, natives Oliven\u00f6l extra (1,6 %), Meersalz.<\/p>\n","protected":false},"excerpt":{"rendered":"<p>Gem\u00fcsecreme ist eine Suppe, die hei\u00df serviert wird und aus verschiedenen Gem\u00fcsesorten wie Karotten, Zucchini, Kartoffeln, Zwiebeln, Sellerie und Erbsen besteht Gem\u00fcse, aus dem sie besteht, sowie das extra native Oliven\u00f6l, das die Creme enth\u00e4lt. Bihortal ist eine sehr hochwertige Marke, die einen hohen Anteil&#8230;<\/p>\n","protected":false},"featured_media":3647,"comment_status":"open","ping_status":"closed","template":"","meta":[],"product_brand":[],"product_cat":[311],"product_tag":[],"class_list":{"0":"post-4091","1":"product","2":"type-product","3":"status-publish","4":"has-post-thumbnail","6":"product_cat-fertiggerichte-de","8":"first","9":"instock","10":"taxable","11":"shipping-taxable","12":"purchasable","13":"product-type-simple"},"yoast_head":"<!-- This site is optimized with the Yoast SEO plugin v27.5 - https:\/\/yoast.com\/product\/yoast-seo-wordpress\/ -->\n<title>Gem\u00fcsecreme - Bihortal<\/title>\n<meta name=\"robots\" content=\"index, follow, max-snippet:-1, max-image-preview:large, max-video-preview:-1\" \/>\n<link rel=\"canonical\" href=\"https:\/\/bihortal.bio\/tienda\/unkategorisiert\/gemuesecreme\/\" \/>\n<meta property=\"og:locale\" content=\"de_DE\" \/>\n<meta property=\"og:type\" content=\"article\" \/>\n<meta property=\"og:title\" content=\"Gem\u00fcsecreme - Bihortal\" \/>\n<meta property=\"og:description\" content=\"Gem\u00fcsecreme ist eine Suppe, die hei\u00df serviert wird und aus verschiedenen Gem\u00fcsesorten wie Karotten, Zucchini, Kartoffeln, Zwiebeln, Sellerie und Erbsen besteht Gem\u00fcse, aus dem sie besteht, sowie das extra native Oliven\u00f6l, das die Creme enth\u00e4lt. Bihortal ist eine sehr hochwertige Marke, die einen hohen Anteil...\" \/>\n<meta property=\"og:url\" content=\"https:\/\/bihortal.bio\/tienda\/unkategorisiert\/gemuesecreme\/\" \/>\n<meta property=\"og:site_name\" content=\"Bihortal\" \/>\n<meta name=\"twitter:card\" content=\"summary_large_image\" \/>\n<script type=\"application\/ld+json\" class=\"yoast-schema-graph\">{\"@context\":\"https:\\\/\\\/schema.org\",\"@graph\":[{\"@type\":\"WebPage\",\"@id\":\"https:\\\/\\\/bihortal.bio\\\/tienda\\\/unkategorisiert\\\/gemuesecreme\\\/\",\"url\":\"https:\\\/\\\/bihortal.bio\\\/tienda\\\/unkategorisiert\\\/gemuesecreme\\\/\",\"name\":\"Gem\u00fcsecreme - Bihortal\",\"isPartOf\":{\"@id\":\"https:\\\/\\\/bihortal.bio\\\/en\\\/#website\"},\"primaryImageOfPage\":{\"@id\":\"https:\\\/\\\/bihortal.bio\\\/tienda\\\/unkategorisiert\\\/gemuesecreme\\\/#primaryimage\"},\"image\":{\"@id\":\"https:\\\/\\\/bihortal.bio\\\/tienda\\\/unkategorisiert\\\/gemuesecreme\\\/#primaryimage\"},\"thumbnailUrl\":\"https:\\\/\\\/bihortal.bio\\\/wp-content\\\/uploads\\\/2023\\\/11\\\/Crema-verduras.jpg\",\"datePublished\":\"2023-11-09T11:41:29+00:00\",\"breadcrumb\":{\"@id\":\"https:\\\/\\\/bihortal.bio\\\/tienda\\\/unkategorisiert\\\/gemuesecreme\\\/#breadcrumb\"},\"inLanguage\":\"de\",\"potentialAction\":[{\"@type\":\"ReadAction\",\"target\":[\"https:\\\/\\\/bihortal.bio\\\/tienda\\\/unkategorisiert\\\/gemuesecreme\\\/\"]}]},{\"@type\":\"ImageObject\",\"inLanguage\":\"de\",\"@id\":\"https:\\\/\\\/bihortal.bio\\\/tienda\\\/unkategorisiert\\\/gemuesecreme\\\/#primaryimage\",\"url\":\"https:\\\/\\\/bihortal.bio\\\/wp-content\\\/uploads\\\/2023\\\/11\\\/Crema-verduras.jpg\",\"contentUrl\":\"https:\\\/\\\/bihortal.bio\\\/wp-content\\\/uploads\\\/2023\\\/11\\\/Crema-verduras.jpg\",\"width\":800,\"height\":1200},{\"@type\":\"BreadcrumbList\",\"@id\":\"https:\\\/\\\/bihortal.bio\\\/tienda\\\/unkategorisiert\\\/gemuesecreme\\\/#breadcrumb\",\"itemListElement\":[{\"@type\":\"ListItem\",\"position\":1,\"name\":\"Portada\",\"item\":\"https:\\\/\\\/bihortal.bio\\\/de\\\/\"},{\"@type\":\"ListItem\",\"position\":2,\"name\":\"Speichern\",\"item\":\"https:\\\/\\\/bihortal.bio\\\/de\\\/speichern\\\/\"},{\"@type\":\"ListItem\",\"position\":3,\"name\":\"Gem\u00fcsecreme\"}]},{\"@type\":\"WebSite\",\"@id\":\"https:\\\/\\\/bihortal.bio\\\/en\\\/#website\",\"url\":\"https:\\\/\\\/bihortal.bio\\\/en\\\/\",\"name\":\"Bihortal\",\"description\":\"Conservas ecol\u00f3gicas de calidad\",\"potentialAction\":[{\"@type\":\"SearchAction\",\"target\":{\"@type\":\"EntryPoint\",\"urlTemplate\":\"https:\\\/\\\/bihortal.bio\\\/en\\\/?s={search_term_string}\"},\"query-input\":{\"@type\":\"PropertyValueSpecification\",\"valueRequired\":true,\"valueName\":\"search_term_string\"}}],\"inLanguage\":\"de\"}]}<\/script>\n<!-- \/ Yoast SEO plugin. -->","yoast_head_json":{"title":"Gem\u00fcsecreme - Bihortal","robots":{"index":"index","follow":"follow","max-snippet":"max-snippet:-1","max-image-preview":"max-image-preview:large","max-video-preview":"max-video-preview:-1"},"canonical":"https:\/\/bihortal.bio\/tienda\/unkategorisiert\/gemuesecreme\/","og_locale":"de_DE","og_type":"article","og_title":"Gem\u00fcsecreme - Bihortal","og_description":"Gem\u00fcsecreme ist eine Suppe, die hei\u00df serviert wird und aus verschiedenen Gem\u00fcsesorten wie Karotten, Zucchini, Kartoffeln, Zwiebeln, Sellerie und Erbsen besteht Gem\u00fcse, aus dem sie besteht, sowie das extra native Oliven\u00f6l, das die Creme enth\u00e4lt. Bihortal ist eine sehr hochwertige Marke, die einen hohen Anteil...","og_url":"https:\/\/bihortal.bio\/tienda\/unkategorisiert\/gemuesecreme\/","og_site_name":"Bihortal","twitter_card":"summary_large_image","schema":{"@context":"https:\/\/schema.org","@graph":[{"@type":"WebPage","@id":"https:\/\/bihortal.bio\/tienda\/unkategorisiert\/gemuesecreme\/","url":"https:\/\/bihortal.bio\/tienda\/unkategorisiert\/gemuesecreme\/","name":"Gem\u00fcsecreme - Bihortal","isPartOf":{"@id":"https:\/\/bihortal.bio\/en\/#website"},"primaryImageOfPage":{"@id":"https:\/\/bihortal.bio\/tienda\/unkategorisiert\/gemuesecreme\/#primaryimage"},"image":{"@id":"https:\/\/bihortal.bio\/tienda\/unkategorisiert\/gemuesecreme\/#primaryimage"},"thumbnailUrl":"https:\/\/bihortal.bio\/wp-content\/uploads\/2023\/11\/Crema-verduras.jpg","datePublished":"2023-11-09T11:41:29+00:00","breadcrumb":{"@id":"https:\/\/bihortal.bio\/tienda\/unkategorisiert\/gemuesecreme\/#breadcrumb"},"inLanguage":"de","potentialAction":[{"@type":"ReadAction","target":["https:\/\/bihortal.bio\/tienda\/unkategorisiert\/gemuesecreme\/"]}]},{"@type":"ImageObject","inLanguage":"de","@id":"https:\/\/bihortal.bio\/tienda\/unkategorisiert\/gemuesecreme\/#primaryimage","url":"https:\/\/bihortal.bio\/wp-content\/uploads\/2023\/11\/Crema-verduras.jpg","contentUrl":"https:\/\/bihortal.bio\/wp-content\/uploads\/2023\/11\/Crema-verduras.jpg","width":800,"height":1200},{"@type":"BreadcrumbList","@id":"https:\/\/bihortal.bio\/tienda\/unkategorisiert\/gemuesecreme\/#breadcrumb","itemListElement":[{"@type":"ListItem","position":1,"name":"Portada","item":"https:\/\/bihortal.bio\/de\/"},{"@type":"ListItem","position":2,"name":"Speichern","item":"https:\/\/bihortal.bio\/de\/speichern\/"},{"@type":"ListItem","position":3,"name":"Gem\u00fcsecreme"}]},{"@type":"WebSite","@id":"https:\/\/bihortal.bio\/en\/#website","url":"https:\/\/bihortal.bio\/en\/","name":"Bihortal","description":"Conservas ecol\u00f3gicas de calidad","potentialAction":[{"@type":"SearchAction","target":{"@type":"EntryPoint","urlTemplate":"https:\/\/bihortal.bio\/en\/?s={search_term_string}"},"query-input":{"@type":"PropertyValueSpecification","valueRequired":true,"valueName":"search_term_string"}}],"inLanguage":"de"}]}},"_links":{"self":[{"href":"https:\/\/bihortal.bio\/de\/wp-json\/wp\/v2\/product\/4091","targetHints":{"allow":["GET"]}}],"collection":[{"href":"https:\/\/bihortal.bio\/de\/wp-json\/wp\/v2\/product"}],"about":[{"href":"https:\/\/bihortal.bio\/de\/wp-json\/wp\/v2\/types\/product"}],"replies":[{"embeddable":true,"href":"https:\/\/bihortal.bio\/de\/wp-json\/wp\/v2\/comments?post=4091"}],"wp:featuredmedia":[{"embeddable":true,"href":"https:\/\/bihortal.bio\/de\/wp-json\/wp\/v2\/media\/3647"}],"wp:attachment":[{"href":"https:\/\/bihortal.bio\/de\/wp-json\/wp\/v2\/media?parent=4091"}],"wp:term":[{"taxonomy":"product_brand","embeddable":true,"href":"https:\/\/bihortal.bio\/de\/wp-json\/wp\/v2\/product_brand?post=4091"},{"taxonomy":"product_cat","embeddable":true,"href":"https:\/\/bihortal.bio\/de\/wp-json\/wp\/v2\/product_cat?post=4091"},{"taxonomy":"product_tag","embeddable":true,"href":"https:\/\/bihortal.bio\/de\/wp-json\/wp\/v2\/product_tag?post=4091"}],"curies":[{"name":"wp","href":"https:\/\/api.w.org\/{rel}","templated":true}]}}