{"id":4088,"date":"2023-11-08T13:57:36","date_gmt":"2023-11-09T11:38:57","guid":{"rendered":"https:\/\/bihortal.bio\/tienda\/unkategorisiert\/karottencreme\/"},"modified":"2023-11-09T12:38:57","modified_gmt":"2023-11-09T11:38:57","slug":"karottencreme","status":"publish","type":"product","link":"https:\/\/bihortal.bio\/de\/tienda\/fertiggerichte-de\/karottencreme\/","title":{"rendered":"Karottencreme"},"content":{"rendered":"<p>Karottencreme ist eine hei\u00df servierte Suppe aus verschiedenen Gem\u00fcsesorten, in diesem Fall Karotten, Kartoffeln, Zwiebeln und Petersilie, die verfl\u00fcssigt wird und als dickfl\u00fcssige Fl\u00fcssigkeit zur\u00fcckbleibt, die die darin enthaltenen Vitamine und N\u00e4hrstoffe liefert. jedes Gem\u00fcse aus denen es besteht, sowie das Oliven\u00f6l, das diese Creme enth\u00e4lt. Bihortal ist eine sehr hochwertige Marke, die einen hohen Anteil an Gem\u00fcse und einen moderaten Wasserverbrauch verwendet, damit der Geschmack unserer Rezepte auch den anspruchsvollsten Gaumen gerecht wird.<\/p>\n<h3>Zutaten:<\/h3>\n<p>Karotte (55 %), Zwiebel, Kartoffel, natives Oliven\u00f6l extra (1,4 %), Kreuzk\u00fcmmel, Petersilie, Meersalz.<\/p>\n","protected":false},"excerpt":{"rendered":"<p>Karottencreme ist eine hei\u00df servierte Suppe aus verschiedenen Gem\u00fcsesorten, in diesem Fall Karotten, Kartoffeln, Zwiebeln und Petersilie, die verfl\u00fcssigt wird und als dickfl\u00fcssige Fl\u00fcssigkeit zur\u00fcckbleibt, die die darin enthaltenen Vitamine und N\u00e4hrstoffe liefert. jedes Gem\u00fcse aus denen es besteht, sowie das Oliven\u00f6l, das diese Creme&#8230;<\/p>\n","protected":false},"featured_media":3651,"comment_status":"open","ping_status":"closed","template":"","meta":[],"product_brand":[],"product_cat":[311],"product_tag":[],"class_list":{"0":"post-4088","1":"product","2":"type-product","3":"status-publish","4":"has-post-thumbnail","6":"product_cat-fertiggerichte-de","8":"first","9":"instock","10":"taxable","11":"shipping-taxable","12":"purchasable","13":"product-type-simple"},"yoast_head":"<!-- This site is optimized with the Yoast SEO plugin v26.5 - https:\/\/yoast.com\/wordpress\/plugins\/seo\/ -->\n<title>Karottencreme - Bihortal<\/title>\n<meta name=\"robots\" content=\"index, follow, max-snippet:-1, max-image-preview:large, max-video-preview:-1\" \/>\n<link rel=\"canonical\" href=\"https:\/\/bihortal.bio\/tienda\/unkategorisiert\/karottencreme\/\" \/>\n<meta property=\"og:locale\" content=\"de_DE\" \/>\n<meta property=\"og:type\" content=\"article\" \/>\n<meta property=\"og:title\" content=\"Karottencreme - Bihortal\" \/>\n<meta property=\"og:description\" content=\"Karottencreme ist eine hei\u00df servierte Suppe aus verschiedenen Gem\u00fcsesorten, in diesem Fall Karotten, Kartoffeln, Zwiebeln und Petersilie, die verfl\u00fcssigt wird und als dickfl\u00fcssige Fl\u00fcssigkeit zur\u00fcckbleibt, die die darin enthaltenen Vitamine und N\u00e4hrstoffe liefert. jedes Gem\u00fcse aus denen es besteht, sowie das Oliven\u00f6l, das diese Creme...\" \/>\n<meta property=\"og:url\" content=\"https:\/\/bihortal.bio\/tienda\/unkategorisiert\/karottencreme\/\" \/>\n<meta property=\"og:site_name\" content=\"Bihortal\" \/>\n<meta name=\"twitter:card\" content=\"summary_large_image\" \/>\n<script type=\"application\/ld+json\" class=\"yoast-schema-graph\">{\"@context\":\"https:\/\/schema.org\",\"@graph\":[{\"@type\":\"WebPage\",\"@id\":\"https:\/\/bihortal.bio\/tienda\/unkategorisiert\/karottencreme\/\",\"url\":\"https:\/\/bihortal.bio\/tienda\/unkategorisiert\/karottencreme\/\",\"name\":\"Karottencreme - Bihortal\",\"isPartOf\":{\"@id\":\"https:\/\/bihortal.bio\/en\/#website\"},\"primaryImageOfPage\":{\"@id\":\"https:\/\/bihortal.bio\/tienda\/unkategorisiert\/karottencreme\/#primaryimage\"},\"image\":{\"@id\":\"https:\/\/bihortal.bio\/tienda\/unkategorisiert\/karottencreme\/#primaryimage\"},\"thumbnailUrl\":\"https:\/\/bihortal.bio\/wp-content\/uploads\/2023\/11\/Crema-zanahorias.jpg\",\"datePublished\":\"2023-11-09T11:38:57+00:00\",\"breadcrumb\":{\"@id\":\"https:\/\/bihortal.bio\/tienda\/unkategorisiert\/karottencreme\/#breadcrumb\"},\"inLanguage\":\"de\",\"potentialAction\":[{\"@type\":\"ReadAction\",\"target\":[\"https:\/\/bihortal.bio\/tienda\/unkategorisiert\/karottencreme\/\"]}]},{\"@type\":\"ImageObject\",\"inLanguage\":\"de\",\"@id\":\"https:\/\/bihortal.bio\/tienda\/unkategorisiert\/karottencreme\/#primaryimage\",\"url\":\"https:\/\/bihortal.bio\/wp-content\/uploads\/2023\/11\/Crema-zanahorias.jpg\",\"contentUrl\":\"https:\/\/bihortal.bio\/wp-content\/uploads\/2023\/11\/Crema-zanahorias.jpg\",\"width\":800,\"height\":1200},{\"@type\":\"BreadcrumbList\",\"@id\":\"https:\/\/bihortal.bio\/tienda\/unkategorisiert\/karottencreme\/#breadcrumb\",\"itemListElement\":[{\"@type\":\"ListItem\",\"position\":1,\"name\":\"Portada\",\"item\":\"https:\/\/bihortal.bio\/de\/\"},{\"@type\":\"ListItem\",\"position\":2,\"name\":\"Speichern\",\"item\":\"https:\/\/bihortal.bio\/de\/speichern\/\"},{\"@type\":\"ListItem\",\"position\":3,\"name\":\"Karottencreme\"}]},{\"@type\":\"WebSite\",\"@id\":\"https:\/\/bihortal.bio\/en\/#website\",\"url\":\"https:\/\/bihortal.bio\/en\/\",\"name\":\"Bihortal\",\"description\":\"Conservas ecol\u00f3gicas de calidad\",\"potentialAction\":[{\"@type\":\"SearchAction\",\"target\":{\"@type\":\"EntryPoint\",\"urlTemplate\":\"https:\/\/bihortal.bio\/en\/?s={search_term_string}\"},\"query-input\":{\"@type\":\"PropertyValueSpecification\",\"valueRequired\":true,\"valueName\":\"search_term_string\"}}],\"inLanguage\":\"de\"}]}<\/script>\n<!-- \/ Yoast SEO plugin. -->","yoast_head_json":{"title":"Karottencreme - Bihortal","robots":{"index":"index","follow":"follow","max-snippet":"max-snippet:-1","max-image-preview":"max-image-preview:large","max-video-preview":"max-video-preview:-1"},"canonical":"https:\/\/bihortal.bio\/tienda\/unkategorisiert\/karottencreme\/","og_locale":"de_DE","og_type":"article","og_title":"Karottencreme - Bihortal","og_description":"Karottencreme ist eine hei\u00df servierte Suppe aus verschiedenen Gem\u00fcsesorten, in diesem Fall Karotten, Kartoffeln, Zwiebeln und Petersilie, die verfl\u00fcssigt wird und als dickfl\u00fcssige Fl\u00fcssigkeit zur\u00fcckbleibt, die die darin enthaltenen Vitamine und N\u00e4hrstoffe liefert. jedes Gem\u00fcse aus denen es besteht, sowie das Oliven\u00f6l, das diese Creme...","og_url":"https:\/\/bihortal.bio\/tienda\/unkategorisiert\/karottencreme\/","og_site_name":"Bihortal","twitter_card":"summary_large_image","schema":{"@context":"https:\/\/schema.org","@graph":[{"@type":"WebPage","@id":"https:\/\/bihortal.bio\/tienda\/unkategorisiert\/karottencreme\/","url":"https:\/\/bihortal.bio\/tienda\/unkategorisiert\/karottencreme\/","name":"Karottencreme - Bihortal","isPartOf":{"@id":"https:\/\/bihortal.bio\/en\/#website"},"primaryImageOfPage":{"@id":"https:\/\/bihortal.bio\/tienda\/unkategorisiert\/karottencreme\/#primaryimage"},"image":{"@id":"https:\/\/bihortal.bio\/tienda\/unkategorisiert\/karottencreme\/#primaryimage"},"thumbnailUrl":"https:\/\/bihortal.bio\/wp-content\/uploads\/2023\/11\/Crema-zanahorias.jpg","datePublished":"2023-11-09T11:38:57+00:00","breadcrumb":{"@id":"https:\/\/bihortal.bio\/tienda\/unkategorisiert\/karottencreme\/#breadcrumb"},"inLanguage":"de","potentialAction":[{"@type":"ReadAction","target":["https:\/\/bihortal.bio\/tienda\/unkategorisiert\/karottencreme\/"]}]},{"@type":"ImageObject","inLanguage":"de","@id":"https:\/\/bihortal.bio\/tienda\/unkategorisiert\/karottencreme\/#primaryimage","url":"https:\/\/bihortal.bio\/wp-content\/uploads\/2023\/11\/Crema-zanahorias.jpg","contentUrl":"https:\/\/bihortal.bio\/wp-content\/uploads\/2023\/11\/Crema-zanahorias.jpg","width":800,"height":1200},{"@type":"BreadcrumbList","@id":"https:\/\/bihortal.bio\/tienda\/unkategorisiert\/karottencreme\/#breadcrumb","itemListElement":[{"@type":"ListItem","position":1,"name":"Portada","item":"https:\/\/bihortal.bio\/de\/"},{"@type":"ListItem","position":2,"name":"Speichern","item":"https:\/\/bihortal.bio\/de\/speichern\/"},{"@type":"ListItem","position":3,"name":"Karottencreme"}]},{"@type":"WebSite","@id":"https:\/\/bihortal.bio\/en\/#website","url":"https:\/\/bihortal.bio\/en\/","name":"Bihortal","description":"Conservas ecol\u00f3gicas de calidad","potentialAction":[{"@type":"SearchAction","target":{"@type":"EntryPoint","urlTemplate":"https:\/\/bihortal.bio\/en\/?s={search_term_string}"},"query-input":{"@type":"PropertyValueSpecification","valueRequired":true,"valueName":"search_term_string"}}],"inLanguage":"de"}]}},"_links":{"self":[{"href":"https:\/\/bihortal.bio\/de\/wp-json\/wp\/v2\/product\/4088","targetHints":{"allow":["GET"]}}],"collection":[{"href":"https:\/\/bihortal.bio\/de\/wp-json\/wp\/v2\/product"}],"about":[{"href":"https:\/\/bihortal.bio\/de\/wp-json\/wp\/v2\/types\/product"}],"replies":[{"embeddable":true,"href":"https:\/\/bihortal.bio\/de\/wp-json\/wp\/v2\/comments?post=4088"}],"wp:featuredmedia":[{"embeddable":true,"href":"https:\/\/bihortal.bio\/de\/wp-json\/wp\/v2\/media\/3651"}],"wp:attachment":[{"href":"https:\/\/bihortal.bio\/de\/wp-json\/wp\/v2\/media?parent=4088"}],"wp:term":[{"taxonomy":"product_brand","embeddable":true,"href":"https:\/\/bihortal.bio\/de\/wp-json\/wp\/v2\/product_brand?post=4088"},{"taxonomy":"product_cat","embeddable":true,"href":"https:\/\/bihortal.bio\/de\/wp-json\/wp\/v2\/product_cat?post=4088"},{"taxonomy":"product_tag","embeddable":true,"href":"https:\/\/bihortal.bio\/de\/wp-json\/wp\/v2\/product_tag?post=4088"}],"curies":[{"name":"wp","href":"https:\/\/api.w.org\/{rel}","templated":true}]}}