{"id":4085,"date":"2023-11-08T13:57:36","date_gmt":"2023-11-09T11:36:38","guid":{"rendered":"https:\/\/bihortal.bio\/tienda\/unkategorisiert\/andalusische-gazpacho\/"},"modified":"2023-11-09T12:36:38","modified_gmt":"2023-11-09T11:36:38","slug":"andalusische-gazpacho","status":"publish","type":"product","link":"https:\/\/bihortal.bio\/de\/tienda\/fertiggerichte-de\/andalusische-gazpacho\/","title":{"rendered":"Andalusische Gazpacho"},"content":{"rendered":"<p>Die andalusische Gazpacho ist eines der Hauptrezepte der Mittelmeerdi\u00e4t, da sie N\u00e4hrstoffe enth\u00e4lt, die reich an Vitaminen, Mineralien und Ballaststoffen sind, wie Tomaten, Gurken, Paprika, Zwiebeln, Knoblauch und natives Oliven\u00f6l extra. Es ist ein sehr gesundes Gericht, das Feuchtigkeit spendet, die Haut sch\u00fctzt, nahrhaft und energiegeladen ist; Es ist ein perfektes Gericht f\u00fcr den Sommer. Bihortal ist eine sehr hochwertige Marke, die einen hohen Anteil an Gem\u00fcse und einen moderaten Wasserverbrauch verwendet, damit der Geschmack unserer Rezepte auch den anspruchsvollsten Gaumen gerecht wird.<\/p>\n<h3>Zutaten:<\/h3>\n<p>Tomaten, Gurken, Paprika, Zwiebeln, Knoblauch, natives Oliven\u00f6l extra (3,6 %), Essig, Meersalz, Zitronens\u00e4ure.<\/p>\n","protected":false},"excerpt":{"rendered":"<p>Die andalusische Gazpacho ist eines der Hauptrezepte der Mittelmeerdi\u00e4t, da sie N\u00e4hrstoffe enth\u00e4lt, die reich an Vitaminen, Mineralien und Ballaststoffen sind, wie Tomaten, Gurken, Paprika, Zwiebeln, Knoblauch und natives Oliven\u00f6l extra. Es ist ein sehr gesundes Gericht, das Feuchtigkeit spendet, die Haut sch\u00fctzt, nahrhaft und&#8230;<\/p>\n","protected":false},"featured_media":3655,"comment_status":"open","ping_status":"closed","template":"","meta":[],"product_brand":[],"product_cat":[311],"product_tag":[],"class_list":{"0":"post-4085","1":"product","2":"type-product","3":"status-publish","4":"has-post-thumbnail","6":"product_cat-fertiggerichte-de","8":"first","9":"instock","10":"taxable","11":"shipping-taxable","12":"purchasable","13":"product-type-simple"},"yoast_head":"<!-- This site is optimized with the Yoast SEO plugin v26.5 - https:\/\/yoast.com\/wordpress\/plugins\/seo\/ -->\n<title>Andalusische Gazpacho - Bihortal<\/title>\n<meta name=\"robots\" content=\"index, follow, max-snippet:-1, max-image-preview:large, max-video-preview:-1\" \/>\n<link rel=\"canonical\" href=\"https:\/\/bihortal.bio\/tienda\/unkategorisiert\/andalusische-gazpacho\/\" \/>\n<meta property=\"og:locale\" content=\"de_DE\" \/>\n<meta property=\"og:type\" content=\"article\" \/>\n<meta property=\"og:title\" content=\"Andalusische Gazpacho - Bihortal\" \/>\n<meta property=\"og:description\" content=\"Die andalusische Gazpacho ist eines der Hauptrezepte der Mittelmeerdi\u00e4t, da sie N\u00e4hrstoffe enth\u00e4lt, die reich an Vitaminen, Mineralien und Ballaststoffen sind, wie Tomaten, Gurken, Paprika, Zwiebeln, Knoblauch und natives Oliven\u00f6l extra. Es ist ein sehr gesundes Gericht, das Feuchtigkeit spendet, die Haut sch\u00fctzt, nahrhaft und...\" \/>\n<meta property=\"og:url\" content=\"https:\/\/bihortal.bio\/tienda\/unkategorisiert\/andalusische-gazpacho\/\" \/>\n<meta property=\"og:site_name\" content=\"Bihortal\" \/>\n<meta name=\"twitter:card\" content=\"summary_large_image\" \/>\n<meta name=\"twitter:label1\" content=\"Gesch\u00e4tzte Lesezeit\" \/>\n\t<meta name=\"twitter:data1\" content=\"1\u00a0Minute\" \/>\n<script type=\"application\/ld+json\" class=\"yoast-schema-graph\">{\"@context\":\"https:\/\/schema.org\",\"@graph\":[{\"@type\":\"WebPage\",\"@id\":\"https:\/\/bihortal.bio\/tienda\/unkategorisiert\/andalusische-gazpacho\/\",\"url\":\"https:\/\/bihortal.bio\/tienda\/unkategorisiert\/andalusische-gazpacho\/\",\"name\":\"Andalusische Gazpacho - Bihortal\",\"isPartOf\":{\"@id\":\"https:\/\/bihortal.bio\/en\/#website\"},\"primaryImageOfPage\":{\"@id\":\"https:\/\/bihortal.bio\/tienda\/unkategorisiert\/andalusische-gazpacho\/#primaryimage\"},\"image\":{\"@id\":\"https:\/\/bihortal.bio\/tienda\/unkategorisiert\/andalusische-gazpacho\/#primaryimage\"},\"thumbnailUrl\":\"https:\/\/bihortal.bio\/wp-content\/uploads\/2023\/11\/Gazpacho.jpg\",\"datePublished\":\"2023-11-09T11:36:38+00:00\",\"breadcrumb\":{\"@id\":\"https:\/\/bihortal.bio\/tienda\/unkategorisiert\/andalusische-gazpacho\/#breadcrumb\"},\"inLanguage\":\"de\",\"potentialAction\":[{\"@type\":\"ReadAction\",\"target\":[\"https:\/\/bihortal.bio\/tienda\/unkategorisiert\/andalusische-gazpacho\/\"]}]},{\"@type\":\"ImageObject\",\"inLanguage\":\"de\",\"@id\":\"https:\/\/bihortal.bio\/tienda\/unkategorisiert\/andalusische-gazpacho\/#primaryimage\",\"url\":\"https:\/\/bihortal.bio\/wp-content\/uploads\/2023\/11\/Gazpacho.jpg\",\"contentUrl\":\"https:\/\/bihortal.bio\/wp-content\/uploads\/2023\/11\/Gazpacho.jpg\",\"width\":800,\"height\":1200},{\"@type\":\"BreadcrumbList\",\"@id\":\"https:\/\/bihortal.bio\/tienda\/unkategorisiert\/andalusische-gazpacho\/#breadcrumb\",\"itemListElement\":[{\"@type\":\"ListItem\",\"position\":1,\"name\":\"Portada\",\"item\":\"https:\/\/bihortal.bio\/de\/\"},{\"@type\":\"ListItem\",\"position\":2,\"name\":\"Speichern\",\"item\":\"https:\/\/bihortal.bio\/de\/speichern\/\"},{\"@type\":\"ListItem\",\"position\":3,\"name\":\"Andalusische Gazpacho\"}]},{\"@type\":\"WebSite\",\"@id\":\"https:\/\/bihortal.bio\/en\/#website\",\"url\":\"https:\/\/bihortal.bio\/en\/\",\"name\":\"Bihortal\",\"description\":\"Conservas ecol\u00f3gicas de calidad\",\"potentialAction\":[{\"@type\":\"SearchAction\",\"target\":{\"@type\":\"EntryPoint\",\"urlTemplate\":\"https:\/\/bihortal.bio\/en\/?s={search_term_string}\"},\"query-input\":{\"@type\":\"PropertyValueSpecification\",\"valueRequired\":true,\"valueName\":\"search_term_string\"}}],\"inLanguage\":\"de\"}]}<\/script>\n<!-- \/ Yoast SEO plugin. -->","yoast_head_json":{"title":"Andalusische Gazpacho - Bihortal","robots":{"index":"index","follow":"follow","max-snippet":"max-snippet:-1","max-image-preview":"max-image-preview:large","max-video-preview":"max-video-preview:-1"},"canonical":"https:\/\/bihortal.bio\/tienda\/unkategorisiert\/andalusische-gazpacho\/","og_locale":"de_DE","og_type":"article","og_title":"Andalusische Gazpacho - Bihortal","og_description":"Die andalusische Gazpacho ist eines der Hauptrezepte der Mittelmeerdi\u00e4t, da sie N\u00e4hrstoffe enth\u00e4lt, die reich an Vitaminen, Mineralien und Ballaststoffen sind, wie Tomaten, Gurken, Paprika, Zwiebeln, Knoblauch und natives Oliven\u00f6l extra. Es ist ein sehr gesundes Gericht, das Feuchtigkeit spendet, die Haut sch\u00fctzt, nahrhaft und...","og_url":"https:\/\/bihortal.bio\/tienda\/unkategorisiert\/andalusische-gazpacho\/","og_site_name":"Bihortal","twitter_card":"summary_large_image","twitter_misc":{"Gesch\u00e4tzte Lesezeit":"1\u00a0Minute"},"schema":{"@context":"https:\/\/schema.org","@graph":[{"@type":"WebPage","@id":"https:\/\/bihortal.bio\/tienda\/unkategorisiert\/andalusische-gazpacho\/","url":"https:\/\/bihortal.bio\/tienda\/unkategorisiert\/andalusische-gazpacho\/","name":"Andalusische Gazpacho - Bihortal","isPartOf":{"@id":"https:\/\/bihortal.bio\/en\/#website"},"primaryImageOfPage":{"@id":"https:\/\/bihortal.bio\/tienda\/unkategorisiert\/andalusische-gazpacho\/#primaryimage"},"image":{"@id":"https:\/\/bihortal.bio\/tienda\/unkategorisiert\/andalusische-gazpacho\/#primaryimage"},"thumbnailUrl":"https:\/\/bihortal.bio\/wp-content\/uploads\/2023\/11\/Gazpacho.jpg","datePublished":"2023-11-09T11:36:38+00:00","breadcrumb":{"@id":"https:\/\/bihortal.bio\/tienda\/unkategorisiert\/andalusische-gazpacho\/#breadcrumb"},"inLanguage":"de","potentialAction":[{"@type":"ReadAction","target":["https:\/\/bihortal.bio\/tienda\/unkategorisiert\/andalusische-gazpacho\/"]}]},{"@type":"ImageObject","inLanguage":"de","@id":"https:\/\/bihortal.bio\/tienda\/unkategorisiert\/andalusische-gazpacho\/#primaryimage","url":"https:\/\/bihortal.bio\/wp-content\/uploads\/2023\/11\/Gazpacho.jpg","contentUrl":"https:\/\/bihortal.bio\/wp-content\/uploads\/2023\/11\/Gazpacho.jpg","width":800,"height":1200},{"@type":"BreadcrumbList","@id":"https:\/\/bihortal.bio\/tienda\/unkategorisiert\/andalusische-gazpacho\/#breadcrumb","itemListElement":[{"@type":"ListItem","position":1,"name":"Portada","item":"https:\/\/bihortal.bio\/de\/"},{"@type":"ListItem","position":2,"name":"Speichern","item":"https:\/\/bihortal.bio\/de\/speichern\/"},{"@type":"ListItem","position":3,"name":"Andalusische Gazpacho"}]},{"@type":"WebSite","@id":"https:\/\/bihortal.bio\/en\/#website","url":"https:\/\/bihortal.bio\/en\/","name":"Bihortal","description":"Conservas ecol\u00f3gicas de calidad","potentialAction":[{"@type":"SearchAction","target":{"@type":"EntryPoint","urlTemplate":"https:\/\/bihortal.bio\/en\/?s={search_term_string}"},"query-input":{"@type":"PropertyValueSpecification","valueRequired":true,"valueName":"search_term_string"}}],"inLanguage":"de"}]}},"_links":{"self":[{"href":"https:\/\/bihortal.bio\/de\/wp-json\/wp\/v2\/product\/4085","targetHints":{"allow":["GET"]}}],"collection":[{"href":"https:\/\/bihortal.bio\/de\/wp-json\/wp\/v2\/product"}],"about":[{"href":"https:\/\/bihortal.bio\/de\/wp-json\/wp\/v2\/types\/product"}],"replies":[{"embeddable":true,"href":"https:\/\/bihortal.bio\/de\/wp-json\/wp\/v2\/comments?post=4085"}],"wp:featuredmedia":[{"embeddable":true,"href":"https:\/\/bihortal.bio\/de\/wp-json\/wp\/v2\/media\/3655"}],"wp:attachment":[{"href":"https:\/\/bihortal.bio\/de\/wp-json\/wp\/v2\/media?parent=4085"}],"wp:term":[{"taxonomy":"product_brand","embeddable":true,"href":"https:\/\/bihortal.bio\/de\/wp-json\/wp\/v2\/product_brand?post=4085"},{"taxonomy":"product_cat","embeddable":true,"href":"https:\/\/bihortal.bio\/de\/wp-json\/wp\/v2\/product_cat?post=4085"},{"taxonomy":"product_tag","embeddable":true,"href":"https:\/\/bihortal.bio\/de\/wp-json\/wp\/v2\/product_tag?post=4085"}],"curies":[{"name":"wp","href":"https:\/\/api.w.org\/{rel}","templated":true}]}}