{"id":4039,"date":"2023-11-08T13:57:39","date_gmt":"2023-11-09T11:00:31","guid":{"rendered":"https:\/\/bihortal.bio\/tienda\/unkategorisiert\/tomatensauce-mit-feinen-kraeutern\/"},"modified":"2023-11-09T12:00:31","modified_gmt":"2023-11-09T11:00:31","slug":"tomatensauce-mit-feinen-krautern","status":"publish","type":"product","link":"https:\/\/bihortal.bio\/de\/tienda\/tomatensaucen-de\/tomatensauce-mit-feinen-krautern\/","title":{"rendered":"Tomatensauce mit feinen Kr\u00e4utern"},"content":{"rendered":"<p>Tomatensauce mit einem hohen Anteil an Gem\u00fcse, gew\u00fcrzt mit feinen Kr\u00e4utern f\u00fcr einen exquisiten Geschmack. Wir verwenden sehr gesunde Zutaten wie Zwiebeln, Agavensirup und natives Oliven\u00f6l extra. Bihortal ist eine sehr hochwertige Marke, die einen hohen Tomatenanteil und einen moderaten Wasserverbrauch verwendet, damit der Geschmack unserer Konfit\u00fcren auch den anspruchsvollsten Gaumen gerecht wird.<\/p>\n<h3>Zutaten:<\/h3>\n<p>Tomaten, Zwiebeln, Agavensirup, natives Oliven\u00f6l extra (1,5 %), Meersalz, Knoblauch, aromatische Kr\u00e4uter.<\/p>\n","protected":false},"excerpt":{"rendered":"<p>Tomatensauce mit einem hohen Anteil an Gem\u00fcse, gew\u00fcrzt mit feinen Kr\u00e4utern f\u00fcr einen exquisiten Geschmack. Wir verwenden sehr gesunde Zutaten wie Zwiebeln, Agavensirup und natives Oliven\u00f6l extra. Bihortal ist eine sehr hochwertige Marke, die einen hohen Tomatenanteil und einen moderaten Wasserverbrauch verwendet, damit der Geschmack&#8230;<\/p>\n","protected":false},"featured_media":3730,"comment_status":"open","ping_status":"closed","template":"","meta":[],"product_brand":[],"product_cat":[275],"product_tag":[],"class_list":{"0":"post-4039","1":"product","2":"type-product","3":"status-publish","4":"has-post-thumbnail","6":"product_cat-tomatensaucen-de","8":"first","9":"instock","10":"taxable","11":"shipping-taxable","12":"purchasable","13":"product-type-simple"},"yoast_head":"<!-- This site is optimized with the Yoast SEO plugin v26.5 - https:\/\/yoast.com\/wordpress\/plugins\/seo\/ -->\n<title>Tomatensauce mit feinen Kr\u00e4utern - Bihortal<\/title>\n<meta name=\"robots\" content=\"index, follow, max-snippet:-1, max-image-preview:large, max-video-preview:-1\" \/>\n<link rel=\"canonical\" href=\"https:\/\/bihortal.bio\/tienda\/unkategorisiert\/tomatensauce-mit-feinen-kraeutern\/\" \/>\n<meta property=\"og:locale\" content=\"de_DE\" \/>\n<meta property=\"og:type\" content=\"article\" \/>\n<meta property=\"og:title\" content=\"Tomatensauce mit feinen Kr\u00e4utern - Bihortal\" \/>\n<meta property=\"og:description\" content=\"Tomatensauce mit einem hohen Anteil an Gem\u00fcse, gew\u00fcrzt mit feinen Kr\u00e4utern f\u00fcr einen exquisiten Geschmack. Wir verwenden sehr gesunde Zutaten wie Zwiebeln, Agavensirup und natives Oliven\u00f6l extra. Bihortal ist eine sehr hochwertige Marke, die einen hohen Tomatenanteil und einen moderaten Wasserverbrauch verwendet, damit der Geschmack...\" \/>\n<meta property=\"og:url\" content=\"https:\/\/bihortal.bio\/tienda\/unkategorisiert\/tomatensauce-mit-feinen-kraeutern\/\" \/>\n<meta property=\"og:site_name\" content=\"Bihortal\" \/>\n<meta name=\"twitter:card\" content=\"summary_large_image\" \/>\n<script type=\"application\/ld+json\" class=\"yoast-schema-graph\">{\"@context\":\"https:\/\/schema.org\",\"@graph\":[{\"@type\":\"WebPage\",\"@id\":\"https:\/\/bihortal.bio\/tienda\/unkategorisiert\/tomatensauce-mit-feinen-kraeutern\/\",\"url\":\"https:\/\/bihortal.bio\/tienda\/unkategorisiert\/tomatensauce-mit-feinen-kraeutern\/\",\"name\":\"Tomatensauce mit feinen Kr\u00e4utern - Bihortal\",\"isPartOf\":{\"@id\":\"https:\/\/bihortal.bio\/en\/#website\"},\"primaryImageOfPage\":{\"@id\":\"https:\/\/bihortal.bio\/tienda\/unkategorisiert\/tomatensauce-mit-feinen-kraeutern\/#primaryimage\"},\"image\":{\"@id\":\"https:\/\/bihortal.bio\/tienda\/unkategorisiert\/tomatensauce-mit-feinen-kraeutern\/#primaryimage\"},\"thumbnailUrl\":\"https:\/\/bihortal.bio\/wp-content\/uploads\/2023\/11\/Salsa-tomate-hierbas.jpg\",\"datePublished\":\"2023-11-09T11:00:31+00:00\",\"breadcrumb\":{\"@id\":\"https:\/\/bihortal.bio\/tienda\/unkategorisiert\/tomatensauce-mit-feinen-kraeutern\/#breadcrumb\"},\"inLanguage\":\"de\",\"potentialAction\":[{\"@type\":\"ReadAction\",\"target\":[\"https:\/\/bihortal.bio\/tienda\/unkategorisiert\/tomatensauce-mit-feinen-kraeutern\/\"]}]},{\"@type\":\"ImageObject\",\"inLanguage\":\"de\",\"@id\":\"https:\/\/bihortal.bio\/tienda\/unkategorisiert\/tomatensauce-mit-feinen-kraeutern\/#primaryimage\",\"url\":\"https:\/\/bihortal.bio\/wp-content\/uploads\/2023\/11\/Salsa-tomate-hierbas.jpg\",\"contentUrl\":\"https:\/\/bihortal.bio\/wp-content\/uploads\/2023\/11\/Salsa-tomate-hierbas.jpg\",\"width\":800,\"height\":1200},{\"@type\":\"BreadcrumbList\",\"@id\":\"https:\/\/bihortal.bio\/tienda\/unkategorisiert\/tomatensauce-mit-feinen-kraeutern\/#breadcrumb\",\"itemListElement\":[{\"@type\":\"ListItem\",\"position\":1,\"name\":\"Portada\",\"item\":\"https:\/\/bihortal.bio\/de\/\"},{\"@type\":\"ListItem\",\"position\":2,\"name\":\"Speichern\",\"item\":\"https:\/\/bihortal.bio\/de\/speichern\/\"},{\"@type\":\"ListItem\",\"position\":3,\"name\":\"Tomatensauce mit feinen Kr\u00e4utern\"}]},{\"@type\":\"WebSite\",\"@id\":\"https:\/\/bihortal.bio\/en\/#website\",\"url\":\"https:\/\/bihortal.bio\/en\/\",\"name\":\"Bihortal\",\"description\":\"Conservas ecol\u00f3gicas de calidad\",\"potentialAction\":[{\"@type\":\"SearchAction\",\"target\":{\"@type\":\"EntryPoint\",\"urlTemplate\":\"https:\/\/bihortal.bio\/en\/?s={search_term_string}\"},\"query-input\":{\"@type\":\"PropertyValueSpecification\",\"valueRequired\":true,\"valueName\":\"search_term_string\"}}],\"inLanguage\":\"de\"}]}<\/script>\n<!-- \/ Yoast SEO plugin. -->","yoast_head_json":{"title":"Tomatensauce mit feinen Kr\u00e4utern - Bihortal","robots":{"index":"index","follow":"follow","max-snippet":"max-snippet:-1","max-image-preview":"max-image-preview:large","max-video-preview":"max-video-preview:-1"},"canonical":"https:\/\/bihortal.bio\/tienda\/unkategorisiert\/tomatensauce-mit-feinen-kraeutern\/","og_locale":"de_DE","og_type":"article","og_title":"Tomatensauce mit feinen Kr\u00e4utern - Bihortal","og_description":"Tomatensauce mit einem hohen Anteil an Gem\u00fcse, gew\u00fcrzt mit feinen Kr\u00e4utern f\u00fcr einen exquisiten Geschmack. Wir verwenden sehr gesunde Zutaten wie Zwiebeln, Agavensirup und natives Oliven\u00f6l extra. Bihortal ist eine sehr hochwertige Marke, die einen hohen Tomatenanteil und einen moderaten Wasserverbrauch verwendet, damit der Geschmack...","og_url":"https:\/\/bihortal.bio\/tienda\/unkategorisiert\/tomatensauce-mit-feinen-kraeutern\/","og_site_name":"Bihortal","twitter_card":"summary_large_image","schema":{"@context":"https:\/\/schema.org","@graph":[{"@type":"WebPage","@id":"https:\/\/bihortal.bio\/tienda\/unkategorisiert\/tomatensauce-mit-feinen-kraeutern\/","url":"https:\/\/bihortal.bio\/tienda\/unkategorisiert\/tomatensauce-mit-feinen-kraeutern\/","name":"Tomatensauce mit feinen Kr\u00e4utern - Bihortal","isPartOf":{"@id":"https:\/\/bihortal.bio\/en\/#website"},"primaryImageOfPage":{"@id":"https:\/\/bihortal.bio\/tienda\/unkategorisiert\/tomatensauce-mit-feinen-kraeutern\/#primaryimage"},"image":{"@id":"https:\/\/bihortal.bio\/tienda\/unkategorisiert\/tomatensauce-mit-feinen-kraeutern\/#primaryimage"},"thumbnailUrl":"https:\/\/bihortal.bio\/wp-content\/uploads\/2023\/11\/Salsa-tomate-hierbas.jpg","datePublished":"2023-11-09T11:00:31+00:00","breadcrumb":{"@id":"https:\/\/bihortal.bio\/tienda\/unkategorisiert\/tomatensauce-mit-feinen-kraeutern\/#breadcrumb"},"inLanguage":"de","potentialAction":[{"@type":"ReadAction","target":["https:\/\/bihortal.bio\/tienda\/unkategorisiert\/tomatensauce-mit-feinen-kraeutern\/"]}]},{"@type":"ImageObject","inLanguage":"de","@id":"https:\/\/bihortal.bio\/tienda\/unkategorisiert\/tomatensauce-mit-feinen-kraeutern\/#primaryimage","url":"https:\/\/bihortal.bio\/wp-content\/uploads\/2023\/11\/Salsa-tomate-hierbas.jpg","contentUrl":"https:\/\/bihortal.bio\/wp-content\/uploads\/2023\/11\/Salsa-tomate-hierbas.jpg","width":800,"height":1200},{"@type":"BreadcrumbList","@id":"https:\/\/bihortal.bio\/tienda\/unkategorisiert\/tomatensauce-mit-feinen-kraeutern\/#breadcrumb","itemListElement":[{"@type":"ListItem","position":1,"name":"Portada","item":"https:\/\/bihortal.bio\/de\/"},{"@type":"ListItem","position":2,"name":"Speichern","item":"https:\/\/bihortal.bio\/de\/speichern\/"},{"@type":"ListItem","position":3,"name":"Tomatensauce mit feinen Kr\u00e4utern"}]},{"@type":"WebSite","@id":"https:\/\/bihortal.bio\/en\/#website","url":"https:\/\/bihortal.bio\/en\/","name":"Bihortal","description":"Conservas ecol\u00f3gicas de calidad","potentialAction":[{"@type":"SearchAction","target":{"@type":"EntryPoint","urlTemplate":"https:\/\/bihortal.bio\/en\/?s={search_term_string}"},"query-input":{"@type":"PropertyValueSpecification","valueRequired":true,"valueName":"search_term_string"}}],"inLanguage":"de"}]}},"_links":{"self":[{"href":"https:\/\/bihortal.bio\/de\/wp-json\/wp\/v2\/product\/4039","targetHints":{"allow":["GET"]}}],"collection":[{"href":"https:\/\/bihortal.bio\/de\/wp-json\/wp\/v2\/product"}],"about":[{"href":"https:\/\/bihortal.bio\/de\/wp-json\/wp\/v2\/types\/product"}],"replies":[{"embeddable":true,"href":"https:\/\/bihortal.bio\/de\/wp-json\/wp\/v2\/comments?post=4039"}],"wp:featuredmedia":[{"embeddable":true,"href":"https:\/\/bihortal.bio\/de\/wp-json\/wp\/v2\/media\/3730"}],"wp:attachment":[{"href":"https:\/\/bihortal.bio\/de\/wp-json\/wp\/v2\/media?parent=4039"}],"wp:term":[{"taxonomy":"product_brand","embeddable":true,"href":"https:\/\/bihortal.bio\/de\/wp-json\/wp\/v2\/product_brand?post=4039"},{"taxonomy":"product_cat","embeddable":true,"href":"https:\/\/bihortal.bio\/de\/wp-json\/wp\/v2\/product_cat?post=4039"},{"taxonomy":"product_tag","embeddable":true,"href":"https:\/\/bihortal.bio\/de\/wp-json\/wp\/v2\/product_tag?post=4039"}],"curies":[{"name":"wp","href":"https:\/\/api.w.org\/{rel}","templated":true}]}}