{"id":4034,"date":"2023-11-08T13:57:39","date_gmt":"2023-11-09T10:56:31","guid":{"rendered":"https:\/\/bihortal.bio\/tienda\/unkategorisiert\/ratatouille\/"},"modified":"2023-11-09T11:56:31","modified_gmt":"2023-11-09T10:56:31","slug":"ratatouille","status":"publish","type":"product","link":"https:\/\/bihortal.bio\/de\/tienda\/tomatensaucen-de\/ratatouille\/","title":{"rendered":"Ratatouille"},"content":{"rendered":"<p>Gem\u00fcse-Ratatouille ist ein sehr gesundes Rezept. Se compone sobre todo de tomate, pimiento, cebolla, calabac\u00edn, sirope de agave y aceite oliva virgen extra, por lo que aporta muchos beneficios y muchaEs besteht haupts\u00e4chlich aus Tomaten, Paprika, Zwiebeln, Zucchini, Agavensirup und nativem Oliven\u00f6l extra, weshalb es viele Vorteile und viele antioxidative Substanzen bietet.s sustancias antioxidantes. Es ist ein Gericht, das reich an Vitaminen, Mineralien, Ballaststoffen und Kalium ist. Bihortal ist eine sehr hochwertige Marke, die einen hohen Anteil an Gem\u00fcse und einen moderaten Wasserverbrauch verwendet, damit der Geschmack unserer Rezepte auch den anspruchsvollsten Gaumen gerecht wird.<\/p>\n<h3>Zutaten:<\/h3>\n<p>Tomaten, Paprika, Zwiebeln, Zucchini, Agavendicksaft, natives Oliven\u00f6l extra (1,7 %), Meersalz.<\/p>\n","protected":false},"excerpt":{"rendered":"<p>Gem\u00fcse-Ratatouille ist ein sehr gesundes Rezept. Se compone sobre todo de tomate, pimiento, cebolla, calabac\u00edn, sirope de agave y aceite oliva virgen extra, por lo que aporta muchos beneficios y muchaEs besteht haupts\u00e4chlich aus Tomaten, Paprika, Zwiebeln, Zucchini, Agavensirup und nativem Oliven\u00f6l extra, weshalb es&#8230;<\/p>\n","protected":false},"featured_media":3726,"comment_status":"open","ping_status":"closed","template":"","meta":[],"product_brand":[],"product_cat":[275],"product_tag":[],"class_list":{"0":"post-4034","1":"product","2":"type-product","3":"status-publish","4":"has-post-thumbnail","6":"product_cat-tomatensaucen-de","8":"first","9":"instock","10":"taxable","11":"shipping-taxable","12":"purchasable","13":"product-type-simple"},"yoast_head":"<!-- This site is optimized with the Yoast SEO plugin v26.5 - https:\/\/yoast.com\/wordpress\/plugins\/seo\/ -->\n<title>Ratatouille - Bihortal<\/title>\n<meta name=\"robots\" content=\"index, follow, max-snippet:-1, max-image-preview:large, max-video-preview:-1\" \/>\n<link rel=\"canonical\" href=\"https:\/\/bihortal.bio\/tienda\/unkategorisiert\/ratatouille\/\" \/>\n<meta property=\"og:locale\" content=\"de_DE\" \/>\n<meta property=\"og:type\" content=\"article\" \/>\n<meta property=\"og:title\" content=\"Ratatouille - Bihortal\" \/>\n<meta property=\"og:description\" content=\"Gem\u00fcse-Ratatouille ist ein sehr gesundes Rezept. Se compone sobre todo de tomate, pimiento, cebolla, calabac\u00edn, sirope de agave y aceite oliva virgen extra, por lo que aporta muchos beneficios y muchaEs besteht haupts\u00e4chlich aus Tomaten, Paprika, Zwiebeln, Zucchini, Agavensirup und nativem Oliven\u00f6l extra, weshalb es...\" \/>\n<meta property=\"og:url\" content=\"https:\/\/bihortal.bio\/tienda\/unkategorisiert\/ratatouille\/\" \/>\n<meta property=\"og:site_name\" content=\"Bihortal\" \/>\n<meta name=\"twitter:card\" content=\"summary_large_image\" \/>\n<meta name=\"twitter:label1\" content=\"Gesch\u00e4tzte Lesezeit\" \/>\n\t<meta name=\"twitter:data1\" content=\"1\u00a0Minute\" \/>\n<script type=\"application\/ld+json\" class=\"yoast-schema-graph\">{\"@context\":\"https:\/\/schema.org\",\"@graph\":[{\"@type\":\"WebPage\",\"@id\":\"https:\/\/bihortal.bio\/tienda\/unkategorisiert\/ratatouille\/\",\"url\":\"https:\/\/bihortal.bio\/tienda\/unkategorisiert\/ratatouille\/\",\"name\":\"Ratatouille - Bihortal\",\"isPartOf\":{\"@id\":\"https:\/\/bihortal.bio\/en\/#website\"},\"primaryImageOfPage\":{\"@id\":\"https:\/\/bihortal.bio\/tienda\/unkategorisiert\/ratatouille\/#primaryimage\"},\"image\":{\"@id\":\"https:\/\/bihortal.bio\/tienda\/unkategorisiert\/ratatouille\/#primaryimage\"},\"thumbnailUrl\":\"https:\/\/bihortal.bio\/wp-content\/uploads\/2023\/11\/Pisto.jpg\",\"datePublished\":\"2023-11-09T10:56:31+00:00\",\"breadcrumb\":{\"@id\":\"https:\/\/bihortal.bio\/tienda\/unkategorisiert\/ratatouille\/#breadcrumb\"},\"inLanguage\":\"de\",\"potentialAction\":[{\"@type\":\"ReadAction\",\"target\":[\"https:\/\/bihortal.bio\/tienda\/unkategorisiert\/ratatouille\/\"]}]},{\"@type\":\"ImageObject\",\"inLanguage\":\"de\",\"@id\":\"https:\/\/bihortal.bio\/tienda\/unkategorisiert\/ratatouille\/#primaryimage\",\"url\":\"https:\/\/bihortal.bio\/wp-content\/uploads\/2023\/11\/Pisto.jpg\",\"contentUrl\":\"https:\/\/bihortal.bio\/wp-content\/uploads\/2023\/11\/Pisto.jpg\",\"width\":800,\"height\":1200},{\"@type\":\"BreadcrumbList\",\"@id\":\"https:\/\/bihortal.bio\/tienda\/unkategorisiert\/ratatouille\/#breadcrumb\",\"itemListElement\":[{\"@type\":\"ListItem\",\"position\":1,\"name\":\"Portada\",\"item\":\"https:\/\/bihortal.bio\/de\/\"},{\"@type\":\"ListItem\",\"position\":2,\"name\":\"Speichern\",\"item\":\"https:\/\/bihortal.bio\/de\/speichern\/\"},{\"@type\":\"ListItem\",\"position\":3,\"name\":\"Ratatouille\"}]},{\"@type\":\"WebSite\",\"@id\":\"https:\/\/bihortal.bio\/en\/#website\",\"url\":\"https:\/\/bihortal.bio\/en\/\",\"name\":\"Bihortal\",\"description\":\"Conservas ecol\u00f3gicas de calidad\",\"potentialAction\":[{\"@type\":\"SearchAction\",\"target\":{\"@type\":\"EntryPoint\",\"urlTemplate\":\"https:\/\/bihortal.bio\/en\/?s={search_term_string}\"},\"query-input\":{\"@type\":\"PropertyValueSpecification\",\"valueRequired\":true,\"valueName\":\"search_term_string\"}}],\"inLanguage\":\"de\"}]}<\/script>\n<!-- \/ Yoast SEO plugin. -->","yoast_head_json":{"title":"Ratatouille - Bihortal","robots":{"index":"index","follow":"follow","max-snippet":"max-snippet:-1","max-image-preview":"max-image-preview:large","max-video-preview":"max-video-preview:-1"},"canonical":"https:\/\/bihortal.bio\/tienda\/unkategorisiert\/ratatouille\/","og_locale":"de_DE","og_type":"article","og_title":"Ratatouille - Bihortal","og_description":"Gem\u00fcse-Ratatouille ist ein sehr gesundes Rezept. Se compone sobre todo de tomate, pimiento, cebolla, calabac\u00edn, sirope de agave y aceite oliva virgen extra, por lo que aporta muchos beneficios y muchaEs besteht haupts\u00e4chlich aus Tomaten, Paprika, Zwiebeln, Zucchini, Agavensirup und nativem Oliven\u00f6l extra, weshalb es...","og_url":"https:\/\/bihortal.bio\/tienda\/unkategorisiert\/ratatouille\/","og_site_name":"Bihortal","twitter_card":"summary_large_image","twitter_misc":{"Gesch\u00e4tzte Lesezeit":"1\u00a0Minute"},"schema":{"@context":"https:\/\/schema.org","@graph":[{"@type":"WebPage","@id":"https:\/\/bihortal.bio\/tienda\/unkategorisiert\/ratatouille\/","url":"https:\/\/bihortal.bio\/tienda\/unkategorisiert\/ratatouille\/","name":"Ratatouille - Bihortal","isPartOf":{"@id":"https:\/\/bihortal.bio\/en\/#website"},"primaryImageOfPage":{"@id":"https:\/\/bihortal.bio\/tienda\/unkategorisiert\/ratatouille\/#primaryimage"},"image":{"@id":"https:\/\/bihortal.bio\/tienda\/unkategorisiert\/ratatouille\/#primaryimage"},"thumbnailUrl":"https:\/\/bihortal.bio\/wp-content\/uploads\/2023\/11\/Pisto.jpg","datePublished":"2023-11-09T10:56:31+00:00","breadcrumb":{"@id":"https:\/\/bihortal.bio\/tienda\/unkategorisiert\/ratatouille\/#breadcrumb"},"inLanguage":"de","potentialAction":[{"@type":"ReadAction","target":["https:\/\/bihortal.bio\/tienda\/unkategorisiert\/ratatouille\/"]}]},{"@type":"ImageObject","inLanguage":"de","@id":"https:\/\/bihortal.bio\/tienda\/unkategorisiert\/ratatouille\/#primaryimage","url":"https:\/\/bihortal.bio\/wp-content\/uploads\/2023\/11\/Pisto.jpg","contentUrl":"https:\/\/bihortal.bio\/wp-content\/uploads\/2023\/11\/Pisto.jpg","width":800,"height":1200},{"@type":"BreadcrumbList","@id":"https:\/\/bihortal.bio\/tienda\/unkategorisiert\/ratatouille\/#breadcrumb","itemListElement":[{"@type":"ListItem","position":1,"name":"Portada","item":"https:\/\/bihortal.bio\/de\/"},{"@type":"ListItem","position":2,"name":"Speichern","item":"https:\/\/bihortal.bio\/de\/speichern\/"},{"@type":"ListItem","position":3,"name":"Ratatouille"}]},{"@type":"WebSite","@id":"https:\/\/bihortal.bio\/en\/#website","url":"https:\/\/bihortal.bio\/en\/","name":"Bihortal","description":"Conservas ecol\u00f3gicas de calidad","potentialAction":[{"@type":"SearchAction","target":{"@type":"EntryPoint","urlTemplate":"https:\/\/bihortal.bio\/en\/?s={search_term_string}"},"query-input":{"@type":"PropertyValueSpecification","valueRequired":true,"valueName":"search_term_string"}}],"inLanguage":"de"}]}},"_links":{"self":[{"href":"https:\/\/bihortal.bio\/de\/wp-json\/wp\/v2\/product\/4034","targetHints":{"allow":["GET"]}}],"collection":[{"href":"https:\/\/bihortal.bio\/de\/wp-json\/wp\/v2\/product"}],"about":[{"href":"https:\/\/bihortal.bio\/de\/wp-json\/wp\/v2\/types\/product"}],"replies":[{"embeddable":true,"href":"https:\/\/bihortal.bio\/de\/wp-json\/wp\/v2\/comments?post=4034"}],"wp:featuredmedia":[{"embeddable":true,"href":"https:\/\/bihortal.bio\/de\/wp-json\/wp\/v2\/media\/3726"}],"wp:attachment":[{"href":"https:\/\/bihortal.bio\/de\/wp-json\/wp\/v2\/media?parent=4034"}],"wp:term":[{"taxonomy":"product_brand","embeddable":true,"href":"https:\/\/bihortal.bio\/de\/wp-json\/wp\/v2\/product_brand?post=4034"},{"taxonomy":"product_cat","embeddable":true,"href":"https:\/\/bihortal.bio\/de\/wp-json\/wp\/v2\/product_cat?post=4034"},{"taxonomy":"product_tag","embeddable":true,"href":"https:\/\/bihortal.bio\/de\/wp-json\/wp\/v2\/product_tag?post=4034"}],"curies":[{"name":"wp","href":"https:\/\/api.w.org\/{rel}","templated":true}]}}