{"id":4025,"date":"2023-11-08T13:57:40","date_gmt":"2023-11-09T10:44:46","guid":{"rendered":"https:\/\/bihortal.bio\/tienda\/unkategorisiert\/zerkleinerte-natuerliche-tomate\/"},"modified":"2023-11-09T11:44:46","modified_gmt":"2023-11-09T10:44:46","slug":"zerkleinerte-naturliche-tomate","status":"publish","type":"product","link":"https:\/\/bihortal.bio\/de\/tienda\/tomatensaucen-de\/zerkleinerte-naturliche-tomate\/","title":{"rendered":"zerkleinerte nat\u00fcrliche tomate"},"content":{"rendered":"<p>F\u00fcr unsere Dosentomaten werden 2,5 Kilo zerkleinerte Tomaten ben\u00f6tigt, um ein Glas zu f\u00fcllen. Bihortal ist eine sehr hochwertige Marke, die einen hohen Tomatenanteil und einen moderaten Wasserverbrauch verwendet, damit der Geschmack unserer Konfit\u00fcren auch den anspruchsvollsten Gaumen gerecht wird.<\/p>\n<h3>Zutaten:<\/h3>\n<p>Tomate (99,8 %), Zitronens\u00e4ure.<\/p>\n","protected":false},"excerpt":{"rendered":"<p>F\u00fcr unsere Dosentomaten werden 2,5 Kilo zerkleinerte Tomaten ben\u00f6tigt, um ein Glas zu f\u00fcllen. Bihortal ist eine sehr hochwertige Marke, die einen hohen Tomatenanteil und einen moderaten Wasserverbrauch verwendet, damit der Geschmack unserer Konfit\u00fcren auch den anspruchsvollsten Gaumen gerecht wird. Zutaten: Tomate (99,8 %), Zitronens\u00e4ure.<\/p>\n","protected":false},"featured_media":3742,"comment_status":"open","ping_status":"closed","template":"","meta":[],"product_brand":[],"product_cat":[275],"product_tag":[],"class_list":{"0":"post-4025","1":"product","2":"type-product","3":"status-publish","4":"has-post-thumbnail","6":"product_cat-tomatensaucen-de","8":"first","9":"instock","10":"taxable","11":"shipping-taxable","12":"purchasable","13":"product-type-simple"},"yoast_head":"<!-- This site is optimized with the Yoast SEO plugin v26.5 - https:\/\/yoast.com\/wordpress\/plugins\/seo\/ -->\n<title>zerkleinerte nat\u00fcrliche tomate - Bihortal<\/title>\n<meta name=\"robots\" content=\"index, follow, max-snippet:-1, max-image-preview:large, max-video-preview:-1\" \/>\n<link rel=\"canonical\" href=\"https:\/\/bihortal.bio\/tienda\/unkategorisiert\/zerkleinerte-natuerliche-tomate\/\" \/>\n<meta property=\"og:locale\" content=\"de_DE\" \/>\n<meta property=\"og:type\" content=\"article\" \/>\n<meta property=\"og:title\" content=\"zerkleinerte nat\u00fcrliche tomate - Bihortal\" \/>\n<meta property=\"og:description\" content=\"F\u00fcr unsere Dosentomaten werden 2,5 Kilo zerkleinerte Tomaten ben\u00f6tigt, um ein Glas zu f\u00fcllen. Bihortal ist eine sehr hochwertige Marke, die einen hohen Tomatenanteil und einen moderaten Wasserverbrauch verwendet, damit der Geschmack unserer Konfit\u00fcren auch den anspruchsvollsten Gaumen gerecht wird. Zutaten: Tomate (99,8 %), Zitronens\u00e4ure.\" \/>\n<meta property=\"og:url\" content=\"https:\/\/bihortal.bio\/tienda\/unkategorisiert\/zerkleinerte-natuerliche-tomate\/\" \/>\n<meta property=\"og:site_name\" content=\"Bihortal\" \/>\n<meta name=\"twitter:card\" content=\"summary_large_image\" \/>\n<script type=\"application\/ld+json\" class=\"yoast-schema-graph\">{\"@context\":\"https:\/\/schema.org\",\"@graph\":[{\"@type\":\"WebPage\",\"@id\":\"https:\/\/bihortal.bio\/tienda\/unkategorisiert\/zerkleinerte-natuerliche-tomate\/\",\"url\":\"https:\/\/bihortal.bio\/tienda\/unkategorisiert\/zerkleinerte-natuerliche-tomate\/\",\"name\":\"zerkleinerte nat\u00fcrliche tomate - Bihortal\",\"isPartOf\":{\"@id\":\"https:\/\/bihortal.bio\/en\/#website\"},\"primaryImageOfPage\":{\"@id\":\"https:\/\/bihortal.bio\/tienda\/unkategorisiert\/zerkleinerte-natuerliche-tomate\/#primaryimage\"},\"image\":{\"@id\":\"https:\/\/bihortal.bio\/tienda\/unkategorisiert\/zerkleinerte-natuerliche-tomate\/#primaryimage\"},\"thumbnailUrl\":\"https:\/\/bihortal.bio\/wp-content\/uploads\/2023\/11\/Tomate-triturado.jpg\",\"datePublished\":\"2023-11-09T10:44:46+00:00\",\"breadcrumb\":{\"@id\":\"https:\/\/bihortal.bio\/tienda\/unkategorisiert\/zerkleinerte-natuerliche-tomate\/#breadcrumb\"},\"inLanguage\":\"de\",\"potentialAction\":[{\"@type\":\"ReadAction\",\"target\":[\"https:\/\/bihortal.bio\/tienda\/unkategorisiert\/zerkleinerte-natuerliche-tomate\/\"]}]},{\"@type\":\"ImageObject\",\"inLanguage\":\"de\",\"@id\":\"https:\/\/bihortal.bio\/tienda\/unkategorisiert\/zerkleinerte-natuerliche-tomate\/#primaryimage\",\"url\":\"https:\/\/bihortal.bio\/wp-content\/uploads\/2023\/11\/Tomate-triturado.jpg\",\"contentUrl\":\"https:\/\/bihortal.bio\/wp-content\/uploads\/2023\/11\/Tomate-triturado.jpg\",\"width\":800,\"height\":1200},{\"@type\":\"BreadcrumbList\",\"@id\":\"https:\/\/bihortal.bio\/tienda\/unkategorisiert\/zerkleinerte-natuerliche-tomate\/#breadcrumb\",\"itemListElement\":[{\"@type\":\"ListItem\",\"position\":1,\"name\":\"Portada\",\"item\":\"https:\/\/bihortal.bio\/de\/\"},{\"@type\":\"ListItem\",\"position\":2,\"name\":\"Speichern\",\"item\":\"https:\/\/bihortal.bio\/de\/speichern\/\"},{\"@type\":\"ListItem\",\"position\":3,\"name\":\"zerkleinerte nat\u00fcrliche tomate\"}]},{\"@type\":\"WebSite\",\"@id\":\"https:\/\/bihortal.bio\/en\/#website\",\"url\":\"https:\/\/bihortal.bio\/en\/\",\"name\":\"Bihortal\",\"description\":\"Conservas ecol\u00f3gicas de calidad\",\"potentialAction\":[{\"@type\":\"SearchAction\",\"target\":{\"@type\":\"EntryPoint\",\"urlTemplate\":\"https:\/\/bihortal.bio\/en\/?s={search_term_string}\"},\"query-input\":{\"@type\":\"PropertyValueSpecification\",\"valueRequired\":true,\"valueName\":\"search_term_string\"}}],\"inLanguage\":\"de\"}]}<\/script>\n<!-- \/ Yoast SEO plugin. -->","yoast_head_json":{"title":"zerkleinerte nat\u00fcrliche tomate - Bihortal","robots":{"index":"index","follow":"follow","max-snippet":"max-snippet:-1","max-image-preview":"max-image-preview:large","max-video-preview":"max-video-preview:-1"},"canonical":"https:\/\/bihortal.bio\/tienda\/unkategorisiert\/zerkleinerte-natuerliche-tomate\/","og_locale":"de_DE","og_type":"article","og_title":"zerkleinerte nat\u00fcrliche tomate - Bihortal","og_description":"F\u00fcr unsere Dosentomaten werden 2,5 Kilo zerkleinerte Tomaten ben\u00f6tigt, um ein Glas zu f\u00fcllen. Bihortal ist eine sehr hochwertige Marke, die einen hohen Tomatenanteil und einen moderaten Wasserverbrauch verwendet, damit der Geschmack unserer Konfit\u00fcren auch den anspruchsvollsten Gaumen gerecht wird. Zutaten: Tomate (99,8 %), Zitronens\u00e4ure.","og_url":"https:\/\/bihortal.bio\/tienda\/unkategorisiert\/zerkleinerte-natuerliche-tomate\/","og_site_name":"Bihortal","twitter_card":"summary_large_image","schema":{"@context":"https:\/\/schema.org","@graph":[{"@type":"WebPage","@id":"https:\/\/bihortal.bio\/tienda\/unkategorisiert\/zerkleinerte-natuerliche-tomate\/","url":"https:\/\/bihortal.bio\/tienda\/unkategorisiert\/zerkleinerte-natuerliche-tomate\/","name":"zerkleinerte nat\u00fcrliche tomate - Bihortal","isPartOf":{"@id":"https:\/\/bihortal.bio\/en\/#website"},"primaryImageOfPage":{"@id":"https:\/\/bihortal.bio\/tienda\/unkategorisiert\/zerkleinerte-natuerliche-tomate\/#primaryimage"},"image":{"@id":"https:\/\/bihortal.bio\/tienda\/unkategorisiert\/zerkleinerte-natuerliche-tomate\/#primaryimage"},"thumbnailUrl":"https:\/\/bihortal.bio\/wp-content\/uploads\/2023\/11\/Tomate-triturado.jpg","datePublished":"2023-11-09T10:44:46+00:00","breadcrumb":{"@id":"https:\/\/bihortal.bio\/tienda\/unkategorisiert\/zerkleinerte-natuerliche-tomate\/#breadcrumb"},"inLanguage":"de","potentialAction":[{"@type":"ReadAction","target":["https:\/\/bihortal.bio\/tienda\/unkategorisiert\/zerkleinerte-natuerliche-tomate\/"]}]},{"@type":"ImageObject","inLanguage":"de","@id":"https:\/\/bihortal.bio\/tienda\/unkategorisiert\/zerkleinerte-natuerliche-tomate\/#primaryimage","url":"https:\/\/bihortal.bio\/wp-content\/uploads\/2023\/11\/Tomate-triturado.jpg","contentUrl":"https:\/\/bihortal.bio\/wp-content\/uploads\/2023\/11\/Tomate-triturado.jpg","width":800,"height":1200},{"@type":"BreadcrumbList","@id":"https:\/\/bihortal.bio\/tienda\/unkategorisiert\/zerkleinerte-natuerliche-tomate\/#breadcrumb","itemListElement":[{"@type":"ListItem","position":1,"name":"Portada","item":"https:\/\/bihortal.bio\/de\/"},{"@type":"ListItem","position":2,"name":"Speichern","item":"https:\/\/bihortal.bio\/de\/speichern\/"},{"@type":"ListItem","position":3,"name":"zerkleinerte nat\u00fcrliche tomate"}]},{"@type":"WebSite","@id":"https:\/\/bihortal.bio\/en\/#website","url":"https:\/\/bihortal.bio\/en\/","name":"Bihortal","description":"Conservas ecol\u00f3gicas de calidad","potentialAction":[{"@type":"SearchAction","target":{"@type":"EntryPoint","urlTemplate":"https:\/\/bihortal.bio\/en\/?s={search_term_string}"},"query-input":{"@type":"PropertyValueSpecification","valueRequired":true,"valueName":"search_term_string"}}],"inLanguage":"de"}]}},"_links":{"self":[{"href":"https:\/\/bihortal.bio\/de\/wp-json\/wp\/v2\/product\/4025","targetHints":{"allow":["GET"]}}],"collection":[{"href":"https:\/\/bihortal.bio\/de\/wp-json\/wp\/v2\/product"}],"about":[{"href":"https:\/\/bihortal.bio\/de\/wp-json\/wp\/v2\/types\/product"}],"replies":[{"embeddable":true,"href":"https:\/\/bihortal.bio\/de\/wp-json\/wp\/v2\/comments?post=4025"}],"wp:featuredmedia":[{"embeddable":true,"href":"https:\/\/bihortal.bio\/de\/wp-json\/wp\/v2\/media\/3742"}],"wp:attachment":[{"href":"https:\/\/bihortal.bio\/de\/wp-json\/wp\/v2\/media?parent=4025"}],"wp:term":[{"taxonomy":"product_brand","embeddable":true,"href":"https:\/\/bihortal.bio\/de\/wp-json\/wp\/v2\/product_brand?post=4025"},{"taxonomy":"product_cat","embeddable":true,"href":"https:\/\/bihortal.bio\/de\/wp-json\/wp\/v2\/product_cat?post=4025"},{"taxonomy":"product_tag","embeddable":true,"href":"https:\/\/bihortal.bio\/de\/wp-json\/wp\/v2\/product_tag?post=4025"}],"curies":[{"name":"wp","href":"https:\/\/api.w.org\/{rel}","templated":true}]}}