{"id":3977,"date":"2023-11-08T13:58:06","date_gmt":"2023-11-09T09:40:54","guid":{"rendered":"https:\/\/bihortal.bio\/tienda\/unkategorisiert\/waldfruchtmarmelade-mit-agave\/"},"modified":"2023-11-09T10:40:56","modified_gmt":"2023-11-09T09:40:56","slug":"waldfruchtmarmelade-mit-agave","status":"publish","type":"product","link":"https:\/\/bihortal.bio\/de\/tienda\/marmeladen-de\/waldfruchtmarmelade-mit-agave\/","title":{"rendered":"Waldfruchtmarmelade mit Agave"},"content":{"rendered":"<p>Es ist eine k\u00f6stliche und sehr gesunde Marmelade, die Blaubeeren, Himbeeren, Erdbeeren, Brombeeren und Agavensirup enth\u00e4lt. Agavensirup hat einen niedrigeren glyk\u00e4mischen Index als normaler Zucker und verursacht daher keinen so drastischen Anstieg des Glukosespiegels. Der hohe Fruchtanteil macht diese Konfit\u00fcre zu einem Produkt mit einem hohen Anteil an Vitaminen und Mineralstoffen.<\/p>\n<h3>Zutaten:<\/h3>\n<p>Blaubeeren, Himbeeren, Erdbeeren, Brombeeren, Agavensirup, Apfelpektin, Zitronensaft.<\/p>\n","protected":false},"excerpt":{"rendered":"<p>Es ist eine k\u00f6stliche und sehr gesunde Marmelade, die Blaubeeren, Himbeeren, Erdbeeren, Brombeeren und Agavensirup enth\u00e4lt. Agavensirup hat einen niedrigeren glyk\u00e4mischen Index als normaler Zucker und verursacht daher keinen so drastischen Anstieg des Glukosespiegels. Der hohe Fruchtanteil macht diese Konfit\u00fcre zu einem Produkt mit einem&#8230;<\/p>\n","protected":false},"featured_media":3800,"comment_status":"open","ping_status":"closed","template":"","meta":[],"product_brand":[],"product_cat":[245],"product_tag":[],"class_list":{"0":"post-3977","1":"product","2":"type-product","3":"status-publish","4":"has-post-thumbnail","6":"product_cat-marmeladen-de","8":"first","9":"instock","10":"taxable","11":"shipping-taxable","12":"purchasable","13":"product-type-simple"},"yoast_head":"<!-- This site is optimized with the Yoast SEO plugin v26.5 - https:\/\/yoast.com\/wordpress\/plugins\/seo\/ -->\n<title>Waldfruchtmarmelade mit Agave - Bihortal<\/title>\n<meta name=\"robots\" content=\"index, follow, max-snippet:-1, max-image-preview:large, max-video-preview:-1\" \/>\n<link rel=\"canonical\" href=\"https:\/\/bihortal.bio\/de\/tienda\/marmeladen-de\/waldfruchtmarmelade-mit-agave\/\" \/>\n<meta property=\"og:locale\" content=\"de_DE\" \/>\n<meta property=\"og:type\" content=\"article\" \/>\n<meta property=\"og:title\" content=\"Waldfruchtmarmelade mit Agave - Bihortal\" \/>\n<meta property=\"og:description\" content=\"Es ist eine k\u00f6stliche und sehr gesunde Marmelade, die Blaubeeren, Himbeeren, Erdbeeren, Brombeeren und Agavensirup enth\u00e4lt. Agavensirup hat einen niedrigeren glyk\u00e4mischen Index als normaler Zucker und verursacht daher keinen so drastischen Anstieg des Glukosespiegels. Der hohe Fruchtanteil macht diese Konfit\u00fcre zu einem Produkt mit einem...\" \/>\n<meta property=\"og:url\" content=\"https:\/\/bihortal.bio\/de\/tienda\/marmeladen-de\/waldfruchtmarmelade-mit-agave\/\" \/>\n<meta property=\"og:site_name\" content=\"Bihortal\" \/>\n<meta property=\"article:modified_time\" content=\"2023-11-09T09:40:56+00:00\" \/>\n<meta property=\"og:image\" content=\"https:\/\/bihortal.bio\/wp-content\/uploads\/2023\/11\/Mermelada-frutos-bosque-683x1024-1.jpg\" \/>\n\t<meta property=\"og:image:width\" content=\"683\" \/>\n\t<meta property=\"og:image:height\" content=\"1024\" \/>\n\t<meta property=\"og:image:type\" content=\"image\/jpeg\" \/>\n<meta name=\"twitter:card\" content=\"summary_large_image\" \/>\n<script type=\"application\/ld+json\" class=\"yoast-schema-graph\">{\"@context\":\"https:\/\/schema.org\",\"@graph\":[{\"@type\":\"WebPage\",\"@id\":\"https:\/\/bihortal.bio\/de\/tienda\/marmeladen-de\/waldfruchtmarmelade-mit-agave\/\",\"url\":\"https:\/\/bihortal.bio\/de\/tienda\/marmeladen-de\/waldfruchtmarmelade-mit-agave\/\",\"name\":\"Waldfruchtmarmelade mit Agave - Bihortal\",\"isPartOf\":{\"@id\":\"https:\/\/bihortal.bio\/en\/#website\"},\"primaryImageOfPage\":{\"@id\":\"https:\/\/bihortal.bio\/de\/tienda\/marmeladen-de\/waldfruchtmarmelade-mit-agave\/#primaryimage\"},\"image\":{\"@id\":\"https:\/\/bihortal.bio\/de\/tienda\/marmeladen-de\/waldfruchtmarmelade-mit-agave\/#primaryimage\"},\"thumbnailUrl\":\"https:\/\/bihortal.bio\/wp-content\/uploads\/2023\/11\/Mermelada-frutos-bosque-683x1024-1.jpg\",\"datePublished\":\"2023-11-09T09:40:54+00:00\",\"dateModified\":\"2023-11-09T09:40:56+00:00\",\"breadcrumb\":{\"@id\":\"https:\/\/bihortal.bio\/de\/tienda\/marmeladen-de\/waldfruchtmarmelade-mit-agave\/#breadcrumb\"},\"inLanguage\":\"de\",\"potentialAction\":[{\"@type\":\"ReadAction\",\"target\":[\"https:\/\/bihortal.bio\/de\/tienda\/marmeladen-de\/waldfruchtmarmelade-mit-agave\/\"]}]},{\"@type\":\"ImageObject\",\"inLanguage\":\"de\",\"@id\":\"https:\/\/bihortal.bio\/de\/tienda\/marmeladen-de\/waldfruchtmarmelade-mit-agave\/#primaryimage\",\"url\":\"https:\/\/bihortal.bio\/wp-content\/uploads\/2023\/11\/Mermelada-frutos-bosque-683x1024-1.jpg\",\"contentUrl\":\"https:\/\/bihortal.bio\/wp-content\/uploads\/2023\/11\/Mermelada-frutos-bosque-683x1024-1.jpg\",\"width\":683,\"height\":1024},{\"@type\":\"BreadcrumbList\",\"@id\":\"https:\/\/bihortal.bio\/de\/tienda\/marmeladen-de\/waldfruchtmarmelade-mit-agave\/#breadcrumb\",\"itemListElement\":[{\"@type\":\"ListItem\",\"position\":1,\"name\":\"Portada\",\"item\":\"https:\/\/bihortal.bio\/de\/\"},{\"@type\":\"ListItem\",\"position\":2,\"name\":\"Speichern\",\"item\":\"https:\/\/bihortal.bio\/de\/speichern\/\"},{\"@type\":\"ListItem\",\"position\":3,\"name\":\"Waldfruchtmarmelade mit Agave\"}]},{\"@type\":\"WebSite\",\"@id\":\"https:\/\/bihortal.bio\/en\/#website\",\"url\":\"https:\/\/bihortal.bio\/en\/\",\"name\":\"Bihortal\",\"description\":\"Conservas ecol\u00f3gicas de calidad\",\"potentialAction\":[{\"@type\":\"SearchAction\",\"target\":{\"@type\":\"EntryPoint\",\"urlTemplate\":\"https:\/\/bihortal.bio\/en\/?s={search_term_string}\"},\"query-input\":{\"@type\":\"PropertyValueSpecification\",\"valueRequired\":true,\"valueName\":\"search_term_string\"}}],\"inLanguage\":\"de\"}]}<\/script>\n<!-- \/ Yoast SEO plugin. -->","yoast_head_json":{"title":"Waldfruchtmarmelade mit Agave - Bihortal","robots":{"index":"index","follow":"follow","max-snippet":"max-snippet:-1","max-image-preview":"max-image-preview:large","max-video-preview":"max-video-preview:-1"},"canonical":"https:\/\/bihortal.bio\/de\/tienda\/marmeladen-de\/waldfruchtmarmelade-mit-agave\/","og_locale":"de_DE","og_type":"article","og_title":"Waldfruchtmarmelade mit Agave - Bihortal","og_description":"Es ist eine k\u00f6stliche und sehr gesunde Marmelade, die Blaubeeren, Himbeeren, Erdbeeren, Brombeeren und Agavensirup enth\u00e4lt. Agavensirup hat einen niedrigeren glyk\u00e4mischen Index als normaler Zucker und verursacht daher keinen so drastischen Anstieg des Glukosespiegels. Der hohe Fruchtanteil macht diese Konfit\u00fcre zu einem Produkt mit einem...","og_url":"https:\/\/bihortal.bio\/de\/tienda\/marmeladen-de\/waldfruchtmarmelade-mit-agave\/","og_site_name":"Bihortal","article_modified_time":"2023-11-09T09:40:56+00:00","og_image":[{"width":683,"height":1024,"url":"https:\/\/bihortal.bio\/wp-content\/uploads\/2023\/11\/Mermelada-frutos-bosque-683x1024-1.jpg","type":"image\/jpeg"}],"twitter_card":"summary_large_image","schema":{"@context":"https:\/\/schema.org","@graph":[{"@type":"WebPage","@id":"https:\/\/bihortal.bio\/de\/tienda\/marmeladen-de\/waldfruchtmarmelade-mit-agave\/","url":"https:\/\/bihortal.bio\/de\/tienda\/marmeladen-de\/waldfruchtmarmelade-mit-agave\/","name":"Waldfruchtmarmelade mit Agave - Bihortal","isPartOf":{"@id":"https:\/\/bihortal.bio\/en\/#website"},"primaryImageOfPage":{"@id":"https:\/\/bihortal.bio\/de\/tienda\/marmeladen-de\/waldfruchtmarmelade-mit-agave\/#primaryimage"},"image":{"@id":"https:\/\/bihortal.bio\/de\/tienda\/marmeladen-de\/waldfruchtmarmelade-mit-agave\/#primaryimage"},"thumbnailUrl":"https:\/\/bihortal.bio\/wp-content\/uploads\/2023\/11\/Mermelada-frutos-bosque-683x1024-1.jpg","datePublished":"2023-11-09T09:40:54+00:00","dateModified":"2023-11-09T09:40:56+00:00","breadcrumb":{"@id":"https:\/\/bihortal.bio\/de\/tienda\/marmeladen-de\/waldfruchtmarmelade-mit-agave\/#breadcrumb"},"inLanguage":"de","potentialAction":[{"@type":"ReadAction","target":["https:\/\/bihortal.bio\/de\/tienda\/marmeladen-de\/waldfruchtmarmelade-mit-agave\/"]}]},{"@type":"ImageObject","inLanguage":"de","@id":"https:\/\/bihortal.bio\/de\/tienda\/marmeladen-de\/waldfruchtmarmelade-mit-agave\/#primaryimage","url":"https:\/\/bihortal.bio\/wp-content\/uploads\/2023\/11\/Mermelada-frutos-bosque-683x1024-1.jpg","contentUrl":"https:\/\/bihortal.bio\/wp-content\/uploads\/2023\/11\/Mermelada-frutos-bosque-683x1024-1.jpg","width":683,"height":1024},{"@type":"BreadcrumbList","@id":"https:\/\/bihortal.bio\/de\/tienda\/marmeladen-de\/waldfruchtmarmelade-mit-agave\/#breadcrumb","itemListElement":[{"@type":"ListItem","position":1,"name":"Portada","item":"https:\/\/bihortal.bio\/de\/"},{"@type":"ListItem","position":2,"name":"Speichern","item":"https:\/\/bihortal.bio\/de\/speichern\/"},{"@type":"ListItem","position":3,"name":"Waldfruchtmarmelade mit Agave"}]},{"@type":"WebSite","@id":"https:\/\/bihortal.bio\/en\/#website","url":"https:\/\/bihortal.bio\/en\/","name":"Bihortal","description":"Conservas ecol\u00f3gicas de calidad","potentialAction":[{"@type":"SearchAction","target":{"@type":"EntryPoint","urlTemplate":"https:\/\/bihortal.bio\/en\/?s={search_term_string}"},"query-input":{"@type":"PropertyValueSpecification","valueRequired":true,"valueName":"search_term_string"}}],"inLanguage":"de"}]}},"_links":{"self":[{"href":"https:\/\/bihortal.bio\/de\/wp-json\/wp\/v2\/product\/3977","targetHints":{"allow":["GET"]}}],"collection":[{"href":"https:\/\/bihortal.bio\/de\/wp-json\/wp\/v2\/product"}],"about":[{"href":"https:\/\/bihortal.bio\/de\/wp-json\/wp\/v2\/types\/product"}],"replies":[{"embeddable":true,"href":"https:\/\/bihortal.bio\/de\/wp-json\/wp\/v2\/comments?post=3977"}],"wp:featuredmedia":[{"embeddable":true,"href":"https:\/\/bihortal.bio\/de\/wp-json\/wp\/v2\/media\/3800"}],"wp:attachment":[{"href":"https:\/\/bihortal.bio\/de\/wp-json\/wp\/v2\/media?parent=3977"}],"wp:term":[{"taxonomy":"product_brand","embeddable":true,"href":"https:\/\/bihortal.bio\/de\/wp-json\/wp\/v2\/product_brand?post=3977"},{"taxonomy":"product_cat","embeddable":true,"href":"https:\/\/bihortal.bio\/de\/wp-json\/wp\/v2\/product_cat?post=3977"},{"taxonomy":"product_tag","embeddable":true,"href":"https:\/\/bihortal.bio\/de\/wp-json\/wp\/v2\/product_tag?post=3977"}],"curies":[{"name":"wp","href":"https:\/\/api.w.org\/{rel}","templated":true}]}}