{"id":3963,"date":"2023-11-08T13:58:06","date_gmt":"2023-11-09T09:25:40","guid":{"rendered":"https:\/\/bihortal.bio\/tienda\/unkategorisiert\/orangenmarmelade-mit-agave\/"},"modified":"2023-11-09T10:25:40","modified_gmt":"2023-11-09T09:25:40","slug":"orangenmarmelade-mit-agave","status":"publish","type":"product","link":"https:\/\/bihortal.bio\/de\/tienda\/marmeladen-de\/orangenmarmelade-mit-agave\/","title":{"rendered":"Orangenmarmelade mit Agave"},"content":{"rendered":"<p>Mit 69 % Orangen- und 22 % Agavensirup ist unsere Marmelade k\u00f6stlich und sehr gesund. Agavensirup hat einen niedrigeren glyk\u00e4mischen Index als normaler Zucker und verursacht daher keinen so drastischen Anstieg des Glukosespiegels. Orange ist aufgrund der gro\u00dfen Menge an Vitamin C ein starkes Antioxidans, weshalb es die Heilung f\u00f6rdert und das Immunsystem des K\u00f6rpers st\u00e4rkt. <\/p>\n<h3>Zutaten:<\/h3>\n<p>Orange (69 %), Agavendicksaft (22 %), Apfelpektin, Zitronens\u00e4ure.<\/p>\n","protected":false},"excerpt":{"rendered":"<p>Mit 69 % Orangen- und 22 % Agavensirup ist unsere Marmelade k\u00f6stlich und sehr gesund. Agavensirup hat einen niedrigeren glyk\u00e4mischen Index als normaler Zucker und verursacht daher keinen so drastischen Anstieg des Glukosespiegels. Orange ist aufgrund der gro\u00dfen Menge an Vitamin C ein starkes Antioxidans,&#8230;<\/p>\n","protected":false},"featured_media":3812,"comment_status":"open","ping_status":"closed","template":"","meta":[],"product_brand":[],"product_cat":[245],"product_tag":[],"class_list":{"0":"post-3963","1":"product","2":"type-product","3":"status-publish","4":"has-post-thumbnail","6":"product_cat-marmeladen-de","8":"first","9":"instock","10":"taxable","11":"shipping-taxable","12":"purchasable","13":"product-type-simple"},"yoast_head":"<!-- This site is optimized with the Yoast SEO plugin v26.5 - https:\/\/yoast.com\/wordpress\/plugins\/seo\/ -->\n<title>Orangenmarmelade mit Agave - Bihortal<\/title>\n<meta name=\"robots\" content=\"index, follow, max-snippet:-1, max-image-preview:large, max-video-preview:-1\" \/>\n<link rel=\"canonical\" href=\"https:\/\/bihortal.bio\/tienda\/unkategorisiert\/orangenmarmelade-mit-agave\/\" \/>\n<meta property=\"og:locale\" content=\"de_DE\" \/>\n<meta property=\"og:type\" content=\"article\" \/>\n<meta property=\"og:title\" content=\"Orangenmarmelade mit Agave - Bihortal\" \/>\n<meta property=\"og:description\" content=\"Mit 69 % Orangen- und 22 % Agavensirup ist unsere Marmelade k\u00f6stlich und sehr gesund. Agavensirup hat einen niedrigeren glyk\u00e4mischen Index als normaler Zucker und verursacht daher keinen so drastischen Anstieg des Glukosespiegels. Orange ist aufgrund der gro\u00dfen Menge an Vitamin C ein starkes Antioxidans,...\" \/>\n<meta property=\"og:url\" content=\"https:\/\/bihortal.bio\/tienda\/unkategorisiert\/orangenmarmelade-mit-agave\/\" \/>\n<meta property=\"og:site_name\" content=\"Bihortal\" \/>\n<meta name=\"twitter:card\" content=\"summary_large_image\" \/>\n<script type=\"application\/ld+json\" class=\"yoast-schema-graph\">{\"@context\":\"https:\/\/schema.org\",\"@graph\":[{\"@type\":\"WebPage\",\"@id\":\"https:\/\/bihortal.bio\/tienda\/unkategorisiert\/orangenmarmelade-mit-agave\/\",\"url\":\"https:\/\/bihortal.bio\/tienda\/unkategorisiert\/orangenmarmelade-mit-agave\/\",\"name\":\"Orangenmarmelade mit Agave - Bihortal\",\"isPartOf\":{\"@id\":\"https:\/\/bihortal.bio\/en\/#website\"},\"primaryImageOfPage\":{\"@id\":\"https:\/\/bihortal.bio\/tienda\/unkategorisiert\/orangenmarmelade-mit-agave\/#primaryimage\"},\"image\":{\"@id\":\"https:\/\/bihortal.bio\/tienda\/unkategorisiert\/orangenmarmelade-mit-agave\/#primaryimage\"},\"thumbnailUrl\":\"https:\/\/bihortal.bio\/wp-content\/uploads\/2023\/11\/Mermelada-naranja.jpg\",\"datePublished\":\"2023-11-09T09:25:40+00:00\",\"breadcrumb\":{\"@id\":\"https:\/\/bihortal.bio\/tienda\/unkategorisiert\/orangenmarmelade-mit-agave\/#breadcrumb\"},\"inLanguage\":\"de\",\"potentialAction\":[{\"@type\":\"ReadAction\",\"target\":[\"https:\/\/bihortal.bio\/tienda\/unkategorisiert\/orangenmarmelade-mit-agave\/\"]}]},{\"@type\":\"ImageObject\",\"inLanguage\":\"de\",\"@id\":\"https:\/\/bihortal.bio\/tienda\/unkategorisiert\/orangenmarmelade-mit-agave\/#primaryimage\",\"url\":\"https:\/\/bihortal.bio\/wp-content\/uploads\/2023\/11\/Mermelada-naranja.jpg\",\"contentUrl\":\"https:\/\/bihortal.bio\/wp-content\/uploads\/2023\/11\/Mermelada-naranja.jpg\",\"width\":800,\"height\":1200},{\"@type\":\"BreadcrumbList\",\"@id\":\"https:\/\/bihortal.bio\/tienda\/unkategorisiert\/orangenmarmelade-mit-agave\/#breadcrumb\",\"itemListElement\":[{\"@type\":\"ListItem\",\"position\":1,\"name\":\"Portada\",\"item\":\"https:\/\/bihortal.bio\/de\/\"},{\"@type\":\"ListItem\",\"position\":2,\"name\":\"Speichern\",\"item\":\"https:\/\/bihortal.bio\/de\/speichern\/\"},{\"@type\":\"ListItem\",\"position\":3,\"name\":\"Orangenmarmelade mit Agave\"}]},{\"@type\":\"WebSite\",\"@id\":\"https:\/\/bihortal.bio\/en\/#website\",\"url\":\"https:\/\/bihortal.bio\/en\/\",\"name\":\"Bihortal\",\"description\":\"Conservas ecol\u00f3gicas de calidad\",\"potentialAction\":[{\"@type\":\"SearchAction\",\"target\":{\"@type\":\"EntryPoint\",\"urlTemplate\":\"https:\/\/bihortal.bio\/en\/?s={search_term_string}\"},\"query-input\":{\"@type\":\"PropertyValueSpecification\",\"valueRequired\":true,\"valueName\":\"search_term_string\"}}],\"inLanguage\":\"de\"}]}<\/script>\n<!-- \/ Yoast SEO plugin. -->","yoast_head_json":{"title":"Orangenmarmelade mit Agave - Bihortal","robots":{"index":"index","follow":"follow","max-snippet":"max-snippet:-1","max-image-preview":"max-image-preview:large","max-video-preview":"max-video-preview:-1"},"canonical":"https:\/\/bihortal.bio\/tienda\/unkategorisiert\/orangenmarmelade-mit-agave\/","og_locale":"de_DE","og_type":"article","og_title":"Orangenmarmelade mit Agave - Bihortal","og_description":"Mit 69 % Orangen- und 22 % Agavensirup ist unsere Marmelade k\u00f6stlich und sehr gesund. Agavensirup hat einen niedrigeren glyk\u00e4mischen Index als normaler Zucker und verursacht daher keinen so drastischen Anstieg des Glukosespiegels. Orange ist aufgrund der gro\u00dfen Menge an Vitamin C ein starkes Antioxidans,...","og_url":"https:\/\/bihortal.bio\/tienda\/unkategorisiert\/orangenmarmelade-mit-agave\/","og_site_name":"Bihortal","twitter_card":"summary_large_image","schema":{"@context":"https:\/\/schema.org","@graph":[{"@type":"WebPage","@id":"https:\/\/bihortal.bio\/tienda\/unkategorisiert\/orangenmarmelade-mit-agave\/","url":"https:\/\/bihortal.bio\/tienda\/unkategorisiert\/orangenmarmelade-mit-agave\/","name":"Orangenmarmelade mit Agave - Bihortal","isPartOf":{"@id":"https:\/\/bihortal.bio\/en\/#website"},"primaryImageOfPage":{"@id":"https:\/\/bihortal.bio\/tienda\/unkategorisiert\/orangenmarmelade-mit-agave\/#primaryimage"},"image":{"@id":"https:\/\/bihortal.bio\/tienda\/unkategorisiert\/orangenmarmelade-mit-agave\/#primaryimage"},"thumbnailUrl":"https:\/\/bihortal.bio\/wp-content\/uploads\/2023\/11\/Mermelada-naranja.jpg","datePublished":"2023-11-09T09:25:40+00:00","breadcrumb":{"@id":"https:\/\/bihortal.bio\/tienda\/unkategorisiert\/orangenmarmelade-mit-agave\/#breadcrumb"},"inLanguage":"de","potentialAction":[{"@type":"ReadAction","target":["https:\/\/bihortal.bio\/tienda\/unkategorisiert\/orangenmarmelade-mit-agave\/"]}]},{"@type":"ImageObject","inLanguage":"de","@id":"https:\/\/bihortal.bio\/tienda\/unkategorisiert\/orangenmarmelade-mit-agave\/#primaryimage","url":"https:\/\/bihortal.bio\/wp-content\/uploads\/2023\/11\/Mermelada-naranja.jpg","contentUrl":"https:\/\/bihortal.bio\/wp-content\/uploads\/2023\/11\/Mermelada-naranja.jpg","width":800,"height":1200},{"@type":"BreadcrumbList","@id":"https:\/\/bihortal.bio\/tienda\/unkategorisiert\/orangenmarmelade-mit-agave\/#breadcrumb","itemListElement":[{"@type":"ListItem","position":1,"name":"Portada","item":"https:\/\/bihortal.bio\/de\/"},{"@type":"ListItem","position":2,"name":"Speichern","item":"https:\/\/bihortal.bio\/de\/speichern\/"},{"@type":"ListItem","position":3,"name":"Orangenmarmelade mit Agave"}]},{"@type":"WebSite","@id":"https:\/\/bihortal.bio\/en\/#website","url":"https:\/\/bihortal.bio\/en\/","name":"Bihortal","description":"Conservas ecol\u00f3gicas de calidad","potentialAction":[{"@type":"SearchAction","target":{"@type":"EntryPoint","urlTemplate":"https:\/\/bihortal.bio\/en\/?s={search_term_string}"},"query-input":{"@type":"PropertyValueSpecification","valueRequired":true,"valueName":"search_term_string"}}],"inLanguage":"de"}]}},"_links":{"self":[{"href":"https:\/\/bihortal.bio\/de\/wp-json\/wp\/v2\/product\/3963","targetHints":{"allow":["GET"]}}],"collection":[{"href":"https:\/\/bihortal.bio\/de\/wp-json\/wp\/v2\/product"}],"about":[{"href":"https:\/\/bihortal.bio\/de\/wp-json\/wp\/v2\/types\/product"}],"replies":[{"embeddable":true,"href":"https:\/\/bihortal.bio\/de\/wp-json\/wp\/v2\/comments?post=3963"}],"wp:featuredmedia":[{"embeddable":true,"href":"https:\/\/bihortal.bio\/de\/wp-json\/wp\/v2\/media\/3812"}],"wp:attachment":[{"href":"https:\/\/bihortal.bio\/de\/wp-json\/wp\/v2\/media?parent=3963"}],"wp:term":[{"taxonomy":"product_brand","embeddable":true,"href":"https:\/\/bihortal.bio\/de\/wp-json\/wp\/v2\/product_brand?post=3963"},{"taxonomy":"product_cat","embeddable":true,"href":"https:\/\/bihortal.bio\/de\/wp-json\/wp\/v2\/product_cat?post=3963"},{"taxonomy":"product_tag","embeddable":true,"href":"https:\/\/bihortal.bio\/de\/wp-json\/wp\/v2\/product_tag?post=3963"}],"curies":[{"name":"wp","href":"https:\/\/api.w.org\/{rel}","templated":true}]}}