{"id":3911,"date":"2023-11-08T13:58:34","date_gmt":"2023-11-09T08:27:12","guid":{"rendered":"https:\/\/bihortal.bio\/tienda\/unkategorisiert\/minz-pennyroyal-mit-agavensirup\/"},"modified":"2023-11-09T09:27:12","modified_gmt":"2023-11-09T08:27:12","slug":"pennyroyal-minze-mit-agavensirup","status":"publish","type":"product","link":"https:\/\/bihortal.bio\/de\/tienda\/aufgusse\/pennyroyal-minze-mit-agavensirup\/","title":{"rendered":"Minz-Pennyroyal mit Agavensirup"},"content":{"rendered":"<p>Pennyroyal hat mehrere Eigenschaften, wie z. B. die F\u00f6rderung der Verdauung und die Linderung von Darmbeschwerden, die Anregung des Appetits, die Erleichterung der Exsudation bei Fieber, es ist ein Antiseptikum, Antimykotikum und Parasitizid, es hilft bei der Bek\u00e4mpfung von Erk\u00e4ltungssymptomen und leichten Atemwegserkrankungen und schlie\u00dflich ist es ein nat\u00fcrliches Entspannungsmittel. Agavensirup hat einen niedrigeren glyk\u00e4mischen Index als normaler Zucker und verursacht daher keinen so drastischen Anstieg des Glukosespiegels.<\/p>\n<h3>Zutaten:<\/h3>\n<p>Poleo-Minze, Agavensirup, Wasser.<\/p>\n","protected":false},"excerpt":{"rendered":"<p>Pennyroyal hat mehrere Eigenschaften, wie z. B. die F\u00f6rderung der Verdauung und die Linderung von Darmbeschwerden, die Anregung des Appetits, die Erleichterung der Exsudation bei Fieber, es ist ein Antiseptikum, Antimykotikum und Parasitizid, es hilft bei der Bek\u00e4mpfung von Erk\u00e4ltungssymptomen und leichten Atemwegserkrankungen und schlie\u00dflich&#8230;<\/p>\n","protected":false},"featured_media":3872,"comment_status":"open","ping_status":"closed","template":"","meta":[],"product_brand":[],"product_cat":[224],"product_tag":[],"class_list":{"0":"post-3911","1":"product","2":"type-product","3":"status-publish","4":"has-post-thumbnail","6":"product_cat-aufgusse","8":"first","9":"instock","10":"taxable","11":"shipping-taxable","12":"product-type-simple"},"yoast_head":"<!-- This site is optimized with the Yoast SEO plugin v26.5 - https:\/\/yoast.com\/wordpress\/plugins\/seo\/ -->\n<title>Minz-Pennyroyal mit Agavensirup - Bihortal<\/title>\n<meta name=\"robots\" content=\"index, follow, max-snippet:-1, max-image-preview:large, max-video-preview:-1\" \/>\n<link rel=\"canonical\" href=\"https:\/\/bihortal.bio\/tienda\/unkategorisiert\/minz-pennyroyal-mit-agavensirup\/\" \/>\n<meta property=\"og:locale\" content=\"de_DE\" \/>\n<meta property=\"og:type\" content=\"article\" \/>\n<meta property=\"og:title\" content=\"Minz-Pennyroyal mit Agavensirup - Bihortal\" \/>\n<meta property=\"og:description\" content=\"Pennyroyal hat mehrere Eigenschaften, wie z. B. die F\u00f6rderung der Verdauung und die Linderung von Darmbeschwerden, die Anregung des Appetits, die Erleichterung der Exsudation bei Fieber, es ist ein Antiseptikum, Antimykotikum und Parasitizid, es hilft bei der Bek\u00e4mpfung von Erk\u00e4ltungssymptomen und leichten Atemwegserkrankungen und schlie\u00dflich...\" \/>\n<meta property=\"og:url\" content=\"https:\/\/bihortal.bio\/tienda\/unkategorisiert\/minz-pennyroyal-mit-agavensirup\/\" \/>\n<meta property=\"og:site_name\" content=\"Bihortal\" \/>\n<meta name=\"twitter:card\" content=\"summary_large_image\" \/>\n<script type=\"application\/ld+json\" class=\"yoast-schema-graph\">{\"@context\":\"https:\/\/schema.org\",\"@graph\":[{\"@type\":\"WebPage\",\"@id\":\"https:\/\/bihortal.bio\/tienda\/unkategorisiert\/minz-pennyroyal-mit-agavensirup\/\",\"url\":\"https:\/\/bihortal.bio\/tienda\/unkategorisiert\/minz-pennyroyal-mit-agavensirup\/\",\"name\":\"Minz-Pennyroyal mit Agavensirup - Bihortal\",\"isPartOf\":{\"@id\":\"https:\/\/bihortal.bio\/en\/#website\"},\"primaryImageOfPage\":{\"@id\":\"https:\/\/bihortal.bio\/tienda\/unkategorisiert\/minz-pennyroyal-mit-agavensirup\/#primaryimage\"},\"image\":{\"@id\":\"https:\/\/bihortal.bio\/tienda\/unkategorisiert\/minz-pennyroyal-mit-agavensirup\/#primaryimage\"},\"thumbnailUrl\":\"https:\/\/bihortal.bio\/wp-content\/uploads\/2023\/11\/Poleo-menta-C3A1gave.jpg\",\"datePublished\":\"2023-11-09T08:27:12+00:00\",\"breadcrumb\":{\"@id\":\"https:\/\/bihortal.bio\/tienda\/unkategorisiert\/minz-pennyroyal-mit-agavensirup\/#breadcrumb\"},\"inLanguage\":\"de\",\"potentialAction\":[{\"@type\":\"ReadAction\",\"target\":[\"https:\/\/bihortal.bio\/tienda\/unkategorisiert\/minz-pennyroyal-mit-agavensirup\/\"]}]},{\"@type\":\"ImageObject\",\"inLanguage\":\"de\",\"@id\":\"https:\/\/bihortal.bio\/tienda\/unkategorisiert\/minz-pennyroyal-mit-agavensirup\/#primaryimage\",\"url\":\"https:\/\/bihortal.bio\/wp-content\/uploads\/2023\/11\/Poleo-menta-C3A1gave.jpg\",\"contentUrl\":\"https:\/\/bihortal.bio\/wp-content\/uploads\/2023\/11\/Poleo-menta-C3A1gave.jpg\",\"width\":800,\"height\":1200},{\"@type\":\"BreadcrumbList\",\"@id\":\"https:\/\/bihortal.bio\/tienda\/unkategorisiert\/minz-pennyroyal-mit-agavensirup\/#breadcrumb\",\"itemListElement\":[{\"@type\":\"ListItem\",\"position\":1,\"name\":\"Portada\",\"item\":\"https:\/\/bihortal.bio\/de\/\"},{\"@type\":\"ListItem\",\"position\":2,\"name\":\"Speichern\",\"item\":\"https:\/\/bihortal.bio\/de\/speichern\/\"},{\"@type\":\"ListItem\",\"position\":3,\"name\":\"Minz-Pennyroyal mit Agavensirup\"}]},{\"@type\":\"WebSite\",\"@id\":\"https:\/\/bihortal.bio\/en\/#website\",\"url\":\"https:\/\/bihortal.bio\/en\/\",\"name\":\"Bihortal\",\"description\":\"Conservas ecol\u00f3gicas de calidad\",\"potentialAction\":[{\"@type\":\"SearchAction\",\"target\":{\"@type\":\"EntryPoint\",\"urlTemplate\":\"https:\/\/bihortal.bio\/en\/?s={search_term_string}\"},\"query-input\":{\"@type\":\"PropertyValueSpecification\",\"valueRequired\":true,\"valueName\":\"search_term_string\"}}],\"inLanguage\":\"de\"}]}<\/script>\n<!-- \/ Yoast SEO plugin. -->","yoast_head_json":{"title":"Minz-Pennyroyal mit Agavensirup - Bihortal","robots":{"index":"index","follow":"follow","max-snippet":"max-snippet:-1","max-image-preview":"max-image-preview:large","max-video-preview":"max-video-preview:-1"},"canonical":"https:\/\/bihortal.bio\/tienda\/unkategorisiert\/minz-pennyroyal-mit-agavensirup\/","og_locale":"de_DE","og_type":"article","og_title":"Minz-Pennyroyal mit Agavensirup - Bihortal","og_description":"Pennyroyal hat mehrere Eigenschaften, wie z. B. die F\u00f6rderung der Verdauung und die Linderung von Darmbeschwerden, die Anregung des Appetits, die Erleichterung der Exsudation bei Fieber, es ist ein Antiseptikum, Antimykotikum und Parasitizid, es hilft bei der Bek\u00e4mpfung von Erk\u00e4ltungssymptomen und leichten Atemwegserkrankungen und schlie\u00dflich...","og_url":"https:\/\/bihortal.bio\/tienda\/unkategorisiert\/minz-pennyroyal-mit-agavensirup\/","og_site_name":"Bihortal","twitter_card":"summary_large_image","schema":{"@context":"https:\/\/schema.org","@graph":[{"@type":"WebPage","@id":"https:\/\/bihortal.bio\/tienda\/unkategorisiert\/minz-pennyroyal-mit-agavensirup\/","url":"https:\/\/bihortal.bio\/tienda\/unkategorisiert\/minz-pennyroyal-mit-agavensirup\/","name":"Minz-Pennyroyal mit Agavensirup - Bihortal","isPartOf":{"@id":"https:\/\/bihortal.bio\/en\/#website"},"primaryImageOfPage":{"@id":"https:\/\/bihortal.bio\/tienda\/unkategorisiert\/minz-pennyroyal-mit-agavensirup\/#primaryimage"},"image":{"@id":"https:\/\/bihortal.bio\/tienda\/unkategorisiert\/minz-pennyroyal-mit-agavensirup\/#primaryimage"},"thumbnailUrl":"https:\/\/bihortal.bio\/wp-content\/uploads\/2023\/11\/Poleo-menta-C3A1gave.jpg","datePublished":"2023-11-09T08:27:12+00:00","breadcrumb":{"@id":"https:\/\/bihortal.bio\/tienda\/unkategorisiert\/minz-pennyroyal-mit-agavensirup\/#breadcrumb"},"inLanguage":"de","potentialAction":[{"@type":"ReadAction","target":["https:\/\/bihortal.bio\/tienda\/unkategorisiert\/minz-pennyroyal-mit-agavensirup\/"]}]},{"@type":"ImageObject","inLanguage":"de","@id":"https:\/\/bihortal.bio\/tienda\/unkategorisiert\/minz-pennyroyal-mit-agavensirup\/#primaryimage","url":"https:\/\/bihortal.bio\/wp-content\/uploads\/2023\/11\/Poleo-menta-C3A1gave.jpg","contentUrl":"https:\/\/bihortal.bio\/wp-content\/uploads\/2023\/11\/Poleo-menta-C3A1gave.jpg","width":800,"height":1200},{"@type":"BreadcrumbList","@id":"https:\/\/bihortal.bio\/tienda\/unkategorisiert\/minz-pennyroyal-mit-agavensirup\/#breadcrumb","itemListElement":[{"@type":"ListItem","position":1,"name":"Portada","item":"https:\/\/bihortal.bio\/de\/"},{"@type":"ListItem","position":2,"name":"Speichern","item":"https:\/\/bihortal.bio\/de\/speichern\/"},{"@type":"ListItem","position":3,"name":"Minz-Pennyroyal mit Agavensirup"}]},{"@type":"WebSite","@id":"https:\/\/bihortal.bio\/en\/#website","url":"https:\/\/bihortal.bio\/en\/","name":"Bihortal","description":"Conservas ecol\u00f3gicas de calidad","potentialAction":[{"@type":"SearchAction","target":{"@type":"EntryPoint","urlTemplate":"https:\/\/bihortal.bio\/en\/?s={search_term_string}"},"query-input":{"@type":"PropertyValueSpecification","valueRequired":true,"valueName":"search_term_string"}}],"inLanguage":"de"}]}},"_links":{"self":[{"href":"https:\/\/bihortal.bio\/de\/wp-json\/wp\/v2\/product\/3911","targetHints":{"allow":["GET"]}}],"collection":[{"href":"https:\/\/bihortal.bio\/de\/wp-json\/wp\/v2\/product"}],"about":[{"href":"https:\/\/bihortal.bio\/de\/wp-json\/wp\/v2\/types\/product"}],"replies":[{"embeddable":true,"href":"https:\/\/bihortal.bio\/de\/wp-json\/wp\/v2\/comments?post=3911"}],"wp:featuredmedia":[{"embeddable":true,"href":"https:\/\/bihortal.bio\/de\/wp-json\/wp\/v2\/media\/3872"}],"wp:attachment":[{"href":"https:\/\/bihortal.bio\/de\/wp-json\/wp\/v2\/media?parent=3911"}],"wp:term":[{"taxonomy":"product_brand","embeddable":true,"href":"https:\/\/bihortal.bio\/de\/wp-json\/wp\/v2\/product_brand?post=3911"},{"taxonomy":"product_cat","embeddable":true,"href":"https:\/\/bihortal.bio\/de\/wp-json\/wp\/v2\/product_cat?post=3911"},{"taxonomy":"product_tag","embeddable":true,"href":"https:\/\/bihortal.bio\/de\/wp-json\/wp\/v2\/product_tag?post=3911"}],"curies":[{"name":"wp","href":"https:\/\/api.w.org\/{rel}","templated":true}]}}