{"id":748,"date":"2019-07-02T19:02:39","date_gmt":"2019-07-02T17:02:39","guid":{"rendered":"https:\/\/www.bihortal.bio\/?page_id=748"},"modified":"2023-11-02T12:53:39","modified_gmt":"2023-11-02T11:53:39","slug":"zuhause","status":"publish","type":"page","link":"https:\/\/bihortal.bio\/de\/","title":{"rendered":"Zuhause"},"content":{"rendered":"<p>[vc_row css_animation=&#8220;&#8220; row_type=&#8220;row&#8220; use_row_as_full_screen_section=&#8220;no&#8220; type=&#8220;full_width&#8220; angled_section=&#8220;no&#8220; text_align=&#8220;left&#8220; background_image_as_pattern=&#8220;without_pattern&#8220;][vc_column][vc_empty_space height=&#8220;40px&#8220;][\/vc_column][\/vc_row][vc_row css_animation=&#8220;element_from_top&#8220; row_type=&#8220;row&#8220; use_row_as_full_screen_section=&#8220;no&#8220; type=&#8220;grid&#8220; angled_section=&#8220;no&#8220; text_align=&#8220;center&#8220; background_image_as_pattern=&#8220;without_pattern&#8220; z_index=&#8220;&#8220;][vc_column][animated_icons_with_text columns=&#8220;three_columns&#8220;][animated_icon_with_text title_tag=&#8220;h2&#8243; icon=&#8220;fa-leaf&#8220; title=&#8220;Mission&#8220; text=&#8220;\u00c4ndern Sie die Konsummodi mit ges\u00fcnderen und ges\u00fcnderen Produkten. Bieten Sie dem Markt eine breite Palette von Bio-Konfit\u00fcren mit den besten Rohstoffen auf dem Markt.&#8220; size=&#8220;50&#8243; icon_color=&#8220;#b7774e&#8220; border_color=&#8220;#b7774e&#8220; icon_background_color_hover=&#8220;#b8c82d&#8220; border_color_hover=&#8220;#b8c82d&#8220;][animated_icon_with_text title_tag=&#8220;h2&#8243; icon=&#8220;fa-tags&#8220; title=&#8220;Werte&#8220; text=&#8220;Qualit\u00e4t, Professionalit\u00e4t, Innovation.&#8220; size=&#8220;45&#8243; icon_color=&#8220;#b7774e&#8220; border_color=&#8220;#b7774e&#8220; icon_background_color_hover=&#8220;#b8c82d&#8220; border_color_hover=&#8220;#b8c82d&#8220;][animated_icon_with_text title_tag=&#8220;h2&#8243; icon=&#8220;fa-eye&#8220; title=&#8220;Vision&#8220; text=&#8220;Seien Sie eine nationale und internationale Referenz in BIO-Dosen.&#8220; size=&#8220;50&#8243; icon_color=&#8220;#b7774e&#8220; border_color=&#8220;#b7774e&#8220; icon_background_color_hover=&#8220;#b8c82d&#8220; border_color_hover=&#8220;#b8c82d&#8220;][\/animated_icons_with_text][\/vc_column][\/vc_row][vc_row css_animation=&#8220;element_from_fade&#8220; row_type=&#8220;row&#8220; use_row_as_full_screen_section=&#8220;no&#8220; type=&#8220;grid&#8220; angled_section=&#8220;no&#8220; text_align=&#8220;center&#8220; background_image_as_pattern=&#8220;without_pattern&#8220; z_index=&#8220;&#8220; padding_top=&#8220;30&#8243; padding_bottom=&#8220;15&#8243;][vc_column][vc_text_separator title=&#8220;PRODUKTFAMILIEN&#8220; border=&#8220;no&#8220; background_color=&#8220;#ffffff&#8220; title_color=&#8220;#b8c82d&#8220;][\/vc_column][\/vc_row][vc_row css_animation=&#8220;element_from_fade&#8220; row_type=&#8220;row&#8220; use_row_as_full_screen_section=&#8220;no&#8220; type=&#8220;grid&#8220; angled_section=&#8220;no&#8220; text_align=&#8220;center&#8220; background_image_as_pattern=&#8220;without_pattern&#8220; z_index=&#8220;&#8220;][vc_column][vc_column_text]<div class=\"woocommerce columns-4\"><ul class=\"products\"><li class=\"product-category product first\">\n\t<a aria-label=\"Produktkategorie Aufg\u00fcsse besuchen\" href=\"https:\/\/bihortal.bio\/de\/produkte\/aufgusse\/\"><img decoding=\"async\" src=\"https:\/\/bihortal.bio\/wp-content\/uploads\/2019\/06\/infusiones-300x225.jpg\" alt=\"Aufg\u00fcsse\" width=\"300\" height=\"\" srcset=\"https:\/\/bihortal.bio\/wp-content\/uploads\/2019\/06\/infusiones-300x225.jpg 300w, https:\/\/bihortal.bio\/wp-content\/uploads\/2019\/06\/infusiones-600x450.jpg 600w, https:\/\/bihortal.bio\/wp-content\/uploads\/2019\/06\/infusiones-768x576.jpg 768w, https:\/\/bihortal.bio\/wp-content\/uploads\/2019\/06\/infusiones-700x525.jpg 700w, https:\/\/bihortal.bio\/wp-content\/uploads\/2019\/06\/infusiones.jpg 800w\" sizes=\"(max-width: 300px) 100vw, 300px\" \/>\t\t<h2 class=\"woocommerce-loop-category__title\">\n\t\t\tAufg\u00fcsse <mark class=\"count\">(6)<\/mark>\t\t<\/h2>\n\t\t<\/a><\/li>\n<li class=\"product-category product\">\n\t<a aria-label=\"Produktkategorie Dosen Gem\u00fcse besuchen\" href=\"https:\/\/bihortal.bio\/de\/produkte\/dosen-gemuse\/\"><img decoding=\"async\" src=\"https:\/\/bihortal.bio\/wp-content\/uploads\/2023\/11\/conservas-vegetales-600x450-1-300x225.jpg\" alt=\"Dosen Gem\u00fcse\" width=\"300\" height=\"\" srcset=\"https:\/\/bihortal.bio\/wp-content\/uploads\/2023\/11\/conservas-vegetales-600x450-1-300x225.jpg 300w, https:\/\/bihortal.bio\/wp-content\/uploads\/2023\/11\/conservas-vegetales-600x450-1.jpg 600w\" sizes=\"(max-width: 300px) 100vw, 300px\" \/>\t\t<h2 class=\"woocommerce-loop-category__title\">\n\t\t\tDosen Gem\u00fcse <mark class=\"count\">(9)<\/mark>\t\t<\/h2>\n\t\t<\/a><\/li>\n<li class=\"product-category product\">\n\t<a aria-label=\"Produktkategorie Essiggurken besuchen\" href=\"https:\/\/bihortal.bio\/de\/produkte\/essiggurken\/\"><img decoding=\"async\" src=\"https:\/\/bihortal.bio\/wp-content\/uploads\/2023\/11\/encurtidos-600x450-1-300x225.jpg\" alt=\"Essiggurken\" width=\"300\" height=\"\" srcset=\"https:\/\/bihortal.bio\/wp-content\/uploads\/2023\/11\/encurtidos-600x450-1-300x225.jpg 300w, https:\/\/bihortal.bio\/wp-content\/uploads\/2023\/11\/encurtidos-600x450-1.jpg 600w\" sizes=\"(max-width: 300px) 100vw, 300px\" \/>\t\t<h2 class=\"woocommerce-loop-category__title\">\n\t\t\tEssiggurken <mark class=\"count\">(2)<\/mark>\t\t<\/h2>\n\t\t<\/a><\/li>\n<li class=\"product-category product last\">\n\t<a aria-label=\"Produktkategorie Fertiggerichte besuchen\" href=\"https:\/\/bihortal.bio\/de\/produkte\/fertiggerichte-de\/\"><img decoding=\"async\" src=\"https:\/\/bihortal.bio\/wp-content\/uploads\/2023\/11\/platos-preparados-600x450-1-300x225.jpg\" alt=\"Fertiggerichte\" width=\"300\" height=\"\" srcset=\"https:\/\/bihortal.bio\/wp-content\/uploads\/2023\/11\/platos-preparados-600x450-1-300x225.jpg 300w, https:\/\/bihortal.bio\/wp-content\/uploads\/2023\/11\/platos-preparados-600x450-1.jpg 600w\" sizes=\"(max-width: 300px) 100vw, 300px\" \/>\t\t<h2 class=\"woocommerce-loop-category__title\">\n\t\t\tFertiggerichte <mark class=\"count\">(7)<\/mark>\t\t<\/h2>\n\t\t<\/a><\/li>\n<li class=\"product-category product first\">\n\t<a aria-label=\"Produktkategorie Fruchtsaft besuchen\" href=\"https:\/\/bihortal.bio\/de\/produkte\/fruchtsaft\/\"><img decoding=\"async\" src=\"https:\/\/bihortal.bio\/wp-content\/uploads\/2023\/11\/zumos-de-fruta-600x450-1-300x225.jpg\" alt=\"Fruchtsaft\" width=\"300\" height=\"\" srcset=\"https:\/\/bihortal.bio\/wp-content\/uploads\/2023\/11\/zumos-de-fruta-600x450-1-300x225.jpg 300w, https:\/\/bihortal.bio\/wp-content\/uploads\/2023\/11\/zumos-de-fruta-600x450-1.jpg 600w\" sizes=\"(max-width: 300px) 100vw, 300px\" \/>\t\t<h2 class=\"woocommerce-loop-category__title\">\n\t\t\tFruchtsaft <mark class=\"count\">(8)<\/mark>\t\t<\/h2>\n\t\t<\/a><\/li>\n<li class=\"product-category product\">\n\t<a aria-label=\"Produktkategorie Marmeladen besuchen\" href=\"https:\/\/bihortal.bio\/de\/produkte\/marmeladen-de\/\"><img decoding=\"async\" src=\"https:\/\/bihortal.bio\/wp-content\/uploads\/2023\/11\/mermeladas-600x450-1-300x225.jpg\" alt=\"Marmeladen\" width=\"300\" height=\"\" srcset=\"https:\/\/bihortal.bio\/wp-content\/uploads\/2023\/11\/mermeladas-600x450-1-300x225.jpg 300w, https:\/\/bihortal.bio\/wp-content\/uploads\/2023\/11\/mermeladas-600x450-1.jpg 600w\" sizes=\"(max-width: 300px) 100vw, 300px\" \/>\t\t<h2 class=\"woocommerce-loop-category__title\">\n\t\t\tMarmeladen <mark class=\"count\">(9)<\/mark>\t\t<\/h2>\n\t\t<\/a><\/li>\n<li class=\"product-category product\">\n\t<a aria-label=\"Produktkategorie Pasteten besuchen\" href=\"https:\/\/bihortal.bio\/de\/produkte\/pasteten-de\/\"><img decoding=\"async\" src=\"https:\/\/bihortal.bio\/wp-content\/uploads\/2023\/11\/pates-600x450-1-300x225.jpg\" alt=\"Pasteten\" width=\"300\" height=\"\" srcset=\"https:\/\/bihortal.bio\/wp-content\/uploads\/2023\/11\/pates-600x450-1-300x225.jpg 300w, https:\/\/bihortal.bio\/wp-content\/uploads\/2023\/11\/pates-600x450-1.jpg 600w\" sizes=\"(max-width: 300px) 100vw, 300px\" \/>\t\t<h2 class=\"woocommerce-loop-category__title\">\n\t\t\tPasteten <mark class=\"count\">(3)<\/mark>\t\t<\/h2>\n\t\t<\/a><\/li>\n<li class=\"product-category product last\">\n\t<a aria-label=\"Produktkategorie Tomatensaucen besuchen\" href=\"https:\/\/bihortal.bio\/de\/produkte\/tomatensaucen-de\/\"><img decoding=\"async\" src=\"https:\/\/bihortal.bio\/wp-content\/uploads\/2023\/11\/salsas-de-tomate-600x450-1-300x225.jpg\" alt=\"Tomatensaucen\" width=\"300\" height=\"\" srcset=\"https:\/\/bihortal.bio\/wp-content\/uploads\/2023\/11\/salsas-de-tomate-600x450-1-300x225.jpg 300w, https:\/\/bihortal.bio\/wp-content\/uploads\/2023\/11\/salsas-de-tomate-600x450-1.jpg 600w\" sizes=\"(max-width: 300px) 100vw, 300px\" \/>\t\t<h2 class=\"woocommerce-loop-category__title\">\n\t\t\tTomatensaucen <mark class=\"count\">(6)<\/mark>\t\t<\/h2>\n\t\t<\/a><\/li>\n<\/ul>\n<\/div>[\/vc_column_text][vc_separator type=&#8220;normal&#8220; up=&#8220;15&#8243; down=&#8220;15&#8243;][\/vc_column][\/vc_row][vc_row css_animation=&#8220;&#8220; row_type=&#8220;row&#8220; use_row_as_full_screen_section=&#8220;no&#8220; type=&#8220;full_width&#8220; angled_section=&#8220;no&#8220; text_align=&#8220;left&#8220; background_image_as_pattern=&#8220;without_pattern&#8220;][vc_column][vc_empty_space height=&#8220;50px&#8220;][\/vc_column][\/vc_row][vc_row css_animation=&#8220;element_from_bottom&#8220; row_type=&#8220;row&#8220; use_row_as_full_screen_section=&#8220;no&#8220; type=&#8220;full_width&#8220; angled_section=&#8220;no&#8220; text_align=&#8220;left&#8220; background_image_as_pattern=&#8220;without_pattern&#8220; z_index=&#8220;&#8220;][vc_column][vc_single_image image=&#8220;161&#8243; img_size=&#8220;full&#8220; alignment=&#8220;center&#8220; qode_css_animation=&#8220;&#8220;][\/vc_column][\/vc_row]<\/p>\n","protected":false},"excerpt":{"rendered":"<p>[vc_row css_animation=&#8220;&#8220; row_type=&#8220;row&#8220; use_row_as_full_screen_section=&#8220;no&#8220; type=&#8220;full_width&#8220; angled_section=&#8220;no&#8220; text_align=&#8220;left&#8220; background_image_as_pattern=&#8220;without_pattern&#8220;][vc_column][vc_empty_space height=&#8220;40px&#8220;][\/vc_column][\/vc_row][vc_row css_animation=&#8220;element_from_top&#8220; row_type=&#8220;row&#8220; use_row_as_full_screen_section=&#8220;no&#8220; type=&#8220;grid&#8220; angled_section=&#8220;no&#8220; text_align=&#8220;center&#8220; background_image_as_pattern=&#8220;without_pattern&#8220; z_index=&#8220;&#8220;][vc_column][animated_icons_with_text columns=&#8220;three_columns&#8220;][animated_icon_with_text title_tag=&#8220;h2&#8243; icon=&#8220;fa-leaf&#8220; title=&#8220;Mission&#8220; text=&#8220;\u00c4ndern Sie die Konsummodi mit ges\u00fcnderen und ges\u00fcnderen Produkten. Bieten Sie dem Markt eine breite Palette von Bio-Konfit\u00fcren mit den besten Rohstoffen auf dem&#8230;<\/p>\n","protected":false},"author":2,"featured_media":0,"parent":0,"menu_order":0,"comment_status":"closed","ping_status":"closed","template":"full_width.php","meta":{"footnotes":""},"class_list":["post-748","page","type-page","status-publish","hentry"],"yoast_head":"<!-- This site is optimized with the Yoast SEO plugin v26.5 - https:\/\/yoast.com\/wordpress\/plugins\/seo\/ -->\n<title>Bihortal.bio | Productos Org\u00e1nicos de Calidad y Sabor Natural<\/title>\n<meta name=\"description\" content=\"Descubre Bihortal.bio, tu destino para productos org\u00e1nicos de primera calidad. Sabores naturales, salud y sostenibilidad\" \/>\n<meta name=\"robots\" content=\"index, follow, max-snippet:-1, max-image-preview:large, max-video-preview:-1\" \/>\n<link rel=\"canonical\" href=\"https:\/\/bihortal.bio\/de\/\" \/>\n<meta property=\"og:locale\" content=\"de_DE\" \/>\n<meta property=\"og:type\" content=\"article\" \/>\n<meta property=\"og:title\" content=\"Bihortal.bio | Productos Org\u00e1nicos de Calidad y Sabor Natural\" \/>\n<meta property=\"og:description\" content=\"Descubre Bihortal.bio, tu destino para productos org\u00e1nicos de primera calidad. Sabores naturales, salud y sostenibilidad\" \/>\n<meta property=\"og:url\" content=\"https:\/\/bihortal.bio\/de\/\" \/>\n<meta property=\"og:site_name\" content=\"Bihortal\" \/>\n<meta property=\"article:modified_time\" content=\"2023-11-02T11:53:39+00:00\" \/>\n<meta name=\"twitter:card\" content=\"summary_large_image\" \/>\n<meta name=\"twitter:label1\" content=\"Gesch\u00e4tzte Lesezeit\" \/>\n\t<meta name=\"twitter:data1\" content=\"1\u00a0Minute\" \/>\n<script type=\"application\/ld+json\" class=\"yoast-schema-graph\">{\"@context\":\"https:\/\/schema.org\",\"@graph\":[{\"@type\":\"WebPage\",\"@id\":\"https:\/\/bihortal.bio\/de\/\",\"url\":\"https:\/\/bihortal.bio\/de\/\",\"name\":\"Bihortal.bio | Productos Org\u00e1nicos de Calidad y Sabor Natural\",\"isPartOf\":{\"@id\":\"https:\/\/bihortal.bio\/en\/#website\"},\"datePublished\":\"2019-07-02T17:02:39+00:00\",\"dateModified\":\"2023-11-02T11:53:39+00:00\",\"description\":\"Descubre Bihortal.bio, tu destino para productos org\u00e1nicos de primera calidad. Sabores naturales, salud y sostenibilidad\",\"breadcrumb\":{\"@id\":\"https:\/\/bihortal.bio\/de\/#breadcrumb\"},\"inLanguage\":\"de\",\"potentialAction\":[{\"@type\":\"ReadAction\",\"target\":[\"https:\/\/bihortal.bio\/de\/\"]}]},{\"@type\":\"BreadcrumbList\",\"@id\":\"https:\/\/bihortal.bio\/de\/#breadcrumb\",\"itemListElement\":[{\"@type\":\"ListItem\",\"position\":1,\"name\":\"Portada\",\"item\":\"https:\/\/bihortal.bio\/de\/\"},{\"@type\":\"ListItem\",\"position\":2,\"name\":\"Zuhause\"}]},{\"@type\":\"WebSite\",\"@id\":\"https:\/\/bihortal.bio\/en\/#website\",\"url\":\"https:\/\/bihortal.bio\/en\/\",\"name\":\"Bihortal\",\"description\":\"Conservas ecol\u00f3gicas de calidad\",\"potentialAction\":[{\"@type\":\"SearchAction\",\"target\":{\"@type\":\"EntryPoint\",\"urlTemplate\":\"https:\/\/bihortal.bio\/en\/?s={search_term_string}\"},\"query-input\":{\"@type\":\"PropertyValueSpecification\",\"valueRequired\":true,\"valueName\":\"search_term_string\"}}],\"inLanguage\":\"de\"}]}<\/script>\n<!-- \/ Yoast SEO plugin. -->","yoast_head_json":{"title":"Bihortal.bio | Productos Org\u00e1nicos de Calidad y Sabor Natural","description":"Descubre Bihortal.bio, tu destino para productos org\u00e1nicos de primera calidad. Sabores naturales, salud y sostenibilidad","robots":{"index":"index","follow":"follow","max-snippet":"max-snippet:-1","max-image-preview":"max-image-preview:large","max-video-preview":"max-video-preview:-1"},"canonical":"https:\/\/bihortal.bio\/de\/","og_locale":"de_DE","og_type":"article","og_title":"Bihortal.bio | Productos Org\u00e1nicos de Calidad y Sabor Natural","og_description":"Descubre Bihortal.bio, tu destino para productos org\u00e1nicos de primera calidad. Sabores naturales, salud y sostenibilidad","og_url":"https:\/\/bihortal.bio\/de\/","og_site_name":"Bihortal","article_modified_time":"2023-11-02T11:53:39+00:00","twitter_card":"summary_large_image","twitter_misc":{"Gesch\u00e4tzte Lesezeit":"1\u00a0Minute"},"schema":{"@context":"https:\/\/schema.org","@graph":[{"@type":"WebPage","@id":"https:\/\/bihortal.bio\/de\/","url":"https:\/\/bihortal.bio\/de\/","name":"Bihortal.bio | Productos Org\u00e1nicos de Calidad y Sabor Natural","isPartOf":{"@id":"https:\/\/bihortal.bio\/en\/#website"},"datePublished":"2019-07-02T17:02:39+00:00","dateModified":"2023-11-02T11:53:39+00:00","description":"Descubre Bihortal.bio, tu destino para productos org\u00e1nicos de primera calidad. Sabores naturales, salud y sostenibilidad","breadcrumb":{"@id":"https:\/\/bihortal.bio\/de\/#breadcrumb"},"inLanguage":"de","potentialAction":[{"@type":"ReadAction","target":["https:\/\/bihortal.bio\/de\/"]}]},{"@type":"BreadcrumbList","@id":"https:\/\/bihortal.bio\/de\/#breadcrumb","itemListElement":[{"@type":"ListItem","position":1,"name":"Portada","item":"https:\/\/bihortal.bio\/de\/"},{"@type":"ListItem","position":2,"name":"Zuhause"}]},{"@type":"WebSite","@id":"https:\/\/bihortal.bio\/en\/#website","url":"https:\/\/bihortal.bio\/en\/","name":"Bihortal","description":"Conservas ecol\u00f3gicas de calidad","potentialAction":[{"@type":"SearchAction","target":{"@type":"EntryPoint","urlTemplate":"https:\/\/bihortal.bio\/en\/?s={search_term_string}"},"query-input":{"@type":"PropertyValueSpecification","valueRequired":true,"valueName":"search_term_string"}}],"inLanguage":"de"}]}},"_links":{"self":[{"href":"https:\/\/bihortal.bio\/de\/wp-json\/wp\/v2\/pages\/748","targetHints":{"allow":["GET"]}}],"collection":[{"href":"https:\/\/bihortal.bio\/de\/wp-json\/wp\/v2\/pages"}],"about":[{"href":"https:\/\/bihortal.bio\/de\/wp-json\/wp\/v2\/types\/page"}],"author":[{"embeddable":true,"href":"https:\/\/bihortal.bio\/de\/wp-json\/wp\/v2\/users\/2"}],"replies":[{"embeddable":true,"href":"https:\/\/bihortal.bio\/de\/wp-json\/wp\/v2\/comments?post=748"}],"version-history":[{"count":6,"href":"https:\/\/bihortal.bio\/de\/wp-json\/wp\/v2\/pages\/748\/revisions"}],"predecessor-version":[{"id":2822,"href":"https:\/\/bihortal.bio\/de\/wp-json\/wp\/v2\/pages\/748\/revisions\/2822"}],"wp:attachment":[{"href":"https:\/\/bihortal.bio\/de\/wp-json\/wp\/v2\/media?parent=748"}],"curies":[{"name":"wp","href":"https:\/\/api.w.org\/{rel}","templated":true}]}}